{"id":3659,"date":"2019-03-01T15:35:02","date_gmt":"2019-03-01T13:35:02","guid":{"rendered":"https:\/\/jonglez.timeforcoffee.gr\/product\/paris-meconnu\/"},"modified":"2024-09-05T12:50:06","modified_gmt":"2024-09-05T09:50:06","slug":"paris-meconnu","status":"publish","type":"product","link":"https:\/\/jonglezpublishing.com\/fr\/produit\/paris-meconnu\/","title":{"rendered":"PARIS M\u00c9CONNU"},"content":{"rendered":"<p class=\"p1\">D\u00e9couvrir le bois Visconti, un jardin secret en plein c\u0153ur de Saint-Germain-des-Pr\u00e9s, trouver la sculpture de la d\u00e9esse Isis sur la fa\u00e7ade du mus\u00e9e du Louvre, d\u00e9chiffrer les symboles alchimiques sur Notre-Dame de Paris, trouver les emplacements des anciennes maisons closes de Saint-Sulpice, conna\u00eetre enfin la v\u00e9rit\u00e9 sur l\u2019immense supercherie du prieur\u00e9 de Sion, scruter les tortues-lyres de l\u2019Op\u00e9ra-Comique, gravir le majestueux escalier d\u2019honneur de l\u2019\u00e9cole de m\u00e9decine, d\u00e9crypter des symboles ma\u00e7onniques dans des lieux insoup\u00e7onn\u00e9s, visiter une sublime biblioth\u00e8que cach\u00e9e, chercher l\u2019\u00e9nigmatique octa\u00e8dre \u00e9toil\u00e9 sur la tombe d\u2019Andr\u00e9 Breton, admirer des c\u00e9ramiques oubli\u00e9es&#8230;<\/p>\n<p class=\"p1\">Pour ceux qui pensaient bien conna\u00eetre Paris, la capitale continue de regorger de lieux insolites et secrets qu\u2019il est tout \u00e0 fait possible de visiter.<\/p>\n<p><span class=\"Apple-converted-space\">\u00a0<\/span><\/p>\n<p style=\"text-align: center;\">\u00ab\u00a0Un guide\u00a0? Non, une bible\u00a0\u00bb (<i>Le Figaro)<\/i><\/p>\n<p style=\"text-align: center;\">\u00ab\u00a0La bible des Parisiens\u00a0\u00bb (<i>MylittleParis<\/i>)<\/p>\n<p style=\"text-align: center;\">\u00ab\u00a0Les lieux les plus insolites de la capitale livrent leurs secrets dans le guide Paris m\u00e9connu\u00a0\u00bb<span class=\"Apple-converted-space\">\u00a0\u00a0<\/span>(<i>Le Point)<span class=\"Apple-converted-space\">\u00a0<\/span><\/i><\/p>\n<p>&nbsp;<\/p>\n<p><b>AUTEUR <\/b>: Thomas Jonglez<br \/>\n<b>PAGES <\/b>: 560<br \/>\n<b>FORMAT <\/b>: 10.5 x 19 cm<br \/>\n<b>ISBN <\/b>: 978-2-36195-788-9<br \/>\n<b>PRIX <\/b>: 19,95 \u20acprix valable en France<br \/>\n<b>CONTACT <\/b>: <a href=\"mailto:infos@editionsjonglez.com\">infos@editionsjonglez.com<\/a><\/p>\n<p>&nbsp;<\/p>\n<div class=\"buttons_cont\">\n<div class=\"button_cont\" align=\"center\"><a class=\"gv_product_btn\" href=\"https:\/\/jonglezpublishing.com\/wp-content\/uploads\/2019\/03\/Couv-Paris_RVB-scaled.jpg\" target=\"_blank\" rel=\"noopener\">T\u00e9l\u00e9charger la couverture<\/a><\/div>\n<div class=\"button_cont\" align=\"center\"><a class=\"gv_product_btn\" href=\"https:\/\/jonglezpublishing.com\/wp-content\/uploads\/2024\/09\/Extrait-PDF-Paris-meconnu.pdf\" target=\"_blank\" rel=\"noopener\">Consulter le PDF<\/a><\/div>\n<div class=\"button_cont\" align=\"center\"><a class=\"gv_product_btn\" href=\"https:\/\/www.amazon.fr\/Paris-m%C3%A9connu-Thomas-Jonglez\/dp\/2361955199\/ref=sr_1_1?__mk_fr_FR=%C3%85M%C3%85%C5%BD%C3%95%C3%91&amp;crid=2UXVB51OV0ATN&amp;dib=eyJ2IjoiMSJ9.OSpf9dumoPZMqNfpj-GQJ23TqYSNn1SzCuOljIq9V8RIF7CWcLbYTtq-HOr-Q-8ROKV-ZEPq1VoOOgwe_IawbglYoHFwIJOVovx5lTcl5sVu-r2_d6LgP9FFNHZnWWbR3Wg34o5MUmslFFlS-9evISK2rSR4bRgAS7nvBcXtTOKv345HLTnouJoMEDPo-uHoJjN4Lk9L9r_NbWHa2VoCzg.s9mee7897amwE9YKehofcMtnslYQVdAgDyisdZOv2CY&amp;dib_tag=se&amp;keywords=PARIS+M%C3%89CONNU&amp;qid=1725529766&amp;sprefix=paris+m%C3%A9connu%2Caps%2C595&amp;sr=8-1\" target=\"_blank\" rel=\"noopener\">Acheter en ligne<\/a><\/div>\n<\/div>\n","protected":false},"excerpt":{"rendered":"<p>D\u00e9couvrir le bois Visconti, un jardin secret en plein c\u0153ur de Saint-Germain-des-Pr\u00e9s, trouver la sculpture de la d\u00e9esse Isis sur<\/p>\n","protected":false},"featured_media":13050,"template":"","meta":[],"product_brand":[],"product_cat":[165,292,522,420,287,288],"product_tag":[345,167,168,344,170,172,173],"class_list":{"0":"post-3659","1":"product","2":"type-product","3":"status-publish","4":"has-post-thumbnail","6":"product_cat-english-fr","7":"product_cat-french-fr","8":"product_cat-german-fr","9":"product_cat-guides-insolites","10":"product_cat-italian-fr","11":"product_cat-spanish-fr","12":"product_tag-editions-jonglez-fr-21","13":"product_tag-jonglez-fr","14":"product_tag-jonglez-publishing-fr","15":"product_tag-paris-fr","16":"product_tag-secret-guides-fr","17":"product_tag-secret-travel-guides-fr","18":"product_tag-travel-guides-fr","20":"first","21":"instock","22":"shipping-taxable","23":"product-type-simple"},"aioseo_notices":[],"_links":{"self":[{"href":"https:\/\/jonglezpublishing.com\/fr\/wp-json\/wp\/v2\/product\/3659","targetHints":{"allow":["GET"]}}],"collection":[{"href":"https:\/\/jonglezpublishing.com\/fr\/wp-json\/wp\/v2\/product"}],"about":[{"href":"https:\/\/jonglezpublishing.com\/fr\/wp-json\/wp\/v2\/types\/product"}],"wp:featuredmedia":[{"embeddable":true,"href":"https:\/\/jonglezpublishing.com\/fr\/wp-json\/wp\/v2\/media\/13050"}],"wp:attachment":[{"href":"https:\/\/jonglezpublishing.com\/fr\/wp-json\/wp\/v2\/media?parent=3659"}],"wp:term":[{"taxonomy":"product_brand","embeddable":true,"href":"https:\/\/jonglezpublishing.com\/fr\/wp-json\/wp\/v2\/product_brand?post=3659"},{"taxonomy":"product_cat","embeddable":true,"href":"https:\/\/jonglezpublishing.com\/fr\/wp-json\/wp\/v2\/product_cat?post=3659"},{"taxonomy":"product_tag","embeddable":true,"href":"https:\/\/jonglezpublishing.com\/fr\/wp-json\/wp\/v2\/product_tag?post=3659"}],"curies":[{"name":"wp","href":"https:\/\/api.w.org\/{rel}","templated":true}]}}