{"id":3797,"date":"2019-03-04T16:15:55","date_gmt":"2019-03-04T16:15:55","guid":{"rendered":"https:\/\/jonglez.timeforcoffee.gr\/product\/prague-insolite-et-secrete\/"},"modified":"2024-12-05T16:11:05","modified_gmt":"2024-12-05T14:11:05","slug":"prague-insolite-et-secrete","status":"publish","type":"product","link":"https:\/\/jonglezpublishing.com\/fr\/produit\/prague-insolite-et-secrete\/","title":{"rendered":"PRAGUE INSOLITE ET SECR\u00c8TE"},"content":{"rendered":"<p>Un chef-d\u2019\u0153uvre Art nouveau compl\u00e8tement ignor\u00e9, un lampadaire cubiste oubli\u00e9, les secrets des alchimistes du ch\u00e2teau, le message du palindrome cach\u00e9 du pont Charles, les myst\u00e8res de la kabbale juive du ghetto, la main dess\u00e9ch\u00e9e d\u2019un voleur dans une \u00e9glise, une statue dont les intestins sont ouverts, l\u2019emplacement du Quasimodo de Prague, le plus grand tunnel a\u00e9rodynamique de R\u00e9publique tch\u00e8que, un morceau de la grande pyramide d\u2019\u00c9gypte dans un cimeti\u00e8re pour chiens, une horloge qui tourne \u00e0 l\u2019envers, une maison-mus\u00e9e peinte en bleu pour les besoins de son propri\u00e9taire musicien quasi aveugle\u2026<\/p>\n<p>Loin des foules et des clich\u00e9s habituels, Prague garde encore des tr\u00e9sors bien cach\u00e9s qu\u2019elle ne r\u00e9v\u00e8le qu\u2019aux habitants et aux voyageurs qui savent sortir des sentiers battus.<\/p>\n<p>Un guide indispensable pour ceux qui pensaient bien conna\u00eetre Prague ou pour ceux qui souhaitent d\u00e9couvrir l\u2019autre visage de la ville.<\/p>\n<p>&nbsp;<\/p>\n<p><em>Historien, philosophe, artiste et sp\u00e9cialiste mondialement reconnu de la capitale o\u00f9 il vit depuis toujours, <strong>Martin Stejskal<\/strong> nous ouvre les portes de l\u2019une des villes les plus secr\u00e8tes et fascinantes au monde.<\/em><\/p>\n<p>&nbsp;<\/p>\n<p><b>AUTEUR <\/b>: Martin Stejskal<br \/>\n<b>PAGES <\/b>: 256<br \/>\n<b>FORMAT <\/b>: 10.5 x 19 cm<br \/>\n<b>ISBN <\/b>: 978-2-36195-820-6<br \/>\n<b>PRIX <\/b>: 18,95 \u20ac<br \/>\n<b>CONTACT <\/b>: <a href=\"mailto:infos@editionsjonglez.com\">infos@editionsjonglez.com<\/a><\/p>\n<div class=\"buttons_cont\">\n<div class=\"button_cont\" align=\"center\"><a class=\"gv_product_btn\" href=\"https:\/\/jonglezpublishing.com\/wp-content\/uploads\/2019\/03\/NEW_Couv_Prague_FR-scaled.jpg\" target=\"_blank\" rel=\"noopener\">T\u00e9l\u00e9charger la couverture<\/a><\/div>\n<div class=\"button_cont\" align=\"center\"><a class=\"gv_product_btn\" href=\"https:\/\/jonglezpublishing.com\/wp-content\/uploads\/2024\/12\/PREVIEW-Prague_FR.pdf\" target=\"_blank\" rel=\"noopener\">Consulter le PDF<\/a><\/div>\n<div class=\"button_cont\" align=\"center\"><a class=\"gv_product_btn\" href=\"https:\/\/www.amazon.fr\/-\/en\/dp\/236195401X\/ref=sr_1_1?dib=eyJ2IjoiMSJ9.ayR0pKf-lf8TOrHCq9kuUg.1xXquWd7QCMxuk2A2DZgbZBuRmb9rwH6AW2RBRV0xtE&amp;dib_tag=se&amp;keywords=PRAGUE+INSOLITE+ET+SECR%C3%88TE&amp;nsdOptOutParam=true&amp;qid=1733407828&amp;sr=8-1\" target=\"_blank\" rel=\"noopener\">Acheter en ligne<\/a><\/div>\n<\/div>\n","protected":false},"excerpt":{"rendered":"<p>Un chef-d\u2019\u0153uvre Art nouveau compl\u00e8tement ignor\u00e9, un lampadaire cubiste oubli\u00e9, les secrets des alchimistes du ch\u00e2teau, le message du palindrome<\/p>\n","protected":false},"featured_media":13386,"template":"","meta":[],"product_brand":[],"product_cat":[165,292,420,287,288],"product_tag":[346,167,168,347,170,172,173],"class_list":{"0":"post-3797","1":"product","2":"type-product","3":"status-publish","4":"has-post-thumbnail","6":"product_cat-english-fr","7":"product_cat-french-fr","8":"product_cat-guides-insolites","9":"product_cat-italian-fr","10":"product_cat-spanish-fr","11":"product_tag-editions-jonglez-fr-22","12":"product_tag-jonglez-fr","13":"product_tag-jonglez-publishing-fr","14":"product_tag-prague-insolite","15":"product_tag-secret-guides-fr","16":"product_tag-secret-travel-guides-fr","17":"product_tag-travel-guides-fr","19":"first","20":"instock","21":"shipping-taxable","22":"product-type-simple"},"aioseo_notices":[],"_links":{"self":[{"href":"https:\/\/jonglezpublishing.com\/fr\/wp-json\/wp\/v2\/product\/3797","targetHints":{"allow":["GET"]}}],"collection":[{"href":"https:\/\/jonglezpublishing.com\/fr\/wp-json\/wp\/v2\/product"}],"about":[{"href":"https:\/\/jonglezpublishing.com\/fr\/wp-json\/wp\/v2\/types\/product"}],"wp:featuredmedia":[{"embeddable":true,"href":"https:\/\/jonglezpublishing.com\/fr\/wp-json\/wp\/v2\/media\/13386"}],"wp:attachment":[{"href":"https:\/\/jonglezpublishing.com\/fr\/wp-json\/wp\/v2\/media?parent=3797"}],"wp:term":[{"taxonomy":"product_brand","embeddable":true,"href":"https:\/\/jonglezpublishing.com\/fr\/wp-json\/wp\/v2\/product_brand?post=3797"},{"taxonomy":"product_cat","embeddable":true,"href":"https:\/\/jonglezpublishing.com\/fr\/wp-json\/wp\/v2\/product_cat?post=3797"},{"taxonomy":"product_tag","embeddable":true,"href":"https:\/\/jonglezpublishing.com\/fr\/wp-json\/wp\/v2\/product_tag?post=3797"}],"curies":[{"name":"wp","href":"https:\/\/api.w.org\/{rel}","templated":true}]}}