{"id":3829,"date":"2019-03-04T15:36:17","date_gmt":"2019-03-04T13:36:17","guid":{"rendered":"https:\/\/jonglez.timeforcoffee.gr\/product\/rio-insolite-et-secrete\/"},"modified":"2020-07-08T17:26:11","modified_gmt":"2020-07-08T14:26:11","slug":"rio-insolite-et-secrete","status":"publish","type":"product","link":"https:\/\/jonglezpublishing.com\/fr\/produit\/rio-insolite-et-secrete\/","title":{"rendered":"RIO INSOLITE ET SECR\u00c8TE"},"content":{"rendered":"<p>Une colline extraordinaire et secr\u00e8te o\u00f9 sont enterr\u00e9s les \u00ab petits anges \u00bb, de remarquables immeubles Art d\u00e9co\u00a0oubli\u00e9s, voir le d\u00e9collage d\u2019un avion de vraiment tr\u00e8s pr\u00e8s, les vestiges des Expositions de 1908 et 1922, un superbe\u00a0palais priv\u00e9 ouvert \u00e0 la visite une fois par mois, des c\u00e9ramiques modernistes cach\u00e9es sur une terrasse au <span lang=\"FR\">15<sup>e<\/sup><\/span> \u00e9tage\u00a0d\u2019un ancien minist\u00e8re, un remarquable escalier secret, des promenades et des panoramas m\u00e9connus sur la ville, un\u00a0talisman d\u2019Amazonie \u00e0 Copacabana, les vestiges de la rivi\u00e8re Carioca, une rarissime statue de l\u2019arri\u00e8re-grand-m\u00e8re de\u00a0J\u00e9sus, une \u0153uvre d\u2019art dans une favela, un ancien hangar pour dirigeables g\u00e9ants, la caverne de Batman \u00e0 Copacabana,\u00a0des passionn\u00e9s de mod\u00e9lisme ferroviaire dans une magnifique gare abandonn\u00e9e&#8230;<\/p>\n<p>Loin des foules et des clich\u00e9s habituels des plages et du carnaval, Rio de Janeiro poss\u00e8de d\u2019innombrables tr\u00e9sors\u00a0qu\u2019elle ne r\u00e9v\u00e8le qu\u2019aux habitants et aux voyageurs qui savent sortir des sentiers battus.<\/p>\n<p>Un guide indispensable pour ceux qui pensaient bien conna\u00eetre Rio ou pour ceux qui souhaitent d\u00e9couvrir l\u2019autre visage\u00a0de la ville.<\/p>\n<p>&nbsp;<\/p>\n<p style=\"text-align: center;\"><em><strong>*Rio insolite et secr\u00e8te<\/strong>\u00a0<\/em>a re\u00e7u la\u00a0m\u00e9daille d\u2019argent\u00a0d\u00e9cern\u00e9e par\u00a0l\u2019Independent Publisher Book Award aux USA en 2017.*<\/p>\n<p>&nbsp;<\/p>\n<p><em><strong>Manoel de Almeida e Silva<\/strong> est n\u00e9 dans le quartier tr\u00e8s traditionnel de Gamboa et a grandi dans la zone nord, \u00e0 Engenho Velho, un nom aujourd\u2019hui oubli\u00e9 qui d\u00e9signait\u00a0le quartier de Tijuca et ses environs. Journaliste et sp\u00e9cialiste en \u00e9ducation, il a v\u00e9cu dans de nombreux pays durant les vingt-huit ann\u00e9es pendant lesquelles il a\u00a0travaill\u00e9 \u00e0 l\u2019ONU. Manoel vit d\u00e9sormais \u00e0 plein temps \u00e0 Copacabana. En travaillant pour ce guide, il a rev\u00e9cu des souvenirs personnels qui, alli\u00e9s \u00e0 ses recherches et aux\u00a0suggestions de ses amis, tout aussi amoureux de la diversit\u00e9 carioca que lui, ont cherch\u00e9 \u00e0 contribuer \u00e0 \u00e9largir la g\u00e9ographie touristique de la ville.\u00a0<\/em><\/p>\n<p><em>Fondateur de l\u2019Institut d\u2019Art d\u00e9co du Br\u00e9sil (2005), <strong>M\u00e1rcio Roiter<\/strong> est l\u2019auteur des ouvrages Rio de Janeiro Art d\u00e9co (Casa da Palavra, 2011), Art nouveau et Art d\u00e9co :\u00a0styles de s\u00e9duction (Espa\u00e7o Cultural Pen\u00ednsula, 2013) et Une promenade dans l\u2019Histoire (avec Cynthia Garcia, Arezzo, 2010). D\u00e9tenteur du Prix de la culture de l\u2019\u00c9tat\u00a0de Rio de Janeiro, il a \u00e9t\u00e9 l\u2019organisateur de diverses expositions au Br\u00e9sil et en France, a mis sur pied le XIe congr\u00e8s international de l\u2019Art d\u00e9co \u00e0 Rio en 2011 et est\u00a0consultant dans le cadre des travaux de restauration de nombreux immeubles Art d\u00e9co. Il a \u00e9galement \u00e9t\u00e9 intervenant aux congr\u00e8s internationaux d\u2019Art d\u00e9co de New\u00a0York (2005), Melbourne (2007) et Montr\u00e9al (2009).<\/em><\/p>\n<p>&nbsp;<\/p>\n<p><b>AUTEUR <\/b>: Manoel de Almeida e Silva, M\u00e1rcio Roiter &amp; Thomas Jonglez<br \/>\n<b>PAGES <\/b>: 320<br \/>\n<b>FORMAT <\/b>: 10.5 x 19 cm<br \/>\n<b>ISBN <\/b>: <span data-sheets-value=\"{&quot;1&quot;:2,&quot;2&quot;:&quot;978-2-36195-143-6&quot;}\" data-sheets-userformat=\"{&quot;2&quot;:13249,&quot;3&quot;:{&quot;1&quot;:0},&quot;9&quot;:1,&quot;10&quot;:2,&quot;11&quot;:0,&quot;12&quot;:0,&quot;15&quot;:&quot;Cambria&quot;,&quot;16&quot;:11}\">978-2-36195-143-6<\/span><br \/>\n<b>PRIX <\/b>: 17,90 \u20ac<br \/>\n<b>CONTACT <\/b>: <a href=\"mailto:infos@editionsjonglez.com\">infos@editionsjonglez.com<\/a><\/p>\n<div class=\"buttons_cont\">\n<div class=\"button_cont\" align=\"center\"><a class=\"gv_product_btn\" href=\"https:\/\/jonglezpublishing.com\/wp-content\/uploads\/2019\/03\/couv_rio-FR.jpg\" target=\"_blank\" rel=\"noopener noreferrer\">T\u00e9l\u00e9charger la couverture<\/a><\/div>\n<div class=\"button_cont\" align=\"center\"><a class=\"gv_product_btn\" href=\"https:\/\/jonglezpublishing.com\/wp-content\/uploads\/2019\/03\/Extrait-Rio-FR.pdf\" target=\"_blank\" rel=\"noopener noreferrer\">Consulter le PDF<\/a><\/div>\n<div class=\"button_cont\" align=\"center\"><a class=\"gv_product_btn\" href=\"https:\/\/livre.fnac.com\/a9323169\/Collectif-Rio-insolite-et-secrete#omnsearchpos=1\" target=\"_blank\" rel=\"noopener noreferrer\">Acheter en ligne<\/a><\/div>\n<\/div>\n","protected":false},"excerpt":{"rendered":"<p>Une colline extraordinaire et secr\u00e8te o\u00f9 sont enterr\u00e9s les \u00ab petits anges \u00bb, de remarquables immeubles Art d\u00e9co\u00a0oubli\u00e9s, voir le<\/p>\n","protected":false},"featured_media":1378,"template":"","meta":[],"product_brand":[],"product_cat":[165,292,420,287,288],"product_tag":[166,354,363,167,353,168,351,352,170,172],"class_list":{"0":"post-3829","1":"product","2":"type-product","3":"status-publish","4":"has-post-thumbnail","6":"product_cat-english-fr","7":"product_cat-french-fr","8":"product_cat-guides-insolites","9":"product_cat-italian-fr","10":"product_cat-spanish-fr","11":"product_tag-award-winning-fr","12":"product_tag-editions-jonglez-fr-24","13":"product_tag-editions-jonglez-fr-26","14":"product_tag-jonglez-fr","15":"product_tag-jonglez-fr-3","16":"product_tag-jonglez-publishing-fr","17":"product_tag-rio-fr","18":"product_tag-rio-insolite","19":"product_tag-secret-guides-fr","20":"product_tag-secret-travel-guides-fr","22":"first","23":"instock","24":"shipping-taxable","25":"product-type-simple"},"aioseo_notices":[],"_links":{"self":[{"href":"https:\/\/jonglezpublishing.com\/fr\/wp-json\/wp\/v2\/product\/3829","targetHints":{"allow":["GET"]}}],"collection":[{"href":"https:\/\/jonglezpublishing.com\/fr\/wp-json\/wp\/v2\/product"}],"about":[{"href":"https:\/\/jonglezpublishing.com\/fr\/wp-json\/wp\/v2\/types\/product"}],"wp:featuredmedia":[{"embeddable":true,"href":"https:\/\/jonglezpublishing.com\/fr\/wp-json\/wp\/v2\/media\/1378"}],"wp:attachment":[{"href":"https:\/\/jonglezpublishing.com\/fr\/wp-json\/wp\/v2\/media?parent=3829"}],"wp:term":[{"taxonomy":"product_brand","embeddable":true,"href":"https:\/\/jonglezpublishing.com\/fr\/wp-json\/wp\/v2\/product_brand?post=3829"},{"taxonomy":"product_cat","embeddable":true,"href":"https:\/\/jonglezpublishing.com\/fr\/wp-json\/wp\/v2\/product_cat?post=3829"},{"taxonomy":"product_tag","embeddable":true,"href":"https:\/\/jonglezpublishing.com\/fr\/wp-json\/wp\/v2\/product_tag?post=3829"}],"curies":[{"name":"wp","href":"https:\/\/api.w.org\/{rel}","templated":true}]}}