{"id":3844,"date":"2019-03-01T15:36:41","date_gmt":"2019-03-01T13:36:41","guid":{"rendered":"https:\/\/jonglez.timeforcoffee.gr\/product\/rome-insolite-et-secrete\/"},"modified":"2025-05-27T10:43:25","modified_gmt":"2025-05-27T07:43:25","slug":"rome-insolite-et-secrete","status":"publish","type":"product","link":"https:\/\/jonglezpublishing.com\/fr\/produit\/rome-insolite-et-secrete\/","title":{"rendered":"ROME INSOLITE ET SECR\u00c8TE"},"content":{"rendered":"<p>Visitez des palais normalement ferm\u00e9s \u00e0 la visite, assistez \u00e0 un concert dans un magnifique oratoire secret, faites b\u00e9nir votre chien, organisez un d\u00eener pour deux dans un palais priv\u00e9, admirez des oeuvres d\u2019art exceptionnelles \u00e0 l\u2019\u00e9cart des touristes, interrogez-vous devant une rare m\u00e9ridienne catoptrique ou devant une \u00e9tonnante anamorphose, d\u00e9couvrez le stup\u00e9fiant tableau motoris\u00e9 de Rubens, p\u00e9n\u00e9trez les secrets du Vatican, recueillez-vous devant une image sacr\u00e9e du visage du Christ qui fut d\u00e9pos\u00e9e sur la lune en 1969, prot\u00e9gez votre gorge des rigueurs de l\u2019hiver&#8230;<\/p>\n<p>Loin des foules et des clich\u00e9s habituels, Rome garde encore des tr\u00e9sors bien cach\u00e9s qu\u2019elle ne r\u00e9v\u00e8le qu\u2019aux habitants et aux voyageurs qui savent sortir des sentiers battus.<\/p>\n<p>Un guide indispensable pour ceux qui pensaient bien conna\u00eetre Rome ou pour ceux qui souhaitent d\u00e9couvrir l\u2019autre visage de la ville.<\/p>\n<p><b>AUTEURS\u00a0<\/b>: Ginevra Lovatelli, Adriano Morabito &amp;\u00a0Marco Gradozzi<br \/>\n<b>PAGES <\/b>: 400<br \/>\n<b>FORMAT <\/b>: 10.5 x 19 cm<br \/>\n<b>ISBN <\/b>: 978-2-36195-914-2<br \/>\n<b>PRIX <\/b>: 19,95 \u20ac<br \/>\n<b>CONTACT <\/b>: <a href=\"mailto:info@editionsjonglez.com\">info@editionsjonglez.com<\/a><\/p>\n<div class=\"buttons_cont\">\n<div class=\"button_cont\" align=\"center\">\n<div class=\"button_cont\" align=\"center\"><a class=\"gv_product_btn\" href=\"https:\/\/jonglezpublishing.com\/wp-content\/uploads\/2019\/03\/Couv_Rome_FR_RVB-scaled.jpg\" target=\"_blank\" rel=\"noopener\">T\u00e9l\u00e9charger la couverture<\/a><\/div>\n<p><a class=\"gv_product_btn\" href=\"https:\/\/jonglezpublishing.com\/wp-content\/uploads\/2019\/03\/Couv-Rome_FR-1-scaled.jpg\" target=\"_blank\" rel=\"noopener\">\u00a0<\/a><\/p>\n<div class=\"button_cont\" align=\"center\"><a class=\"gv_product_btn\" href=\"https:\/\/jonglezpublishing.com\/wp-content\/uploads\/2025\/05\/Extrait-PDF-Rome-1.pdf\" target=\"_blank\" rel=\"noopener\">Consulter le PDF<\/a><\/div>\n<p><a class=\"gv_product_btn\" href=\"https:\/\/jonglezpublishing.com\/wp-content\/uploads\/2019\/03\/Couv-Rome_FR-1-scaled.jpg\" target=\"_blank\" rel=\"noopener\">\u00a0<\/a><\/p>\n<div class=\"button_cont\" align=\"center\"><a class=\"gv_product_btn\" href=\"https:\/\/www.amazon.fr\/-\/en\/Ginevra-Lovatelli\/dp\/2361956500\/ref=sr_1_1?dib=eyJ2IjoiMSJ9.aOxv0pc1Ri1_TcZhL14tx-EhJw3w8G8uukSgoa0183YDwwF1qSxp6VUEgh3r7n9KWtajnR4ZsCuWV0o3YCF-aDA57dup4VLns_yarP3qo2f0iwcGbUTPtSwU-i78hrUTiZF3h6CLwSvfKPNHzCPffU1mWe9TwF8xtB14kvDC576t9LYxVI8WJqDRy6Rmmo6aO5B7OMTvVqdLuy7q-pPjtqKTvUlAdvB1lwgmFzgsBq4vWRYXYWUnsI86iuKhsNh0X2RVTE8nTr-a4vSljuEKWpj2z8kSzLSmjzfPcyqiR_A.xDN7yok18tVhxPuwLUQ6I5986f9RhlOz6CtU1oXPboA&amp;dib_tag=se&amp;keywords=ROME+INSOLITE+ET+SECR%C3%88TE&amp;qid=1748331775&amp;sr=8-1\" target=\"_blank\" rel=\"noopener\">Acheter en ligne<\/a><\/div>\n<\/div>\n<\/div>\n","protected":false},"excerpt":{"rendered":"<p>Visitez des palais normalement ferm\u00e9s \u00e0 la visite, assistez \u00e0 un concert dans un magnifique oratoire secret, faites b\u00e9nir votre<\/p>\n","protected":false},"featured_media":13871,"template":"","meta":[],"product_brand":[],"product_cat":[165,292,522,420,287,288],"product_tag":[302,167,168,355,356,170,172,173],"class_list":{"0":"post-3844","1":"product","2":"type-product","3":"status-publish","4":"has-post-thumbnail","6":"product_cat-english-fr","7":"product_cat-french-fr","8":"product_cat-german-fr","9":"product_cat-guides-insolites","10":"product_cat-italian-fr","11":"product_cat-spanish-fr","12":"product_tag-campanie-insolite","13":"product_tag-jonglez-fr","14":"product_tag-jonglez-publishing-fr","15":"product_tag-rome-fr","16":"product_tag-rome-insolite","17":"product_tag-secret-guides-fr","18":"product_tag-secret-travel-guides-fr","19":"product_tag-travel-guides-fr","21":"first","22":"instock","23":"shipping-taxable","24":"product-type-simple"},"aioseo_notices":[],"_links":{"self":[{"href":"https:\/\/jonglezpublishing.com\/fr\/wp-json\/wp\/v2\/product\/3844","targetHints":{"allow":["GET"]}}],"collection":[{"href":"https:\/\/jonglezpublishing.com\/fr\/wp-json\/wp\/v2\/product"}],"about":[{"href":"https:\/\/jonglezpublishing.com\/fr\/wp-json\/wp\/v2\/types\/product"}],"wp:featuredmedia":[{"embeddable":true,"href":"https:\/\/jonglezpublishing.com\/fr\/wp-json\/wp\/v2\/media\/13871"}],"wp:attachment":[{"href":"https:\/\/jonglezpublishing.com\/fr\/wp-json\/wp\/v2\/media?parent=3844"}],"wp:term":[{"taxonomy":"product_brand","embeddable":true,"href":"https:\/\/jonglezpublishing.com\/fr\/wp-json\/wp\/v2\/product_brand?post=3844"},{"taxonomy":"product_cat","embeddable":true,"href":"https:\/\/jonglezpublishing.com\/fr\/wp-json\/wp\/v2\/product_cat?post=3844"},{"taxonomy":"product_tag","embeddable":true,"href":"https:\/\/jonglezpublishing.com\/fr\/wp-json\/wp\/v2\/product_tag?post=3844"}],"curies":[{"name":"wp","href":"https:\/\/api.w.org\/{rel}","templated":true}]}}