{"id":3879,"date":"2019-03-04T14:11:37","date_gmt":"2019-03-04T12:11:37","guid":{"rendered":"https:\/\/jonglez.timeforcoffee.gr\/product\/tokyo-insolite-et-secrete\/"},"modified":"2024-02-20T16:06:47","modified_gmt":"2024-02-20T14:06:47","slug":"tokyo-insolite-et-secrete","status":"publish","type":"product","link":"https:\/\/jonglezpublishing.com\/fr\/produit\/tokyo-insolite-et-secrete\/","title":{"rendered":"TOKYO INSOLITE ET SECR\u00c8TE"},"content":{"rendered":"<p>Un Bouddha rotatif, une \u00ab grande muraille \u00bb qui sert de pare-feu g\u00e9ant, un canyon en pleine ville, une statue pour se d\u00e9barrasser des verrues, des toilettes ultra-design, un parc pour des sports uniques au monde, un arbre extraordinaire qui permet d\u2019arr\u00eater de fumer, un tournesol \u00e9lectronique, un spectaculaire temple moderne cach\u00e9 au c\u0153ur de Shinjuku, une rue qui a fait faire des cauchemars aux chauffeurs de taxi tokyo\u00eftes, un immeuble g\u00e9ant en forme de bateau de guerre, des rivi\u00e8res cach\u00e9es&#8230;<\/p>\n<p>Loin des foules et des clich\u00e9s habituels, Tokyo oscille entre pr\u00e9servation de son patrimoine, esth\u00e9tisme raffin\u00e9 et excentricit\u00e9, offrant un nombre incalculable d\u2019exp\u00e9riences d\u00e9cal\u00e9es. La capitale garde d\u2019innombrables tr\u00e9sors bien cach\u00e9s qu\u2019elle ne r\u00e9v\u00e8le qu\u2019aux habitants et aux voyageurs qui savent sortir des sentiers battus.<\/p>\n<p>Un guide indispensable pour ceux qui pensaient bien conna\u00eetre Tokyo ou pour ceux qui souhaitent d\u00e9couvrir l\u2019autre visage de la ville.<\/p>\n<p>&nbsp;<\/p>\n<p><b>AUTEUR <\/b>: Pierre Musti\u00e8re<br \/>\n<b>PAGES <\/b>: 336<br \/>\n<b>FORMAT <\/b>: 10.5 x 19 cm<br \/>\n<b>ISBN <\/b>: 978-2-36195-746-9<br \/>\n<b>PRIX <\/b>: 18,95 \u20ac<br \/>\n<b>CONTACT <\/b>: <a href=\"mailto:infos@editionsjonglez.com\">infos@editionsjonglez.com<\/a><\/p>\n<div class=\"buttons_cont\">\n<div class=\"button_cont\" align=\"center\"><a class=\"gv_product_btn\" href=\"https:\/\/jonglezpublishing.com\/wp-content\/uploads\/2019\/03\/Couv-Tokyo_FR_2023_RVB3-1-scaled.jpg\" target=\"_blank\" rel=\"noopener\">T\u00e9l\u00e9charger la couverture<\/a><\/div>\n<div class=\"button_cont\" align=\"center\"><a class=\"gv_product_btn\" href=\"https:\/\/jonglezpublishing.com\/wp-content\/uploads\/2024\/02\/Extrait-Tokyo_FR-1.pdf\" target=\"_blank\" rel=\"noopener\">Consulter le PDF<\/a><\/div>\n<div class=\"button_cont\" align=\"center\"><a class=\"gv_product_btn\" href=\"https:\/\/www.fnac.com\/a18798375\/Pierre-Mustiere-Tokyo-insolite-et-secrete#omnsearchpos=2\" target=\"_blank\" rel=\"noopener\">Acheter en ligne<\/a><\/div>\n<\/div>\n","protected":false},"excerpt":{"rendered":"<p>Un Bouddha rotatif, une \u00ab grande muraille \u00bb qui sert de pare-feu g\u00e9ant, un canyon en pleine ville, une statue<\/p>\n","protected":false},"featured_media":12197,"template":"","meta":[],"product_brand":[],"product_cat":[165,292,420,287,288],"product_tag":[359,357,167,168,170,172,358,360,173],"class_list":{"0":"post-3879","1":"product","2":"type-product","3":"status-publish","4":"has-post-thumbnail","6":"product_cat-english-fr","7":"product_cat-french-fr","8":"product_cat-guides-insolites","9":"product_cat-italian-fr","10":"product_cat-spanish-fr","11":"product_tag-editions-jonglez-fr-25","12":"product_tag-jonglez-fr-4","13":"product_tag-jonglez-fr","14":"product_tag-jonglez-publishing-fr","15":"product_tag-secret-guides-fr","16":"product_tag-secret-travel-guides-fr","17":"product_tag-tokyo-fr","18":"product_tag-tokyo-insolite","19":"product_tag-travel-guides-fr","21":"first","22":"instock","23":"shipping-taxable","24":"product-type-simple"},"aioseo_notices":[],"_links":{"self":[{"href":"https:\/\/jonglezpublishing.com\/fr\/wp-json\/wp\/v2\/product\/3879","targetHints":{"allow":["GET"]}}],"collection":[{"href":"https:\/\/jonglezpublishing.com\/fr\/wp-json\/wp\/v2\/product"}],"about":[{"href":"https:\/\/jonglezpublishing.com\/fr\/wp-json\/wp\/v2\/types\/product"}],"wp:featuredmedia":[{"embeddable":true,"href":"https:\/\/jonglezpublishing.com\/fr\/wp-json\/wp\/v2\/media\/12197"}],"wp:attachment":[{"href":"https:\/\/jonglezpublishing.com\/fr\/wp-json\/wp\/v2\/media?parent=3879"}],"wp:term":[{"taxonomy":"product_brand","embeddable":true,"href":"https:\/\/jonglezpublishing.com\/fr\/wp-json\/wp\/v2\/product_brand?post=3879"},{"taxonomy":"product_cat","embeddable":true,"href":"https:\/\/jonglezpublishing.com\/fr\/wp-json\/wp\/v2\/product_cat?post=3879"},{"taxonomy":"product_tag","embeddable":true,"href":"https:\/\/jonglezpublishing.com\/fr\/wp-json\/wp\/v2\/product_tag?post=3879"}],"curies":[{"name":"wp","href":"https:\/\/api.w.org\/{rel}","templated":true}]}}