{"id":3888,"date":"2019-03-04T14:17:51","date_gmt":"2019-03-04T14:17:51","guid":{"rendered":"https:\/\/jonglez.timeforcoffee.gr\/product\/toscane-insolite-et-secrete\/"},"modified":"2020-09-22T13:41:37","modified_gmt":"2020-09-22T10:41:37","slug":"toscane-insolite-et-secrete","status":"publish","type":"product","link":"https:\/\/jonglezpublishing.com\/fr\/produit\/toscane-insolite-et-secrete\/","title":{"rendered":"TOSCANE INSOLITE ET SECR\u00c8TE"},"content":{"rendered":"<p>Le ch\u00eane o\u00f9 s\u2019est pendu Pinocchio, Mussolini sur un vitrail d\u2019une \u00e9glise du <span lang=\"FR\">XV<sup>e<\/sup><\/span> si\u00e8cle, une statue oubli\u00e9e de Leonardo de Vinci, un luxueux h\u00f4tel devenu simples toilettes publiques, un distributeur de lait du <span lang=\"FR\">XVII<sup>e<\/sup><\/span> si\u00e8cle, une grenouille qui boit du vin, un ph\u00e9nom\u00e8ne astronomique unique au monde, les dents de sainte Catherine grav\u00e9es dans un escalier \u00e0 Sienne, une baleine \u00e0 Lucques, une authentique fiole du sang du Christ, une foi qui soul\u00e8ve des rochers, du diamant dans le marbre, l\u2019emplacement du vase des Noces de Cana, un extraordinaire amphith\u00e9\u00e2tre anatomique \u00e0 Pistoia, la fontaine de jouvence de la f\u00e9e Morgane, une promenade insolite le long du<span class=\"Apple-converted-space\">\u00a0<\/span>monorail du marbre\u2026<\/p>\n<p>Loin des foules et des clich\u00e9s habituels, la Toscane garde encore des tr\u00e9sors bien cach\u00e9s qu\u2019elle ne r\u00e9v\u00e8le qu\u2019aux habitants et aux voyageurs qui savent sortir des sentiers battus.<\/p>\n<p>Un guide indispensable pour ceux qui pensaient bien conna\u00eetre la Toscane ou pour ceux qui souhaitent d\u00e9couvrir l\u2019autre visage de la r\u00e9gion.<\/p>\n<p>&nbsp;<\/p>\n<p><b>AUTEUR <\/b>: <span lang=\"FR\">Jacopo Mauro &amp; Roberto di Fernando<\/span><br \/>\n<b>PAGES <\/b>: 320<br \/>\n<b>FORMAT <\/b>: 10.5 x 19 cm<br \/>\n<b>ISBN <\/b>: 978-2-36195-281-5<br \/>\n<b>PRIX <\/b>: 17,95 \u20ac<br \/>\n<b>CONTACT <\/b>: <a href=\"mailto:infos@editionsjonglez.com\">infos@editionsjonglez.com<\/a><\/p>\n<p>&nbsp;<\/p>\n<div class=\"buttons_cont\">\n<div class=\"button_cont\" align=\"center\"><a class=\"gv_product_btn\" href=\"https:\/\/jonglezpublishing.com\/wp-content\/uploads\/2019\/03\/couv_toscane_FR.jpg\" target=\"_blank\" rel=\"noopener noreferrer\">T\u00e9l\u00e9charger la couverture<\/a><\/div>\n<div class=\"button_cont\" align=\"center\"><a class=\"gv_product_btn\" href=\"https:\/\/jonglezpublishing.com\/wp-content\/uploads\/2019\/03\/PREVIEW_TOSCANE_FR.pdf\" target=\"_blank\" rel=\"noopener noreferrer\">Consulter le PDF<\/a><\/div>\n<div class=\"button_cont\" align=\"center\"><a class=\"gv_product_btn\" href=\"https:\/\/livre.fnac.com\/a11573971\/Carlo-Caselli-Toscane-insolite-et-secrete#st=toscane+insolite+&amp;ct=Rayons&amp;t=p\" target=\"_blank\" rel=\"noopener noreferrer\">Acheter en ligne<\/a><\/div>\n<\/div>\n","protected":false},"excerpt":{"rendered":"<p>Le ch\u00eane o\u00f9 s\u2019est pendu Pinocchio, Mussolini sur un vitrail d\u2019une \u00e9glise du XVe si\u00e8cle, une statue oubli\u00e9e de Leonardo<\/p>\n","protected":false},"featured_media":1354,"template":"","meta":[],"product_brand":[],"product_cat":[165,292,420,287],"product_tag":[302,363,361,167,305,168,170,364,362],"class_list":{"0":"post-3888","1":"product","2":"type-product","3":"status-publish","4":"has-post-thumbnail","6":"product_cat-english-fr","7":"product_cat-french-fr","8":"product_cat-guides-insolites","9":"product_cat-italian-fr","10":"product_tag-campanie-insolite","11":"product_tag-editions-jonglez-fr-26","12":"product_tag-jonglez-fr-5","13":"product_tag-jonglez-fr","14":"product_tag-jonglez-fr-2","15":"product_tag-jonglez-publishing-fr","16":"product_tag-secret-guides-fr","17":"product_tag-toscane","18":"product_tag-toscane-insolite","20":"first","21":"instock","22":"shipping-taxable","23":"product-type-simple"},"aioseo_notices":[],"_links":{"self":[{"href":"https:\/\/jonglezpublishing.com\/fr\/wp-json\/wp\/v2\/product\/3888","targetHints":{"allow":["GET"]}}],"collection":[{"href":"https:\/\/jonglezpublishing.com\/fr\/wp-json\/wp\/v2\/product"}],"about":[{"href":"https:\/\/jonglezpublishing.com\/fr\/wp-json\/wp\/v2\/types\/product"}],"wp:featuredmedia":[{"embeddable":true,"href":"https:\/\/jonglezpublishing.com\/fr\/wp-json\/wp\/v2\/media\/1354"}],"wp:attachment":[{"href":"https:\/\/jonglezpublishing.com\/fr\/wp-json\/wp\/v2\/media?parent=3888"}],"wp:term":[{"taxonomy":"product_brand","embeddable":true,"href":"https:\/\/jonglezpublishing.com\/fr\/wp-json\/wp\/v2\/product_brand?post=3888"},{"taxonomy":"product_cat","embeddable":true,"href":"https:\/\/jonglezpublishing.com\/fr\/wp-json\/wp\/v2\/product_cat?post=3888"},{"taxonomy":"product_tag","embeddable":true,"href":"https:\/\/jonglezpublishing.com\/fr\/wp-json\/wp\/v2\/product_tag?post=3888"}],"curies":[{"name":"wp","href":"https:\/\/api.w.org\/{rel}","templated":true}]}}