{"id":3901,"date":"2019-03-01T15:40:01","date_gmt":"2019-03-01T13:40:01","guid":{"rendered":"https:\/\/jonglez.timeforcoffee.gr\/product\/venise-insolite-et-secrete\/"},"modified":"2025-05-27T12:29:37","modified_gmt":"2025-05-27T09:29:37","slug":"venise-insolite-et-secrete","status":"publish","type":"product","link":"https:\/\/jonglezpublishing.com\/fr\/produit\/venise-insolite-et-secrete\/","title":{"rendered":"VENISE INSOLITE ET SECR\u00c8TE"},"content":{"rendered":"<p>D\u00e9couvrez les secrets de la basilique Saint-Marc sans aucun touriste, d\u00e9chiffrez enfin les chapiteaux du palais des Doges, empruntez le seul canal souterrain de Venise \u00e0 la recherche de la sculpture alchimique du cheval ail\u00e9, ouvrez l\u2019\u0153il sur les traces de la th\u00e9riaque, ce breuvage miracle qui fut longtemps fabriqu\u00e9 \u00e0 Venise, d\u00e9chiffrez les peintures de la Scuola di San Rocco selon les principes de la kabbale h\u00e9bra\u00efque ou la construction de San Francesco della Vigna selon ceux de la kabbale musicale, visitez un cimeti\u00e8re souterrain inconnu, poussez les portes des palais et des monast\u00e8res pour vous promener dans des jardins insoup\u00e7onn\u00e9s, admirez l\u2019extraordinaire biblioth\u00e8que oubli\u00e9e du s\u00e9minaire de Venise, dormez dans une sublime chambre cach\u00e9e dans un palais, allez faire vos courses au march\u00e9 de la prison pour femmes de la Giudecca, jouez \u00e0 la p\u00e9tanque en plein c\u0153ur de la ville&#8230;<\/p>\n<p>Cinq ans de recherches ont \u00e9t\u00e9 n\u00e9cessaires pour la conception de ce guide exceptionnel qui permettra \u00e0 tous les amoureux de Venise ainsi qu\u2019aux V\u00e9nitiens de repartir \u00e0 la d\u00e9couverte de la ville la plus extraordinaire du globe, loin des sentiers battus.<\/p>\n<p>&nbsp;<\/p>\n<p><b>AUTEURS\u00a0<\/b>: Thomas Jonglez, Paola Zoffoli et Ir\u00e8ne Galifi<br \/>\n<b>PAGES <\/b>: 416<br \/>\n<b>FORMAT <\/b>: 10.5 x 19 cm<br \/>\n<b>ISBN <\/b>: 978-2-36195-911-1<br \/>\n<b>PRIX <\/b>: 19,95 \u20ac<br \/>\n<b>CONTACT <\/b>: <a href=\"mailto:info@editionsjonglez.com\">info@editionsjonglez.com<\/a><\/p>\n<div class=\"buttons_cont\">\n<div class=\"button_cont\" align=\"center\"><a class=\"gv_product_btn\" href=\"https:\/\/jonglezpublishing.com\/wp-content\/uploads\/2019\/03\/Couv-Venise-FR_RVB-scaled.jpg\" target=\"_blank\" rel=\"noopener\">T\u00e9l\u00e9charger la couverture<\/a><\/div>\n<div class=\"button_cont\" align=\"center\"><a class=\"gv_product_btn\" href=\"https:\/\/jonglezpublishing.com\/wp-content\/uploads\/2025\/05\/Extrait-Venise-FR.pdf\" target=\"_blank\" rel=\"noopener\">Consulter le PDF<\/a><\/div>\n<div class=\"button_cont\" align=\"center\"><a class=\"gv_product_btn\" href=\"https:\/\/livre.fnac.com\/a14089168\/Thomas-Jonglez-Venise-insolite-et-secrete#omnsearchpos=1\" target=\"_blank\" rel=\"noopener noreferrer\">Acheter en ligne<\/a><\/div>\n<\/div>\n","protected":false},"excerpt":{"rendered":"<p>D\u00e9couvrez les secrets de la basilique Saint-Marc sans aucun touriste, d\u00e9chiffrez enfin les chapiteaux du palais des Doges, empruntez le<\/p>\n","protected":false},"featured_media":13882,"template":"","meta":[],"product_brand":[],"product_cat":[165,292,522,420,287,288],"product_tag":[302,167,168,170,172,173,366,365],"class_list":{"0":"post-3901","1":"product","2":"type-product","3":"status-publish","4":"has-post-thumbnail","6":"product_cat-english-fr","7":"product_cat-french-fr","8":"product_cat-german-fr","9":"product_cat-guides-insolites","10":"product_cat-italian-fr","11":"product_cat-spanish-fr","12":"product_tag-campanie-insolite","13":"product_tag-jonglez-fr","14":"product_tag-jonglez-publishing-fr","15":"product_tag-secret-guides-fr","16":"product_tag-secret-travel-guides-fr","17":"product_tag-travel-guides-fr","18":"product_tag-venise","19":"product_tag-venise-insolite","21":"first","22":"instock","23":"shipping-taxable","24":"product-type-simple"},"aioseo_notices":[],"_links":{"self":[{"href":"https:\/\/jonglezpublishing.com\/fr\/wp-json\/wp\/v2\/product\/3901","targetHints":{"allow":["GET"]}}],"collection":[{"href":"https:\/\/jonglezpublishing.com\/fr\/wp-json\/wp\/v2\/product"}],"about":[{"href":"https:\/\/jonglezpublishing.com\/fr\/wp-json\/wp\/v2\/types\/product"}],"wp:featuredmedia":[{"embeddable":true,"href":"https:\/\/jonglezpublishing.com\/fr\/wp-json\/wp\/v2\/media\/13882"}],"wp:attachment":[{"href":"https:\/\/jonglezpublishing.com\/fr\/wp-json\/wp\/v2\/media?parent=3901"}],"wp:term":[{"taxonomy":"product_brand","embeddable":true,"href":"https:\/\/jonglezpublishing.com\/fr\/wp-json\/wp\/v2\/product_brand?post=3901"},{"taxonomy":"product_cat","embeddable":true,"href":"https:\/\/jonglezpublishing.com\/fr\/wp-json\/wp\/v2\/product_cat?post=3901"},{"taxonomy":"product_tag","embeddable":true,"href":"https:\/\/jonglezpublishing.com\/fr\/wp-json\/wp\/v2\/product_tag?post=3901"}],"curies":[{"name":"wp","href":"https:\/\/api.w.org\/{rel}","templated":true}]}}