{"id":3912,"date":"2019-03-04T14:21:35","date_gmt":"2019-03-04T14:21:35","guid":{"rendered":"https:\/\/jonglez.timeforcoffee.gr\/product\/vienne-insolite-et-secrete\/"},"modified":"2025-03-26T14:54:55","modified_gmt":"2025-03-26T12:54:55","slug":"vienne-insolite-et-secrete","status":"publish","type":"product","link":"https:\/\/jonglezpublishing.com\/fr\/produit\/vienne-insolite-et-secrete\/","title":{"rendered":"VIENNE INSOLITE ET SECR\u00c8TE"},"content":{"rendered":"<p>Un sublime palais priv\u00e9 qui se visite sur r\u00e9servation, une momie de crocodile dans une biblioth\u00e8que, une maison en chocolat, un plafond alchimique \u00e0 Sch\u00f6nbrunn, une des plus belles pharmacies au monde qui se visite de fa\u00e7on exceptionnelle, une superbe \u00e9glise Art nouveau oubli\u00e9e, la tombe d\u2019un poisson qui se serait converti au juda\u00efsme, un mus\u00e9e du jazz dans des toilettes publiques, une d\u00e9charge publique qui se visite comme un mus\u00e9e, le plus vieil orgue de Vienne cach\u00e9 derri\u00e8re une peinture, une imp\u00e9ratrice en habit de nonne, le myst\u00e8re du symbole 05, un sexe masculin sculpt\u00e9 discr\u00e8tement sur la cath\u00e9drale de Vienne, un surprenant mus\u00e9e priv\u00e9 du billard, un incroyable bouquet o\u00f9 chaque fleur se compose en r\u00e9alit\u00e9 de plusieurs ailes de papillon, une source d\u2019eau qui permet de voir les chiffres du loto pendant une minute, une extraordinaire annexe souterraine du camp de Mauthausen o\u00f9 l\u2019on construisit le premier avion \u00e0 r\u00e9action du monde, un love hotel historique de tr\u00e8s grand charme&#8230;<\/p>\n<p>Loin des foules et des clich\u00e9s habituels, Vienne garde encore des tr\u00e9sors bien cach\u00e9s qu\u2019elle ne r\u00e9v\u00e8le qu\u2019aux habitants et aux voyageurs qui savent sortir des sentiers battus.<\/p>\n<p>Un guide indispensable pour ceux qui pensaient bien conna\u00eetre Vienne ou pour ceux qui souhaitent d\u00e9couvrir l\u2019autre visage de la ville.<\/p>\n<p>&nbsp;<\/p>\n<p><strong><em>Michaela Lindiger\u00a0<\/em><\/strong><em>est conservatrice et auteur. Elle a men\u00e9 des \u00e9tudes sur les m\u00e9dias et la communication, les sciences politiques, l\u2019\u00e9gyptologie, la pr\u00e9histoire et l\u2019arch\u00e9ologie \u00e0 l\u2019universit\u00e9 de Vienne. Conservatrice-assistante depuis 1995, elle est depuis 2004 conservatrice des mus\u00e9es de Vienne. Elle a par ailleurs particip\u00e9 et organis\u00e9 de nombreuses expositions et publications sur divers th\u00e8mes biographiques et de soci\u00e9t\u00e9, des portraits, de la mode, ou encore sur la mort et la m\u00e9moire.\u00a0<\/em><\/p>\n<p>&nbsp;<\/p>\n<p><b>AUTEUR <\/b>: Michaela Lindinger<br \/>\n<b>PAGES <\/b>: 528<br \/>\n<b>FORMAT <\/b>: 10.5 x 19 cm<br \/>\n<b>ISBN <\/b>: 978-2-36195-754-4<br \/>\n<b>PRIX <\/b>: 19,95 \u20ac<br \/>\n<b>CONTACT <\/b>: <a href=\"mailto:info@editionsjonglez.com\">info@editionsjonglez.com<\/a><\/p>\n<div class=\"buttons_cont\">\n<div class=\"button_cont\" align=\"center\"><a class=\"gv_product_btn\" href=\"https:\/\/jonglezpublishing.com\/wp-content\/uploads\/2019\/03\/NEW_couv_Vienne-FR_RVB-1-scaled.jpg\" target=\"_blank\" rel=\"noopener\">T\u00e9l\u00e9charger la couverture<\/a><\/div>\n<div class=\"button_cont\" align=\"center\"><a class=\"gv_product_btn\" href=\"https:\/\/jonglezpublishing.com\/wp-content\/uploads\/2025\/03\/Extrait-Vienne_FR.pdf\" target=\"_blank\" rel=\"noopener\">Consulter le PDF<\/a><\/div>\n<div class=\"button_cont\" align=\"center\"><a class=\"gv_product_btn\" href=\"https:\/\/www.amazon.fr\/-\/en\/dp\/236195754X\/ref=sr_1_5?crid=6U52PK3C5BHZ&amp;dib=eyJ2IjoiMSJ9.P1UbWqUxyUxr5TRFFm9wDlblMfFJYNQ7dEq_UaEy2osiwXFWo6vCNm_4bswrvdcf2Fi5jsd4QA8BA_mcQ5Qa9A.koBvfOsQIszOlTcRyOeaxBjiuOjKjCyaRfdNd7zzO7w&amp;dib_tag=se&amp;keywords=VIENNE+INSOLITE+ET+SECR%C3%88TE&amp;qid=1742993668&amp;sprefix=%2Caps%2C347&amp;sr=8-5\" target=\"_blank\" rel=\"noopener\">Acheter en ligne<\/a><\/div>\n<\/div>\n","protected":false},"excerpt":{"rendered":"<p>Un sublime palais priv\u00e9 qui se visite sur r\u00e9servation, une momie de crocodile dans une biblioth\u00e8que, une maison en chocolat,<\/p>\n","protected":false},"featured_media":13609,"template":"","meta":[],"product_brand":[],"product_cat":[165,292,522,420,287,288],"product_tag":[368,367,167,168,170,172,173,369,370],"class_list":{"0":"post-3912","1":"product","2":"type-product","3":"status-publish","4":"has-post-thumbnail","6":"product_cat-english-fr","7":"product_cat-french-fr","8":"product_cat-german-fr","9":"product_cat-guides-insolites","10":"product_cat-italian-fr","11":"product_cat-spanish-fr","12":"product_tag-editions-jonglez-fr-27","13":"product_tag-jonglez-fr-6","14":"product_tag-jonglez-fr","15":"product_tag-jonglez-publishing-fr","16":"product_tag-secret-guides-fr","17":"product_tag-secret-travel-guides-fr","18":"product_tag-travel-guides-fr","19":"product_tag-vienne","20":"product_tag-vienne-insolite","22":"first","23":"instock","24":"shipping-taxable","25":"product-type-simple"},"aioseo_notices":[],"_links":{"self":[{"href":"https:\/\/jonglezpublishing.com\/fr\/wp-json\/wp\/v2\/product\/3912","targetHints":{"allow":["GET"]}}],"collection":[{"href":"https:\/\/jonglezpublishing.com\/fr\/wp-json\/wp\/v2\/product"}],"about":[{"href":"https:\/\/jonglezpublishing.com\/fr\/wp-json\/wp\/v2\/types\/product"}],"wp:featuredmedia":[{"embeddable":true,"href":"https:\/\/jonglezpublishing.com\/fr\/wp-json\/wp\/v2\/media\/13609"}],"wp:attachment":[{"href":"https:\/\/jonglezpublishing.com\/fr\/wp-json\/wp\/v2\/media?parent=3912"}],"wp:term":[{"taxonomy":"product_brand","embeddable":true,"href":"https:\/\/jonglezpublishing.com\/fr\/wp-json\/wp\/v2\/product_brand?post=3912"},{"taxonomy":"product_cat","embeddable":true,"href":"https:\/\/jonglezpublishing.com\/fr\/wp-json\/wp\/v2\/product_cat?post=3912"},{"taxonomy":"product_tag","embeddable":true,"href":"https:\/\/jonglezpublishing.com\/fr\/wp-json\/wp\/v2\/product_tag?post=3912"}],"curies":[{"name":"wp","href":"https:\/\/api.w.org\/{rel}","templated":true}]}}