{"id":3927,"date":"2019-03-01T15:46:24","date_gmt":"2019-03-01T13:46:24","guid":{"rendered":"https:\/\/jonglez.timeforcoffee.gr\/product\/washington-insolite-et-secrete\/"},"modified":"2025-07-11T12:46:34","modified_gmt":"2025-07-11T09:46:34","slug":"washington-insolite-et-secrete","status":"publish","type":"product","link":"https:\/\/jonglezpublishing.com\/fr\/produit\/washington-insolite-et-secrete\/","title":{"rendered":"WASHINGTON INSOLITE ET SECR\u00c8TE"},"content":{"rendered":"<p>Une r\u00e9plique du\u00a0<span lang=\"FR\">Dark Vador <\/span> de la guerre des \u00c9toiles\u00a0dans la cath\u00e9drale, une chaise g\u00e9ante, le plus long escalator\u00a0d\u2019Am\u00e9rique, le myst\u00e8re d\u2019une sculpture crypt\u00e9e, les secrets des\u00a0plans de la ville con\u00e7us selon les id\u00e9aux des francs-ma\u00e7ons, le\u00a0sens initiatique cach\u00e9 du blason des \u00c9tats-Unis&#8230;<\/p>\n<p>Loin de la foule et des clich\u00e9s, Washington r\u00e9serve\u00a0toujours des surprises \u00e0 ceux qui savent sortir des sentiers\u00a0battus.<\/p>\n<p>Un guide indispensable pour tous ceux qui pensaient\u00a0conna\u00eetre Washington ou qui souhaitent en d\u00e9couvrir un\u00a0autre visage.<\/p>\n<p>&nbsp;<\/p>\n<p style=\"text-align: center;\">*<em>Washington insolite et secr\u00e8te<\/em> a re\u00e7u la <strong>m\u00e9daille de bronze\u00a0<\/strong>lors de l&rsquo;\u00e9dition 2018 du\u00a0North American Travel Journalists Association (NATJA) Travel Media Awards Competition*<\/p>\n<p>&nbsp;<\/p>\n<p><b>AUTEURE\u00a0<\/b>: Sharon Pendana<br \/>\n<b>PAGES <\/b>: 304<br \/>\n<b>FORMAT <\/b>: 10.5 x 19 cm<br \/>\n<b>ISBN <\/b>: <span data-sheets-value=\"{&quot;1&quot;:2,&quot;2&quot;:&quot;978-2-36195-192-4&quot;}\" data-sheets-userformat=\"{&quot;2&quot;:12864,&quot;9&quot;:1,&quot;12&quot;:0,&quot;15&quot;:&quot;Cambria&quot;,&quot;16&quot;:11}\">978-2-36195-192-4<\/span><br \/>\n<b>PRIX <\/b>: 17,95\u00a0\u20ac<br \/>\n<b>CONTACT <\/b>: <a href=\"mailto:infos@editionsjonglez.com\">infos@editionsjonglez.com<\/a><\/p>\n<div class=\"buttons_cont\">\n<div class=\"button_cont\" align=\"center\"><a class=\"gv_product_btn\" href=\"https:\/\/jonglezpublishing.com\/wp-content\/uploads\/2019\/03\/9782361951924-scaled.jpg\" target=\"_blank\" rel=\"noopener\">T\u00e9l\u00e9charger la couverture<\/a><\/div>\n<div class=\"button_cont\" align=\"center\"><a class=\"gv_product_btn\" href=\"https:\/\/jonglezpublishing.com\/wp-content\/uploads\/2019\/03\/extrait_washington.pdf\" target=\"_blank\" rel=\"noopener noreferrer\">Consulter le PDF<\/a><\/div>\n<div class=\"button_cont\" align=\"center\"><a class=\"gv_product_btn\" href=\"https:\/\/livre.fnac.com\/a10290371\/Sharon-Pendana-Washington-insolite-et-secrete#st=washington+insolite&amp;ct=Rayons&amp;t=p\" target=\"_blank\" rel=\"noopener noreferrer\">Acheter en ligne<\/a><\/div>\n<\/div>\n","protected":false},"excerpt":{"rendered":"<p>Une r\u00e9plique du\u00a0Dark Vador de la guerre des \u00c9toiles\u00a0dans la cath\u00e9drale, une chaise g\u00e9ante, le plus long escalator\u00a0d\u2019Am\u00e9rique, le myst\u00e8re<\/p>\n","protected":false},"featured_media":14323,"template":"","meta":[],"product_brand":[],"product_cat":[165,292,420],"product_tag":[371,167,372,168,170,172,173,374,373],"class_list":{"0":"post-3927","1":"product","2":"type-product","3":"status-publish","4":"has-post-thumbnail","6":"product_cat-english-fr","7":"product_cat-french-fr","8":"product_cat-guides-insolites","9":"product_tag-editions-jonglez-fr-28","10":"product_tag-jonglez-fr","11":"product_tag-jonglez-fr-7","12":"product_tag-jonglez-publishing-fr","13":"product_tag-secret-guides-fr","14":"product_tag-secret-travel-guides-fr","15":"product_tag-travel-guides-fr","16":"product_tag-washington-fr","17":"product_tag-washington-insolite","19":"first","20":"instock","21":"shipping-taxable","22":"product-type-simple"},"aioseo_notices":[],"_links":{"self":[{"href":"https:\/\/jonglezpublishing.com\/fr\/wp-json\/wp\/v2\/product\/3927","targetHints":{"allow":["GET"]}}],"collection":[{"href":"https:\/\/jonglezpublishing.com\/fr\/wp-json\/wp\/v2\/product"}],"about":[{"href":"https:\/\/jonglezpublishing.com\/fr\/wp-json\/wp\/v2\/types\/product"}],"wp:featuredmedia":[{"embeddable":true,"href":"https:\/\/jonglezpublishing.com\/fr\/wp-json\/wp\/v2\/media\/14323"}],"wp:attachment":[{"href":"https:\/\/jonglezpublishing.com\/fr\/wp-json\/wp\/v2\/media?parent=3927"}],"wp:term":[{"taxonomy":"product_brand","embeddable":true,"href":"https:\/\/jonglezpublishing.com\/fr\/wp-json\/wp\/v2\/product_brand?post=3927"},{"taxonomy":"product_cat","embeddable":true,"href":"https:\/\/jonglezpublishing.com\/fr\/wp-json\/wp\/v2\/product_cat?post=3927"},{"taxonomy":"product_tag","embeddable":true,"href":"https:\/\/jonglezpublishing.com\/fr\/wp-json\/wp\/v2\/product_tag?post=3927"}],"curies":[{"name":"wp","href":"https:\/\/api.w.org\/{rel}","templated":true}]}}