{"id":3937,"date":"2019-03-11T21:24:34","date_gmt":"2019-03-11T19:24:34","guid":{"rendered":"https:\/\/jonglez.timeforcoffee.gr\/?post_type=product&#038;p=3937"},"modified":"2026-01-05T17:45:39","modified_gmt":"2026-01-05T15:45:39","slug":"pays-basque-%e2%80%a8insolite-et-secret","status":"publish","type":"product","link":"https:\/\/jonglezpublishing.com\/fr\/produit\/pays-basque-%e2%80%a8insolite-et-secret\/","title":{"rendered":"PAYS BASQUE  INSOLITE ET SECRET"},"content":{"rendered":"<div class=\"wpb-content-wrapper\"><p>[vc_row][vc_column][vc_column_text css=\u00a0\u00bb\u00a0\u00bb woodmart_inline=\u00a0\u00bbno\u00a0\u00bb text_larger=\u00a0\u00bbno\u00a0\u00bb]<\/p>\n<p class=\"p1\">Faites une balade dans la montagne au clair de lune, remontez aux sources de la Nive ou \u00e0 la pr\u00e9histoire dans les grottes d\u2019Isturitz. D\u00e9couvrez l\u2019histoire des cagots, de la chistera, de la langue basque, des mascarades, de la premi\u00e8re Miss France, de la chasse aux sorci\u00e8res ou de Basajaun, le seigneur de la nature. Visitez la crypte du chevalier Firmin Van Bree, la maison de la derni\u00e8re beno\u00eete, l\u2019incroyable salle de la Verna, la chapelle de paille et le dernier mikv\u00e9. D\u00e9busquez l\u2019homme vert de la cath\u00e9drale et les derni\u00e8res maisons en bois de Bayonne, la pierre manquante du pont\u00a0des Laminak, les peintures turques de l\u2019\u00e9glise d\u2019Esp\u00e8s ou les\u00a0chapiteaux \u00e9rotiques de Sainte-Engr\u00e2ce&#8230;<\/p>\n<p class=\"p1\">Loin des foules et des clich\u00e9s habituels, le Pays basque, fort de ses traditions, garde encore des tr\u00e9sors bien cach\u00e9s qu\u2019il\u00a0ne r\u00e9v\u00e8le qu\u2019\u00e0 ses habitants et aux voyageurs qui savent\u00a0sortir des sentiers battus.<\/p>\n<p class=\"p1\">Un guide indispensable pour ceux\u00a0qui pensent bien conna\u00eetre le Pays basque ou pour ceux qui\u00a0souhaitent d\u00e9couvrir un autre visage de la r\u00e9gion.<\/p>\n<p><b>AUTEURS\u00a0<\/b>: Olivia Gemain et Bernard Maymou<br \/>\n<b>PAGES <\/b>: 384<br \/>\n<b>FORMAT <\/b>: 10.5 x 19 cm<br \/>\n<b>ISBN <\/b>: 978-2-36195-689-9<br \/>\n<b>PRIX <\/b>: 18,95 \u20ac [prix valable en France]<br \/>\n<b>CONTACT <\/b>: <a href=\"mailto:info@editionsjonglez.com\">info@editionsjonglez.com<\/a><\/p>\n<div class=\"buttons_cont\">\n<div align=\"center\"><\/div>\n<div class=\"button_cont\" align=\"center\"><a class=\"gv_product_btn\" href=\"https:\/\/jonglezpublishing.com\/wp-content\/uploads\/2019\/03\/NEWPays-Basque_RVB-scaled.jpg\" target=\"_blank\" rel=\"noopener\">T\u00e9l\u00e9charger la couverture<\/a><\/div>\n<div class=\"button_cont\" align=\"center\"><a class=\"gv_product_btn\" href=\"https:\/\/jonglezpublishing.com\/wp-content\/uploads\/2024\/06\/Extrait-Pays-Basque.pdf\" target=\"_blank\" rel=\"noopener\">Consulter le PDF<\/a><\/div>\n<div class=\"button_cont\" align=\"center\"><a class=\"gv_product_btn\" href=\"https:\/\/www.amazon.fr\/-\/en\/basque-insolite-secret-Bernard-Maymou\/dp\/2361956896\/ref=sr_1_1?crid=31UW8B6IQAYWS&amp;dib=eyJ2IjoiMSJ9.vuVs9x0M06i80lDBuXZShqRn5IB6_X2W5CP1iap3EZng0XLmlLWsq1bzDr_YNjAeSZcXf3g6U9DU4NmCl3BSkg.8ZIRs0bceS-aLmnrgNIlIuoRMmDO3B5eDbd6IUsF-78&amp;dib_tag=se&amp;keywords=PAYS+BASQUE+INSOLITE+ET+SECRET&amp;qid=1767627878&amp;sprefix=pays+basque+insolite+et+secret%2Caps%2C436&amp;sr=8-1\" target=\"_blank\" rel=\"noopener\">Acheter en ligne<\/a><\/div>\n<\/div>\n<p>[\/vc_column_text][\/vc_column][\/vc_row]<\/p>\n<\/div>","protected":false},"excerpt":{"rendered":"<p>[vc_row][vc_column][vc_column_text css=\u00a0\u00bb\u00a0\u00bb woodmart_inline=\u00a0\u00bbno\u00a0\u00bb text_larger=\u00a0\u00bbno\u00a0\u00bb] Faites une balade dans la montagne au clair de lune, remontez aux sources de la Nive<\/p>\n","protected":false},"featured_media":12718,"template":"","meta":[],"product_brand":[],"product_cat":[283,420],"product_tag":[286,375,376],"class_list":{"0":"post-3937","1":"product","2":"type-product","3":"status-publish","4":"has-post-thumbnail","6":"product_cat-french-2","7":"product_cat-guides-insolites","8":"product_tag-editions-jonglez","9":"product_tag-pays-basque","10":"product_tag-pays-basque-insolite","12":"first","13":"instock","14":"shipping-taxable","15":"product-type-simple"},"aioseo_notices":[],"_links":{"self":[{"href":"https:\/\/jonglezpublishing.com\/fr\/wp-json\/wp\/v2\/product\/3937","targetHints":{"allow":["GET"]}}],"collection":[{"href":"https:\/\/jonglezpublishing.com\/fr\/wp-json\/wp\/v2\/product"}],"about":[{"href":"https:\/\/jonglezpublishing.com\/fr\/wp-json\/wp\/v2\/types\/product"}],"wp:featuredmedia":[{"embeddable":true,"href":"https:\/\/jonglezpublishing.com\/fr\/wp-json\/wp\/v2\/media\/12718"}],"wp:attachment":[{"href":"https:\/\/jonglezpublishing.com\/fr\/wp-json\/wp\/v2\/media?parent=3937"}],"wp:term":[{"taxonomy":"product_brand","embeddable":true,"href":"https:\/\/jonglezpublishing.com\/fr\/wp-json\/wp\/v2\/product_brand?post=3937"},{"taxonomy":"product_cat","embeddable":true,"href":"https:\/\/jonglezpublishing.com\/fr\/wp-json\/wp\/v2\/product_cat?post=3937"},{"taxonomy":"product_tag","embeddable":true,"href":"https:\/\/jonglezpublishing.com\/fr\/wp-json\/wp\/v2\/product_tag?post=3937"}],"curies":[{"name":"wp","href":"https:\/\/api.w.org\/{rel}","templated":true}]}}