{"id":3959,"date":"2019-03-11T21:34:22","date_gmt":"2019-03-11T19:34:22","guid":{"rendered":"https:\/\/jonglez.timeforcoffee.gr\/?post_type=product&#038;p=3959"},"modified":"2023-03-09T15:22:40","modified_gmt":"2023-03-09T13:22:40","slug":"normandie-insolite-et-secrete","status":"publish","type":"product","link":"https:\/\/jonglezpublishing.com\/fr\/produit\/normandie-insolite-et-secrete\/","title":{"rendered":"NORMANDIE INSOLITE ET SECR\u00c8TE"},"content":{"rendered":"<p>Glissez-vous dans un atelier d\u2019artiste install\u00e9 dans un ch\u00e2teau, d\u00e9couvrez des chapelles am\u00e9nag\u00e9es dans un arbre mill\u00e9naire, versez du calvados dans une tombe du village de Camembert, recueillez-vous sur un site o\u00f9 la Vierge est apparue vingt fois, d\u00e9chiffrez les d\u00e9corations alchimiques de l\u2019H\u00f4tel d\u2019Escoville \u00e0 Caen, examinez une piscine historique con\u00e7ue pour nettoyer les chevaux, d\u00e9busquez un architecte franc-ma\u00e7on dans la cath\u00e9drale de Rouen&#8230;<\/p>\n<p>Loin des foules et des clich\u00e9s habituels, la Normandie garde encore des tr\u00e9sors bien caches qu\u2019elle ne r\u00e9v\u00e8le qu\u2019\u00e0 ses habitants et aux voyageurs qui savent sortir des sentiers battus.<\/p>\n<p>Un guide indispensable pour ceux qui pensent bien conna\u00eetre la Normandie ou pour ceux qui souhaitent d\u00e9couvrir un autre visage de la r\u00e9gion.<\/p>\n<p>&nbsp;<\/p>\n<p class=\"p1\"><span class=\"s1\"><b>AUTEUR <\/b>: Jean-Christophe Collet et Alain Joubert<\/span><span class=\"s1\"><br \/>\n<\/span><span class=\"s1\"><b>PAGES : <\/b>352<br \/>\n<\/span><span class=\"s1\"><b>FORMAT <\/b>: 10.5 x 19 cm<br \/>\n<\/span><span class=\"s1\"><b>ISBN <\/b>: 978-2-36195-630-1<\/span><br \/>\n<span class=\"s1\"><b>PRIX <\/b>: 18,95 \u20ac <\/span>prix valable en France<br \/>\n<span class=\"s1\"><b>CONTACT <\/b>: <a href=\"mailto:info@editionsjonglez.com\">info@editionsjonglez.com<\/a><\/span><\/p>\n<div class=\"buttons_cont\">\n<div align=\"center\"><\/div>\n<div class=\"button_cont\" align=\"center\"><a class=\"gv_product_btn\" href=\"https:\/\/jonglezpublishing.com\/wp-content\/uploads\/2023\/03\/Couv-Normandie-.jpg\" target=\"_blank\" rel=\"noopener\">T\u00e9l\u00e9charger la couverture<\/a><\/div>\n<div class=\"button_cont\" align=\"center\"><a class=\"gv_product_btn\" href=\"https:\/\/jonglezpublishing.com\/wp-content\/uploads\/2023\/03\/Extrait-Normandie-1.pdf\" target=\"_blank\" rel=\"noopener\">Consulter le PDF<\/a><\/div>\n<\/div>\n<div class=\"buttons_cont\"><\/div>\n","protected":false},"excerpt":{"rendered":"<p>Glissez-vous dans un atelier d\u2019artiste install\u00e9 dans un ch\u00e2teau, d\u00e9couvrez des chapelles am\u00e9nag\u00e9es dans un arbre mill\u00e9naire, versez du calvados<\/p>\n","protected":false},"featured_media":10927,"template":"","meta":[],"product_brand":[],"product_cat":[283,292,420],"product_tag":[286,380,381],"class_list":{"0":"post-3959","1":"product","2":"type-product","3":"status-publish","4":"has-post-thumbnail","6":"product_cat-french-2","7":"product_cat-french-fr","8":"product_cat-guides-insolites","9":"product_tag-editions-jonglez","10":"product_tag-normandie","11":"product_tag-normandie-insolite","13":"first","14":"instock","15":"shipping-taxable","16":"product-type-simple"},"aioseo_notices":[],"_links":{"self":[{"href":"https:\/\/jonglezpublishing.com\/fr\/wp-json\/wp\/v2\/product\/3959","targetHints":{"allow":["GET"]}}],"collection":[{"href":"https:\/\/jonglezpublishing.com\/fr\/wp-json\/wp\/v2\/product"}],"about":[{"href":"https:\/\/jonglezpublishing.com\/fr\/wp-json\/wp\/v2\/types\/product"}],"wp:featuredmedia":[{"embeddable":true,"href":"https:\/\/jonglezpublishing.com\/fr\/wp-json\/wp\/v2\/media\/10927"}],"wp:attachment":[{"href":"https:\/\/jonglezpublishing.com\/fr\/wp-json\/wp\/v2\/media?parent=3959"}],"wp:term":[{"taxonomy":"product_brand","embeddable":true,"href":"https:\/\/jonglezpublishing.com\/fr\/wp-json\/wp\/v2\/product_brand?post=3959"},{"taxonomy":"product_cat","embeddable":true,"href":"https:\/\/jonglezpublishing.com\/fr\/wp-json\/wp\/v2\/product_cat?post=3959"},{"taxonomy":"product_tag","embeddable":true,"href":"https:\/\/jonglezpublishing.com\/fr\/wp-json\/wp\/v2\/product_tag?post=3959"}],"curies":[{"name":"wp","href":"https:\/\/api.w.org\/{rel}","templated":true}]}}