{"id":3965,"date":"2019-03-11T21:37:35","date_gmt":"2019-03-11T19:37:35","guid":{"rendered":"https:\/\/jonglez.timeforcoffee.gr\/?post_type=product&#038;p=3965"},"modified":"2025-04-21T15:50:34","modified_gmt":"2025-04-21T12:50:34","slug":"marseille-insolite-et-secrete","status":"publish","type":"product","link":"https:\/\/jonglezpublishing.com\/fr\/produit\/marseille-insolite-et-secrete\/","title":{"rendered":"MARSEILLE INSOLITE ET SECR\u00c8TE"},"content":{"rendered":"<p class=\"p1\">Un vestige du pont-transbordeur, des jardins ouvriers cach\u00e9s, le solstice observ\u00e9 au Palais Longchamp, des nudistes \u00e0 l\u2019h\u00f4pital Caroline, les vestiges des refuges de la Seconde Guerre mondiale, un fantastique circuit de mod\u00e9lisme ferroviaire, les sept p\u00e9ch\u00e9s capitaux sur les murs de la prison des Baumettes, le mont Canigou vu de Marseille, le tribunal qui conserve le supplice de la roue, les vestiges du premier t\u00e9l\u00e9ph\u00e9rique sous-marin au monde, les ex-voto des lavandi\u00e8res, l\u2019avenue de l\u2019imposteur, des caves datant de Louis XIV au sous-sol d\u2019un sex-shop, la p\u00eache miraculeuse de Louis XIII, le plus long banc du monde&#8230;<\/p>\n<p class=\"p1\">Loin des foules et des clich\u00e9s habituels, Marseille garde encore des tr\u00e9sors bien cach\u00e9s qu\u2019elle ne r\u00e9v\u00e8le qu\u2019aux habitants et aux voyageurs qui savent sortir des sentiers battus.<\/p>\n<p class=\"p1\">Un guide indispensable pour ceux qui pensaient bien conna\u00eetre Marseille ou pour ceux qui souhaitent d\u00e9couvrir l\u2019autre visage de la ville.<\/p>\n<p class=\"p1\">Couverture : \u00a9 Ewan Harvey &#8211; Unsplash<\/p>\n<p>&nbsp;<\/p>\n<p class=\"p1\"><em><span class=\"s1\">O<\/span>riginaire de Marseille et vivant \u00e0 Cassis, <strong>Jean-Pierre Cassely<\/strong> a travaill\u00e9 dix ans pour France\u00a03 puis a explor\u00e9 le son, la vid\u00e9o et la t\u00e9l\u00e9vision (avec\u00a0son complice de toujours Philippe Carrese). Un jour\u00a0\u00e0 Paris c\u2019est la r\u00e9v\u00e9lation. Des visites insolites mettent\u00a0en valeur les secrets de l\u2019\u00eele Saint-Louis, les coins cach\u00e9s\u00a0de Montmartre ou l\u2019humour noir au P\u00e8re-Lachaise.\u00a0Dans le TGV du retour, Jean-Pierre pense d\u00e9j\u00e0 \u00e0 toutes\u00a0les anecdotes du pass\u00e9 et du pr\u00e9sent qu\u2019il a pass\u00e9 sa vie \u00e0 collecter en Provence. Premier essai \u00e0 Cassis avec\u00a0la visite insolite du village puis Marseille, Aix, Sanary et, depuis peu, Toulon. Une approche \u00ab historico-people\u00a0\u00bb, humoristique et parfois sulfureuse. On\u00a0retrouve aussi Jean-Pierre tous les jours sur les ondes avec\u00a0une chronique quotidienne sur France Bleu Provence\u00a0intitul\u00e9e justement : \u00ab Provence insolite \u00bb.\u00a0<\/em>Informations sur les promenades racont\u00e9es insolites : provence-insolite.org<\/p>\n<p class=\"p1\"><em><span class=\"s1\">A<\/span>pr\u00e8s avoir grandi au Za\u00efre et bourlingu\u00e9 aux\u00a0\u00c9tats-Unis, dans le Pacifique Sud, l\u2019Australie,\u00a0la Papouasie et l\u2019Indon\u00e9sie, <strong>\u00c9l\u00e9onore Quemener<\/strong> se\u00a0lance en France dans le th\u00e9\u00e2tre puis le journalisme.\u00a0Elle s\u2019installe \u00e0 Marseille en 2001, \u00e9crit la premi\u00e8re\u00a0\u00e9dition de Marseille insolite et secr\u00e8te et devient\u00a0psychoth\u00e9rapeute \u00e9nerg\u00e9ticienne et praticienne en\u00a0\u00e9nerg\u00e9tique chinoise.<\/em><\/p>\n<p>&nbsp;<\/p>\n<p><b>AUTEURS <\/b>: \u00c9l\u00e9onore Quemener et Jean-Pierre Cassely<br \/>\n<strong>\u00c9DITION<\/strong> : 07<br \/>\n<b>PAGES <\/b>: 304<br \/>\n<b>FORMAT <\/b>: 10.5 x 19 cm<br \/>\n<b>ISBN <\/b>: 978-2-36195-789-6<br \/>\n<b>PRIX <\/b>: 18,95 \u20ac<br \/>\n<b>CONTACT <\/b>: <a href=\"mailto:info@editionsjonglez.com\">info@editionsjonglez.com<\/a><\/p>\n<div class=\"buttons_cont\">\n<div class=\"button_cont\" align=\"center\"><a class=\"gv_product_btn\" href=\"https:\/\/jonglezpublishing.com\/wp-content\/uploads\/2019\/03\/Couv_Marseille_RVB-scaled.jpg\" target=\"_blank\" rel=\"noopener\">T\u00e9l\u00e9charger la couverture<\/a><\/div>\n<div class=\"button_cont\" align=\"center\"><a class=\"gv_product_btn\" href=\"https:\/\/jonglezpublishing.com\/wp-content\/uploads\/2025\/04\/Extrait-PDF-Marseille.pdf\" target=\"_blank\" rel=\"noopener\">Consulter le PDF<\/a><\/div>\n<div class=\"button_cont\" align=\"center\"><a class=\"gv_product_btn\" href=\"https:\/\/livre.fnac.com\/a16755898\/Eleonore-Quemener-Marseille-insolite-et-secrete#omnsearchpos=2\" target=\"_blank\" rel=\"noopener noreferrer\">Acheter en ligne<\/a><\/div>\n<\/div>\n","protected":false},"excerpt":{"rendered":"<p>Un vestige du pont-transbordeur, des jardins ouvriers cach\u00e9s, le solstice observ\u00e9 au Palais Longchamp, des nudistes \u00e0 l\u2019h\u00f4pital Caroline, les<\/p>\n","protected":false},"featured_media":13745,"template":"","meta":[],"product_brand":[],"product_cat":[283,420],"product_tag":[286,382,383],"class_list":{"0":"post-3965","1":"product","2":"type-product","3":"status-publish","4":"has-post-thumbnail","6":"product_cat-french-2","7":"product_cat-guides-insolites","8":"product_tag-editions-jonglez","9":"product_tag-marseille","10":"product_tag-marseille-insolite","12":"first","13":"instock","14":"shipping-taxable","15":"product-type-simple"},"aioseo_notices":[],"_links":{"self":[{"href":"https:\/\/jonglezpublishing.com\/fr\/wp-json\/wp\/v2\/product\/3965","targetHints":{"allow":["GET"]}}],"collection":[{"href":"https:\/\/jonglezpublishing.com\/fr\/wp-json\/wp\/v2\/product"}],"about":[{"href":"https:\/\/jonglezpublishing.com\/fr\/wp-json\/wp\/v2\/types\/product"}],"wp:featuredmedia":[{"embeddable":true,"href":"https:\/\/jonglezpublishing.com\/fr\/wp-json\/wp\/v2\/media\/13745"}],"wp:attachment":[{"href":"https:\/\/jonglezpublishing.com\/fr\/wp-json\/wp\/v2\/media?parent=3965"}],"wp:term":[{"taxonomy":"product_brand","embeddable":true,"href":"https:\/\/jonglezpublishing.com\/fr\/wp-json\/wp\/v2\/product_brand?post=3965"},{"taxonomy":"product_cat","embeddable":true,"href":"https:\/\/jonglezpublishing.com\/fr\/wp-json\/wp\/v2\/product_cat?post=3965"},{"taxonomy":"product_tag","embeddable":true,"href":"https:\/\/jonglezpublishing.com\/fr\/wp-json\/wp\/v2\/product_tag?post=3965"}],"curies":[{"name":"wp","href":"https:\/\/api.w.org\/{rel}","templated":true}]}}