{"id":3971,"date":"2019-03-11T21:41:04","date_gmt":"2019-03-11T19:41:04","guid":{"rendered":"https:\/\/jonglez.timeforcoffee.gr\/?post_type=product&#038;p=3971"},"modified":"2021-12-05T08:17:12","modified_gmt":"2021-12-05T06:17:12","slug":"lille-meconnu","status":"publish","type":"product","link":"https:\/\/jonglezpublishing.com\/fr\/produit\/lille-meconnu\/","title":{"rendered":"LILLE M\u00c9CONNU"},"content":{"rendered":"<p class=\"p2\">Des plantes textiles qui rappellent la pr\u00e9sence d\u2019une ancienne usine, la visite du domicile personnel du g\u00e9n\u00e9ral de la force d\u2019action terrestre de Lille, un curieux dolmen au cimeti\u00e8re du sud, des maisons en bois que l\u2019on pouvait volontairement incendier en cas de si\u00e8ge militaire, des jardins potagers cach\u00e9s, une collection anatomique \u00e0 couper le souffle, les secrets des g\u00e9ants du Nord, un hommage au pigeon-soldat, les vestiges du palais des mille et une nuits de Vaissier, un mus\u00e9e dans le clocher d\u2019une \u00e9glise&#8230;<\/p>\n<p class=\"p2\">Loin des foules et des clich\u00e9s habituels, Lille et son agglom\u00e9ration gardent encore des tr\u00e9sors bien cach\u00e9s qu\u2019elles ne r\u00e9v\u00e8lent qu\u2019aux habitants et aux voyageurs qui savent sortir des sentiers battus.<\/p>\n<p class=\"p3\">Un guide indispensable pour ceux qui pensaient bien conna\u00eetre Lille et ses environs ou pour ceux qui souhaitent d\u00e9couvrir l\u2019autre visage de l\u2019agglom\u00e9ration.<\/p>\n<p>&nbsp;<\/p>\n<p><b>AUTEURS <\/b>: Gw\u00e9na\u00eblle Versm\u00e9e &amp; C\u00e9dric Ramon<br \/>\n<b>PAGES : <\/b>208<br \/>\n<b>FORMAT <\/b>: 10.5 x 19 cm<br \/>\n<b>ISBN <\/b>: <span data-sheets-value=\"{&quot;1&quot;:2,&quot;2&quot;:&quot;978-2-36195-490-1&quot;}\" data-sheets-userformat=\"{&quot;2&quot;:12867,&quot;3&quot;:{&quot;1&quot;:0},&quot;4&quot;:[null,2,16776960],&quot;9&quot;:1,&quot;12&quot;:0,&quot;15&quot;:&quot;Cambria&quot;,&quot;16&quot;:11}\">978-2-36195-490-1<\/span><br \/>\n<b>PRIX <\/b>: 17,95 \u20ac [prix valable en France]<br \/>\n<b>CONTACT <\/b>: <a href=\"mailto:infos@editionsjonglez.com\">infos@editionsjonglez.com<\/a><\/p>\n<div class=\"buttons_cont\">\n<div align=\"center\"><\/div>\n<div class=\"button_cont\" align=\"center\"><a class=\"gv_product_btn\" href=\"https:\/\/jonglezpublishing.com\/wp-content\/uploads\/2019\/03\/Lille-FR-2021.jpg\" target=\"_blank\" rel=\"noopener noreferrer\">T\u00e9l\u00e9charger la couverture<\/a><\/div>\n<div class=\"button_cont\" align=\"center\"><a class=\"gv_product_btn\" href=\"https:\/\/jonglezpublishing.com\/wp-content\/uploads\/2019\/03\/Extrait-Lille-me\u0301connu.pdf\" target=\"_blank\" rel=\"noopener noreferrer\">Consulter le PDF<\/a><\/div>\n<div class=\"button_cont\" align=\"center\"><a class=\"gv_product_btn\" href=\"https:\/\/livre.fnac.com\/a15205069\/Gwenaelle-Versmee-Lille-meconnu-et-alentours#omnsearchpos=1\" target=\"_blank\" rel=\"noopener noreferrer\">Acheter en ligne<\/a><\/div>\n<\/div>\n","protected":false},"excerpt":{"rendered":"<p>Des plantes textiles qui rappellent la pr\u00e9sence d\u2019une ancienne usine, la visite du domicile personnel du g\u00e9n\u00e9ral de la force<\/p>\n","protected":false},"featured_media":9188,"template":"","meta":[],"product_brand":[],"product_cat":[283,420],"product_tag":[286,384,385],"class_list":{"0":"post-3971","1":"product","2":"type-product","3":"status-publish","4":"has-post-thumbnail","6":"product_cat-french-2","7":"product_cat-guides-insolites","8":"product_tag-editions-jonglez","9":"product_tag-lille","10":"product_tag-lille-meconnu","12":"first","13":"instock","14":"shipping-taxable","15":"product-type-simple"},"aioseo_notices":[],"_links":{"self":[{"href":"https:\/\/jonglezpublishing.com\/fr\/wp-json\/wp\/v2\/product\/3971","targetHints":{"allow":["GET"]}}],"collection":[{"href":"https:\/\/jonglezpublishing.com\/fr\/wp-json\/wp\/v2\/product"}],"about":[{"href":"https:\/\/jonglezpublishing.com\/fr\/wp-json\/wp\/v2\/types\/product"}],"wp:featuredmedia":[{"embeddable":true,"href":"https:\/\/jonglezpublishing.com\/fr\/wp-json\/wp\/v2\/media\/9188"}],"wp:attachment":[{"href":"https:\/\/jonglezpublishing.com\/fr\/wp-json\/wp\/v2\/media?parent=3971"}],"wp:term":[{"taxonomy":"product_brand","embeddable":true,"href":"https:\/\/jonglezpublishing.com\/fr\/wp-json\/wp\/v2\/product_brand?post=3971"},{"taxonomy":"product_cat","embeddable":true,"href":"https:\/\/jonglezpublishing.com\/fr\/wp-json\/wp\/v2\/product_cat?post=3971"},{"taxonomy":"product_tag","embeddable":true,"href":"https:\/\/jonglezpublishing.com\/fr\/wp-json\/wp\/v2\/product_tag?post=3971"}],"curies":[{"name":"wp","href":"https:\/\/api.w.org\/{rel}","templated":true}]}}