{"id":3977,"date":"2019-03-11T21:51:03","date_gmt":"2019-03-11T19:51:03","guid":{"rendered":"https:\/\/jonglez.timeforcoffee.gr\/?post_type=product&#038;p=3977"},"modified":"2024-09-05T14:03:17","modified_gmt":"2024-09-05T11:03:17","slug":"cote-dazur-%e2%80%a8insolite-et-secrete","status":"publish","type":"product","link":"https:\/\/jonglezpublishing.com\/fr\/produit\/cote-dazur-%e2%80%a8insolite-et-secrete\/","title":{"rendered":"C\u00d4TE D\u2019AZUR \u2028INSOLITE ET SECR\u00c8TE"},"content":{"rendered":"<p>Une villa priv\u00e9e tatou\u00e9e par Cocteau, un immense rocher artificiel au milieu d\u2019une rue de Nice, la p\u00e9tanque avec des boules carr\u00e9es, un surprenant puits a\u00e9rien, des vitraux en plastique, un banc en marbre pour le fils h\u00e9mophile de la reine d\u2019Angleterre, un canon qui crache des noyaux de cerises, un cochon porte-bonheur, une myst\u00e9rieuse pyramide, un tr\u00e8s curieux palindrome, un masque \u00e0 gaz pour cheval, un ca\u00efman d\u00e9di\u00e9 \u00e0 la Vierge Marie, une statue sculpt\u00e9e par saint Luc, des ressuscit\u00e9s qui sortent de leur caveau, un mus\u00e9e \u00e9sot\u00e9rique, la plage de Babar, les premiers seins nus de la C\u00f4te d\u2019Azur, des croix basques dans l\u2019arri\u00e8re-pays ni\u00e7ois, le lustre d\u2019un casino dans le ch\u0153ur d\u2019une \u00e9glise, une horloge int\u00e9gr\u00e9e \u00e0 un obus de la Premi\u00e8re Guerre mondiale&#8230;<\/p>\n<p>La C\u00f4te d\u2019Azur ne se limite pas aux clich\u00e9s de ses plages, des yachts priv\u00e9s et des h\u00f4tels de luxe.<\/p>\n<p>Pour qui sait sortir des sentiers battus, la C\u00f4te d\u2019Azur regorge de d\u00e9tails surprenants et de curiosit\u00e9s. Elle saura encore \u00e9tonner ses habitants ainsi que ses visiteurs qui croyaient bien la conna\u00eetre.<\/p>\n<p>Photo de couverture : \u00a9 Maxence Werp sur Unsplash<\/p>\n<p><em>Originaire de Marseille et vivant \u00e0 Cassis, <b>Jean-Pierre Cassely<\/b> a travaill\u00e9 dix ans pour France 3 puis a explor\u00e9 le son, la vid\u00e9o et la t\u00e9l\u00e9vision (avec son complice de toujours Philippe Carrese). Un jour \u00e0 Paris, c\u2019est la r\u00e9v\u00e9lation. Des visites insolites mettent en valeur les secrets de l\u2019\u00eele Saint-Louis, les coins cach\u00e9s de Montmartre ou l\u2019humour noir au P\u00e8re-Lachaise. Dans le TGV du retour, Jean-Pierre pense d\u00e9j\u00e0 \u00e0 toutes les anecdotes du pass\u00e9 et du pr\u00e9sent qu\u2019il a pass\u00e9 sa vie \u00e0 collecter continuellement en Provence. Premier essai \u00e0 Cassis avec la visite insolite du village puis Marseille, Aix, Sanary et, depuis peu, Toulon. Une approche \u00ab historico-people \u00bb, humoristique et parfois sulfureuse. On retrouve aussi Jean-Pierre tous les jours sur les ondes avec une chronique quotidienne sur France Bleu Provence intitul\u00e9e justement : \u00abProvence\u00a0<\/em><em>Insolite \u00bb. Informations sur les promenades racont\u00e9es insolites : <a href=\"http:\/\/www.provence-insolite.org\">www.provence-insolite.org<\/a>.<\/em><\/p>\n<p>&nbsp;<\/p>\n<p><b>AUTEUR <\/b>: Jean-Pierre Cassely<br \/>\n<b>PAGES : <\/b>304<br \/>\n<b>FORMAT <\/b>: 10.5 x 19 cm<br \/>\n<b>ISBN <\/b>: 978-2-36195-648-6<br \/>\n<b>PRIX <\/b>: 18,95 \u20ac<br \/>\n<b>CONTACT <\/b>: <a href=\"mailto:infos@editionsjonglez.com\">infos@editionsjonglez.com<\/a><\/p>\n<p>&nbsp;<\/p>\n<div class=\"buttons_cont\">\n<div class=\"button_cont\" align=\"center\">\n<div class=\"button_cont\" align=\"center\"><a class=\"gv_product_btn\" href=\"https:\/\/jonglezpublishing.com\/wp-content\/uploads\/2019\/03\/NEW_couv_Co\u2560ete-dAzur_RVB-1-scaled.jpg\" target=\"_blank\" rel=\"noopener\">T\u00e9l\u00e9charger la couverture<\/a><\/div>\n<div class=\"button_cont\" align=\"center\"><a class=\"gv_product_btn\" href=\"https:\/\/jonglezpublishing.com\/wp-content\/uploads\/2024\/09\/Extrait-PDF-Cote-dAzur-1.pdf\" target=\"_blank\" rel=\"noopener\">Consulter le PDF<\/a><\/div>\n<div class=\"button_cont\" align=\"center\"><a class=\"gv_product_btn\" href=\"https:\/\/www.amazon.fr\/dAzur-insolite-secr%C3%A8te-Jean-pierre-Cassely\/dp\/2361952599\/ref=sr_1_1?__mk_fr_FR=%C3%85M%C3%85%C5%BD%C3%95%C3%91&amp;crid=1UMRX5KST3XVY&amp;dib=eyJ2IjoiMSJ9.o_uSxN6nRcfc4Q8HHsN72bAYPz6YsOeJn_yclOMB8cXyS-EVb8PijCgOzF8jqP8I5XMuzPVLCCYikBQHGQ9UYE7KM6Nnl3Q7i3emyDKe_afgn17nTLHrWv3x_3S5OG8kqFYCx90TyRNx1jy5na-7ePIPBEDLMp39KyVwCY5DolHPfD3aUKMaDeey4kwJuv6-BtWBfNoGptl0lts0Bto4fJUbBO5Dzgz3GiB4XYXAYPv_gBAOutw39SLcVZMyaY-44UCj6kq6HLqrjn3Jo_Bbuw.pY7eaS4qo1cXfyZj63PwSl2HmqgyumKbrUdFw1sT4nI&amp;dib_tag=se&amp;keywords=C%C3%94TE+D%E2%80%99AZUR+INSOLITE+ET+SECR%C3%88TE&amp;qid=1725534083&amp;sprefix=bali+insolite+et+secr%C3%A8te%2Caps%2C1041&amp;sr=8-1\" target=\"_blank\" rel=\"noopener\">Acheter en ligne<\/a><\/div>\n<\/div>\n<\/div>\n","protected":false},"excerpt":{"rendered":"<p>Une villa priv\u00e9e tatou\u00e9e par Cocteau, un immense rocher artificiel au milieu d\u2019une rue de Nice, la p\u00e9tanque avec des<\/p>\n","protected":false},"featured_media":13072,"template":"","meta":[],"product_brand":[],"product_cat":[283,292,420],"product_tag":[386,387,286],"class_list":{"0":"post-3977","1":"product","2":"type-product","3":"status-publish","4":"has-post-thumbnail","6":"product_cat-french-2","7":"product_cat-french-fr","8":"product_cat-guides-insolites","9":"product_tag-cote-dazur","10":"product_tag-cote-dazur-insolite","11":"product_tag-editions-jonglez","13":"first","14":"instock","15":"shipping-taxable","16":"product-type-simple"},"aioseo_notices":[],"_links":{"self":[{"href":"https:\/\/jonglezpublishing.com\/fr\/wp-json\/wp\/v2\/product\/3977","targetHints":{"allow":["GET"]}}],"collection":[{"href":"https:\/\/jonglezpublishing.com\/fr\/wp-json\/wp\/v2\/product"}],"about":[{"href":"https:\/\/jonglezpublishing.com\/fr\/wp-json\/wp\/v2\/types\/product"}],"wp:featuredmedia":[{"embeddable":true,"href":"https:\/\/jonglezpublishing.com\/fr\/wp-json\/wp\/v2\/media\/13072"}],"wp:attachment":[{"href":"https:\/\/jonglezpublishing.com\/fr\/wp-json\/wp\/v2\/media?parent=3977"}],"wp:term":[{"taxonomy":"product_brand","embeddable":true,"href":"https:\/\/jonglezpublishing.com\/fr\/wp-json\/wp\/v2\/product_brand?post=3977"},{"taxonomy":"product_cat","embeddable":true,"href":"https:\/\/jonglezpublishing.com\/fr\/wp-json\/wp\/v2\/product_cat?post=3977"},{"taxonomy":"product_tag","embeddable":true,"href":"https:\/\/jonglezpublishing.com\/fr\/wp-json\/wp\/v2\/product_tag?post=3977"}],"curies":[{"name":"wp","href":"https:\/\/api.w.org\/{rel}","templated":true}]}}