{"id":3983,"date":"2019-03-11T21:57:53","date_gmt":"2019-03-11T19:57:53","guid":{"rendered":"https:\/\/jonglez.timeforcoffee.gr\/?post_type=product&#038;p=3983"},"modified":"2025-06-20T08:59:02","modified_gmt":"2025-06-20T05:59:02","slug":"provence-insolite-et-secrete","status":"publish","type":"product","link":"https:\/\/jonglezpublishing.com\/fr\/produit\/provence-insolite-et-secrete\/","title":{"rendered":"PROVENCE INSOLITE ET SECR\u00c8TE"},"content":{"rendered":"<p>Un cadran lunaire dans les Alpilles, un village du Haut-Var auquel Louis XIV doit sa naissance, une th\u00e9orie selon laquelle sainte Sara serait en r\u00e9alit\u00e9 la fille de J\u00e9sus et de Marie-Madeleine, la statue du \u00ab pire saligaud de tous les po\u00e8tes allemands \u00bb, un antipape qui disparut dans le Luberon, un cadran solaire franc-ma\u00e7on, une porte de mariage un peu particuli\u00e8re, les traces des r\u00e9sistants \u00e0 Manosque, une tranch\u00e9e de la Premi\u00e8re Guerre mondiale, de l\u2019art contemporain dans une \u00e9glise du XVIIe si\u00e8cle, des vestiges du culte r\u00e9volutionnaire de l\u2019\u00catre supr\u00eame&#8230;<\/p>\n<p>Pour qui sait sortir des sentiers battus, la Provence regorge de d\u00e9tails et de curiosit\u00e9s surprenantes et saura \u00e9tonner ses habitants aussi bien que les visiteurs qui croyaient bien la conna\u00eetre.<\/p>\n<p>\u00c9galement disponibles pour plonger au c\u0153ur de la Provence :<\/p>\n<p>Avignon insolite et secr\u00e8te, Aix insolite et secr\u00e8te et Marseille insolite et secr\u00e8te. Et pour prolonger la promenade m\u00e9diterran\u00e9enne :<br \/>\nC\u00f4te d\u2019Azur insolite et secr\u00e8te.<\/p>\n<p>&nbsp;<\/p>\n<p><b>AUTEURS\u00a0<\/b>: JEAN-PIERRE CASSELY<br \/>\n<b>PAGES <\/b>: 416<br \/>\n<b>FORMAT <\/b>: 10.5 x 19 cm<br \/>\n<b>ISBN <\/b>: 978-2-36195-860-2<br \/>\n<b>PRIX <\/b>: 19,95 \u20ac<br \/>\n<b>CONTACT <\/b>: <a href=\"mailto:info@editionsjonglez.com\">info@editionsjonglez.com<\/a><\/p>\n<p>&nbsp;<\/p>\n<div class=\"buttons_cont\">\n<div class=\"button_cont\" align=\"center\"><a class=\"gv_product_btn\" href=\"https:\/\/jonglezpublishing.com\/wp-content\/uploads\/2019\/03\/NEW_Couv_Provence_FR_RVB-scaled.jpg\" target=\"_blank\" rel=\"noopener\">T\u00e9l\u00e9charger la couverture<\/a><\/div>\n<div class=\"button_cont\" align=\"center\"><a class=\"gv_product_btn\" href=\"https:\/\/jonglezpublishing.com\/wp-content\/uploads\/2025\/06\/Extrait-PDF-Provence.pdf\" target=\"_blank\" rel=\"noopener\">Consulter le PDF<\/a><\/div>\n<div class=\"button_cont\" align=\"center\"><a class=\"gv_product_btn\" href=\"https:\/\/www.amazon.fr\/Provence-insolite-secr%C3%A8te-Jean-Pierre-Cassely\/dp\/2361955598\/ref=sr_1_1?__mk_fr_FR=%C3%85M%C3%85%C5%BD%C3%95%C3%91&amp;crid=CV454UZJ01LK&amp;keywords=PROVENCE+INSOLITE+ET+SECR%C3%88TE&amp;qid=1689748081&amp;sprefix=bretagne+nord+jonglez%2Caps%2C858&amp;sr=8-1\" target=\"_blank\" rel=\"noopener\">Acheter en ligne<\/a><\/div>\n<\/div>\n","protected":false},"excerpt":{"rendered":"<p>Un cadran lunaire dans les Alpilles, un village du Haut-Var auquel Louis XIV doit sa naissance, une th\u00e9orie selon laquelle<\/p>\n","protected":false},"featured_media":14052,"template":"","meta":[],"product_brand":[],"product_cat":[283,292,420],"product_tag":[388,389,286],"class_list":{"0":"post-3983","1":"product","2":"type-product","3":"status-publish","4":"has-post-thumbnail","6":"product_cat-french-2","7":"product_cat-french-fr","8":"product_cat-guides-insolites","9":"product_tag-bretagne-nord","10":"product_tag-bretagne-nord-insolite","11":"product_tag-editions-jonglez","13":"first","14":"instock","15":"shipping-taxable","16":"product-type-simple"},"aioseo_notices":[],"_links":{"self":[{"href":"https:\/\/jonglezpublishing.com\/fr\/wp-json\/wp\/v2\/product\/3983","targetHints":{"allow":["GET"]}}],"collection":[{"href":"https:\/\/jonglezpublishing.com\/fr\/wp-json\/wp\/v2\/product"}],"about":[{"href":"https:\/\/jonglezpublishing.com\/fr\/wp-json\/wp\/v2\/types\/product"}],"wp:featuredmedia":[{"embeddable":true,"href":"https:\/\/jonglezpublishing.com\/fr\/wp-json\/wp\/v2\/media\/14052"}],"wp:attachment":[{"href":"https:\/\/jonglezpublishing.com\/fr\/wp-json\/wp\/v2\/media?parent=3983"}],"wp:term":[{"taxonomy":"product_brand","embeddable":true,"href":"https:\/\/jonglezpublishing.com\/fr\/wp-json\/wp\/v2\/product_brand?post=3983"},{"taxonomy":"product_cat","embeddable":true,"href":"https:\/\/jonglezpublishing.com\/fr\/wp-json\/wp\/v2\/product_cat?post=3983"},{"taxonomy":"product_tag","embeddable":true,"href":"https:\/\/jonglezpublishing.com\/fr\/wp-json\/wp\/v2\/product_tag?post=3983"}],"curies":[{"name":"wp","href":"https:\/\/api.w.org\/{rel}","templated":true}]}}