{"id":5852,"date":"2019-04-05T22:52:19","date_gmt":"2019-04-05T19:52:19","guid":{"rendered":"https:\/\/jonglezpublishing.com\/product\/bali-insolite-et-secrete\/"},"modified":"2024-09-05T13:57:07","modified_gmt":"2024-09-05T10:57:07","slug":"bali-insolite-et-secrete","status":"publish","type":"product","link":"https:\/\/jonglezpublishing.com\/fr\/produit\/bali-insolite-et-secrete\/","title":{"rendered":"BALI INSOLITE ET SECR\u00c8TE"},"content":{"rendered":"<p>Du sable noir aux vertus curatives, la raison pour laquelle il vaut mieux \u00e9viter de siffler en arpentant les plages \u00e0 la nuit tomb\u00e9e, les rizi\u00e8res en terrasses les plus belles et les moins visit\u00e9es de Bali, un cadeau tr\u00e8s particulier \u00e0 ramener de l\u2019\u00eele, un atelier dans lequel les batiks sont teints au moyen de colorants naturels uniques, un lieu o\u00f9 les couples s\u2019adressent aux esprits pour concevoir un enfant, des pigeons jouant de la fl\u00fbte \u00e0 Ubud, une effrayante rencontre avec les d\u00e9mons les plus redout\u00e9s de Bali, l\u2019une des plus impressionnantes expositions d\u2019art urbain au monde, un arbre que l\u2019homme ne peut planter, une ancienne statue vou\u00e9e \u00e0 la f\u00e9condit\u00e9 promettant \u00ab davantage de p\u00e9nis que la norme \u00bb, la race bovine la plus myst\u00e9rieuse du monde, un village de sourds, une r\u00e9plique en miniature du temple de Borobudur (class\u00e9 par l\u2019UNESCO), de spectaculaires courses de taureaux, la seule plantation de caoutchouc de Bali datant de l\u2019\u00e9poque coloniale&#8230;<\/p>\n<p>Loin des foules et des clich\u00e9s habituels, Bali garde encore des tr\u00e9sors bien cach\u00e9s qu\u2019elle ne r\u00e9v\u00e8le qu\u2019aux habitants et aux voyageurs qui savent sortir des sentiers battus.<\/p>\n<p>Un guide indispensable pour ceux qui pensaient bien conna\u00eetre Bali ou pour ceux qui souhaitent d\u00e9couvrir la face cach\u00e9e de cette \u00eele fascinante.<\/p>\n<p><b>AUTEURS <\/b>: Narina Exelby &amp; Mark Eveleigh<br \/>\n<b>PAGES <\/b>: 240<br \/>\n<b>FORMAT <\/b>: 10.5 x 19 cm<br \/>\n<b>ISBN <\/b>: 978-2-36195-787-2<br \/>\n<b>PRIX <\/b>: 18,95 \u20ac prix valable en France<br \/>\n<b>CONTACT <\/b>: <a href=\"mailto:info@editionsjonglez.com\">info@editionsjonglez.com<\/a><\/p>\n<p>&nbsp;<\/p>\n<div class=\"buttons_cont\">\n<div class=\"button_cont\" align=\"center\">\n<div class=\"button_cont\" align=\"center\"><a class=\"gv_product_btn\" href=\"https:\/\/jonglezpublishing.com\/wp-content\/uploads\/2019\/04\/Couv-Bali-FR-2024_RVB-scaled.jpg\" target=\"_blank\" rel=\"noopener\">T\u00e9l\u00e9charger la couverture<\/a><\/div>\n<div class=\"button_cont\" align=\"center\"><a class=\"gv_product_btn\" href=\"https:\/\/jonglezpublishing.com\/wp-content\/uploads\/2024\/09\/PREVIEW_Bali_FR_2024.pdf\" target=\"_blank\" rel=\"noopener\">Consulter le PDF<\/a><\/div>\n<div class=\"button_cont\" align=\"center\"><a class=\"gv_product_btn\" href=\"https:\/\/www.amazon.fr\/Bali-insolite-secr%C3%A8te-Narina-Exelby\/dp\/2361956284\/ref=sr_1_2?__mk_fr_FR=%C3%85M%C3%85%C5%BD%C3%95%C3%91&amp;dib=eyJ2IjoiMSJ9.IwDu4bdcTfcKPx92bC1Ha0Cdfs5vsRrd6YCEyJrZqQQ.ox750nW47OilcMQwB1d9tIb5XHIt2vOEdeYD7TpnCt8&amp;dib_tag=se&amp;keywords=BALI+INSOLITE+ET+SECR%C3%88TE&amp;qid=1725533730&amp;sr=8-2\" target=\"_blank\" rel=\"noopener\">Acheter en ligne<\/a><\/div>\n<\/div>\n<\/div>\n","protected":false},"excerpt":{"rendered":"<p>Du sable noir aux vertus curatives, la raison pour laquelle il vaut mieux \u00e9viter de siffler en arpentant les plages<\/p>\n","protected":false},"featured_media":13061,"template":"","meta":[],"product_brand":[],"product_cat":[165,292,420],"product_tag":[167,168,170,173],"class_list":{"0":"post-5852","1":"product","2":"type-product","3":"status-publish","4":"has-post-thumbnail","6":"product_cat-english-fr","7":"product_cat-french-fr","8":"product_cat-guides-insolites","9":"product_tag-jonglez-fr","10":"product_tag-jonglez-publishing-fr","11":"product_tag-secret-guides-fr","12":"product_tag-travel-guides-fr","14":"first","15":"instock","16":"shipping-taxable","17":"product-type-simple"},"aioseo_notices":[],"_links":{"self":[{"href":"https:\/\/jonglezpublishing.com\/fr\/wp-json\/wp\/v2\/product\/5852","targetHints":{"allow":["GET"]}}],"collection":[{"href":"https:\/\/jonglezpublishing.com\/fr\/wp-json\/wp\/v2\/product"}],"about":[{"href":"https:\/\/jonglezpublishing.com\/fr\/wp-json\/wp\/v2\/types\/product"}],"wp:featuredmedia":[{"embeddable":true,"href":"https:\/\/jonglezpublishing.com\/fr\/wp-json\/wp\/v2\/media\/13061"}],"wp:attachment":[{"href":"https:\/\/jonglezpublishing.com\/fr\/wp-json\/wp\/v2\/media?parent=5852"}],"wp:term":[{"taxonomy":"product_brand","embeddable":true,"href":"https:\/\/jonglezpublishing.com\/fr\/wp-json\/wp\/v2\/product_brand?post=5852"},{"taxonomy":"product_cat","embeddable":true,"href":"https:\/\/jonglezpublishing.com\/fr\/wp-json\/wp\/v2\/product_cat?post=5852"},{"taxonomy":"product_tag","embeddable":true,"href":"https:\/\/jonglezpublishing.com\/fr\/wp-json\/wp\/v2\/product_tag?post=5852"}],"curies":[{"name":"wp","href":"https:\/\/api.w.org\/{rel}","templated":true}]}}