{"id":5878,"date":"2019-04-09T11:18:42","date_gmt":"2019-04-09T08:18:42","guid":{"rendered":"https:\/\/jonglezpublishing.com\/?post_type=product&#038;p=5878"},"modified":"2025-11-06T08:50:57","modified_gmt":"2025-11-06T06:50:57","slug":"corse-insolite-et-secrete","status":"publish","type":"product","link":"https:\/\/jonglezpublishing.com\/fr\/produit\/corse-insolite-et-secrete\/","title":{"rendered":"CORSE INSOLITE ET SECR\u00c8TE"},"content":{"rendered":"<div class=\"wpb-content-wrapper\"><p>[vc_row][vc_column][vc_column_text css=\u00a0\u00bb\u00a0\u00bb woodmart_inline=\u00a0\u00bbno\u00a0\u00bb text_larger=\u00a0\u00bbno\u00a0\u00bb]Une fresque oubli\u00e9e de Chagall dans un petit village de montagne, une magnifique villa am\u00e9ricaine o\u00f9 l\u2019on peut passer la nuit, la superbe plage corse o\u00f9 eut lieu le d\u00e9barquement en Normandie dans le film Le jour le plus long, une marche de deux heures pour aller voir des mains d\u2019or en pleine montagne, une statue de la Vierge en papier m\u00e2ch\u00e9, un plafond peint par Maurice Utrillo cach\u00e9 dans une \u00e9cole, une tr\u00e8s \u00e9tonnante \u00ab blouse \u00bb de billard \u00e0 l\u2019effigie de Napol\u00e9on, un menhir dans une sacristie, une brique venue de Rome, un confessionnal cach\u00e9 derri\u00e8re des boiseries, la plus grande collection d\u2019agrumes au monde, un aigle sous un balcon, un arbre g\u00e9n\u00e9alogique des Bonaparte fabriqu\u00e9 \u00e0 partir de m\u00e8ches de cheveux, dormir dans un phare loin de toute civilisation&#8230;<\/p>\n<p>La Corse ne se r\u00e9sume pas \u00e0 ses plages, ses montagnes et sa gastronomie : loin des clich\u00e9s, elle garde encore des tr\u00e9sors bien cach\u00e9s qu\u2019elle ne r\u00e9v\u00e8le qu\u2019aux habitants et aux voyageurs qui savent sortir des sentiers battus.<\/p>\n<p>Un guide indispensable pour ceux qui pensaient bien conna\u00eetre la Corse ou pour ceux qui souhaitent d\u00e9couvrir l\u2019autre visage de l\u2019\u00eele.<\/p>\n<p>Photo de couverture : \u00a9 Lu\u00eds Coutinho &#8211; Pexels<\/p>\n<p><b>AUTEUR <\/b>: Dominique Memmi<br \/>\n<b>PAGES <\/b>: 320<br \/>\n<b>FORMAT <\/b>: 10.5 x 19 cm<br \/>\n<b>ISBN <\/b>: 978-2-36195-886-2<br \/>\n<b>PRIX <\/b>: 18,95 \u20ac<br \/>\n<b>CONTACT <\/b>: <a href=\"mailto:info@editionsjonglez.com\">info@editionsjonglez.com<\/a><\/p>\n<div class=\"buttons_cont\">\n<div class=\"button_cont\" align=\"center\"><a class=\"gv_product_btn\" href=\"https:\/\/jonglezpublishing.com\/wp-content\/uploads\/2019\/04\/NEW_couv_Corse_FR_RVB-scaled.jpg\" target=\"_blank\" rel=\"noopener\">T\u00e9l\u00e9charger la couverture<\/a><\/div>\n<div class=\"button_cont\" align=\"center\"><a class=\"gv_product_btn\" href=\"https:\/\/jonglezpublishing.com\/wp-content\/uploads\/2025\/11\/Extrait-PDF-Corse-FR.pdf\" target=\"_blank\" rel=\"noopener\">Consulter le PDF<\/a><\/div>\n<div class=\"button_cont\" align=\"center\"><a class=\"gv_product_btn\" href=\"https:\/\/www.amazon.fr\/-\/en\/Dominique-Memmi\/dp\/2361956675\/ref=sr_1_1?crid=9MG1TT1UZQNB&amp;dib=eyJ2IjoiMSJ9.4Usy-GlLiTwL_jYJkV0Pejm-2pXPoF8bI85ZwMl5VXnyS-EVb8PijCgOzF8jqP8ILfrqo9qaqzjFcqlI_r5W7haoZaBj9HIvDjp1KePF2CQTn6imVUtwFMY8rBN-M-8t4qxJjD5VBfFkH2VClcKv82KEt0dJB0rHOYLV9JVsi9WvUFLC8Cthu0bf8ohDrKcC.6TxxW53ADmFTPuJWZCrMyH5LAUIYJpKXU-pOJVs2rac&amp;dib_tag=se&amp;keywords=CORSE+INSOLITE+ET+SECR%C3%88TE&amp;qid=1762411793&amp;sprefix=corse+insolite+et+secr%C3%A8te%2Caps%2C243&amp;sr=8-1\" target=\"_blank\" rel=\"noopener\">Acheter en ligne<\/a><\/div>\n<\/div>\n<p>[\/vc_column_text][\/vc_column][\/vc_row]<\/p>\n<\/div>","protected":false},"excerpt":{"rendered":"<p>[vc_row][vc_column][vc_column_text css=\u00a0\u00bb\u00a0\u00bb woodmart_inline=\u00a0\u00bbno\u00a0\u00bb text_larger=\u00a0\u00bbno\u00a0\u00bb]Une fresque oubli\u00e9e de Chagall dans un petit village de montagne, une magnifique villa am\u00e9ricaine o\u00f9 l\u2019on<\/p>\n","protected":false},"featured_media":14550,"template":"","meta":[],"product_brand":[],"product_cat":[283,420],"product_tag":[437,438,286,439],"class_list":{"0":"post-5878","1":"product","2":"type-product","3":"status-publish","4":"has-post-thumbnail","6":"product_cat-french-2","7":"product_cat-guides-insolites","8":"product_tag-corse","9":"product_tag-corse-insolite","10":"product_tag-editions-jonglez","11":"product_tag-guides","13":"first","14":"instock","15":"shipping-taxable","16":"product-type-simple"},"aioseo_notices":[],"_links":{"self":[{"href":"https:\/\/jonglezpublishing.com\/fr\/wp-json\/wp\/v2\/product\/5878","targetHints":{"allow":["GET"]}}],"collection":[{"href":"https:\/\/jonglezpublishing.com\/fr\/wp-json\/wp\/v2\/product"}],"about":[{"href":"https:\/\/jonglezpublishing.com\/fr\/wp-json\/wp\/v2\/types\/product"}],"wp:featuredmedia":[{"embeddable":true,"href":"https:\/\/jonglezpublishing.com\/fr\/wp-json\/wp\/v2\/media\/14550"}],"wp:attachment":[{"href":"https:\/\/jonglezpublishing.com\/fr\/wp-json\/wp\/v2\/media?parent=5878"}],"wp:term":[{"taxonomy":"product_brand","embeddable":true,"href":"https:\/\/jonglezpublishing.com\/fr\/wp-json\/wp\/v2\/product_brand?post=5878"},{"taxonomy":"product_cat","embeddable":true,"href":"https:\/\/jonglezpublishing.com\/fr\/wp-json\/wp\/v2\/product_cat?post=5878"},{"taxonomy":"product_tag","embeddable":true,"href":"https:\/\/jonglezpublishing.com\/fr\/wp-json\/wp\/v2\/product_tag?post=5878"}],"curies":[{"name":"wp","href":"https:\/\/api.w.org\/{rel}","templated":true}]}}