{"id":5909,"date":"2019-04-06T00:40:27","date_gmt":"2019-04-05T21:40:27","guid":{"rendered":"https:\/\/jonglezpublishing.com\/product\/italie-abandonee\/"},"modified":"2021-12-07T14:04:49","modified_gmt":"2021-12-07T12:04:49","slug":"italie-abandonee","status":"publish","type":"product","link":"https:\/\/jonglezpublishing.com\/fr\/produit\/italie-abandonee\/","title":{"rendered":"ITALIE ABANDONN\u00c9E"},"content":{"rendered":"<p>D\u00e9couvrez l&rsquo;ancien pavillon de chasse de la duchesse de Parme, un spectaculaire ch\u00e2teau mauresque laiss\u00e9 \u00e0 l&rsquo;abandon, les vestiges d&rsquo;un studio de cin\u00e9ma avec les d\u00e9cors du film <em>Pinocchio<\/em>, un asile psychiatrique d\u00e9saffect\u00e9, une discoth\u00e8que tomb\u00e9e dans l&rsquo;oubli dans un faux ch\u00e2teau m\u00e9di\u00e9val, <span lang=\"FR\">les ruines d\u2019une sublime villa dont les fresques ont \u00e9t\u00e9 pr\u00e9serv\u00e9es, une immense \u00e9glise abandonn\u00e9e&#8230;\u00a0<\/span><\/p>\n<p>Robin Brinaert voyage \u00e0 travers l&rsquo;Italie depuis plus de huit ans \u00e0 la recherche de ces lieux abandonn\u00e9s, interdits et oubli\u00e9s. Il met en lumi\u00e8re le destin dramatique de notre h\u00e9ritage, abordant ainsi la question essentielle de sa sauvegarde.<\/p>\n<p>&nbsp;<\/p>\n<p><b>AUTEUR <\/b>: Robin Brinaert<br \/>\n<b>PAGES <\/b>: 224<br \/>\n<b>FORMAT <\/b>: 297 x 210mm<br \/>\n<b>ISBN <\/b>: 978-2-36195-297-6<br \/>\n<b>PRIX <\/b>: 39,95 \u20ac<br \/>\n<b>CONTACT <\/b>:<span class=\"Apple-converted-space\"> <a href=\"mailto:infos@editionsjonglez.com\">infos@editionsjonglez.com<\/a><\/span><\/p>\n<div class=\"buttons_cont\">\n<div class=\"button_cont\" align=\"center\"><a class=\"gv_product_btn\" href=\"https:\/\/jonglezpublishing.com\/wp-content\/uploads\/2019\/04\/italy_couvFR-1.jpg\" target=\"_blank\" rel=\"noopener noreferrer\">T\u00e9l\u00e9charger la couverture<\/a><\/div>\n<div class=\"button_cont\" align=\"center\"><a class=\"gv_product_btn\" href=\"https:\/\/jonglezpublishing.com\/wp-content\/uploads\/2019\/04\/Preview-Italy_fr.pdf\" target=\"_blank\" rel=\"noopener noreferrer\">Consulter le PDF<\/a><\/div>\n<div class=\"button_cont\" align=\"center\"><a class=\"gv_product_btn\" href=\"https:\/\/livre.fnac.com\/a12550167\/ROBIN-BRINAERT-Italie-abandonnee#omnsearchpos=1\" target=\"_blank\" rel=\"noopener noreferrer\">Acheter en ligne<\/a><\/div>\n<\/div>\n","protected":false},"excerpt":{"rendered":"<p>D\u00e9couvrez l&rsquo;ancien pavillon de chasse de la duchesse de Parme, un spectaculaire ch\u00e2teau mauresque laiss\u00e9 \u00e0 l&rsquo;abandon, les vestiges d&rsquo;un<\/p>\n","protected":false},"featured_media":6074,"template":"","meta":[],"product_brand":[],"product_cat":[442,165,292,522,287,288],"product_tag":[477,302,167,168,443],"class_list":{"0":"post-5909","1":"product","2":"type-product","3":"status-publish","4":"has-post-thumbnail","6":"product_cat-beaux-livres","7":"product_cat-english-fr","8":"product_cat-french-fr","9":"product_cat-german-fr","10":"product_cat-italian-fr","11":"product_cat-spanish-fr","12":"product_tag-abandoned-fr","13":"product_tag-campanie-insolite","14":"product_tag-jonglez-fr","15":"product_tag-jonglez-publishing-fr","16":"product_tag-photo-gallery-books-fr","18":"first","19":"instock","20":"shipping-taxable","21":"product-type-simple"},"aioseo_notices":[],"_links":{"self":[{"href":"https:\/\/jonglezpublishing.com\/fr\/wp-json\/wp\/v2\/product\/5909","targetHints":{"allow":["GET"]}}],"collection":[{"href":"https:\/\/jonglezpublishing.com\/fr\/wp-json\/wp\/v2\/product"}],"about":[{"href":"https:\/\/jonglezpublishing.com\/fr\/wp-json\/wp\/v2\/types\/product"}],"wp:featuredmedia":[{"embeddable":true,"href":"https:\/\/jonglezpublishing.com\/fr\/wp-json\/wp\/v2\/media\/6074"}],"wp:attachment":[{"href":"https:\/\/jonglezpublishing.com\/fr\/wp-json\/wp\/v2\/media?parent=5909"}],"wp:term":[{"taxonomy":"product_brand","embeddable":true,"href":"https:\/\/jonglezpublishing.com\/fr\/wp-json\/wp\/v2\/product_brand?post=5909"},{"taxonomy":"product_cat","embeddable":true,"href":"https:\/\/jonglezpublishing.com\/fr\/wp-json\/wp\/v2\/product_cat?post=5909"},{"taxonomy":"product_tag","embeddable":true,"href":"https:\/\/jonglezpublishing.com\/fr\/wp-json\/wp\/v2\/product_tag?post=5909"}],"curies":[{"name":"wp","href":"https:\/\/api.w.org\/{rel}","templated":true}]}}