{"id":5924,"date":"2019-04-06T00:47:46","date_gmt":"2019-04-05T21:47:46","guid":{"rendered":"https:\/\/jonglezpublishing.com\/product\/france-abandonnee\/"},"modified":"2020-07-07T16:53:05","modified_gmt":"2020-07-07T13:53:05","slug":"france-abandonnee","status":"publish","type":"product","link":"https:\/\/jonglezpublishing.com\/fr\/produit\/france-abandonnee\/","title":{"rendered":"FRANCE ABANDONN\u00c9E"},"content":{"rendered":"<p>Partez sur les traces de l\u2019aci\u00e9rie abandonn\u00e9e de Gandrange ou des hauts-fourneaux\u00a0ferm\u00e9s d\u2019Uckange en Lorraine, d\u2019un spectaculaire cimeti\u00e8re de bateaux de\u00a0guerre dans la presqu\u2019\u00eele de Crozon en Bretagne, d\u2019un ch\u00e2teau oubli\u00e9 en r\u00e9gion\u00a0parisienne, d\u2019un sanatorium \u00e0 l\u2019abandon dans les Alpes, des vestiges d\u2019une\u00a0magnifique salle de concert Art d\u00e9co dans le Nord, d\u2019un h\u00f4pital d\u00e9saffect\u00e9 dans\u00a0le Sud-Ouest, d\u2019un fort militaire d\u00e9sormais interdit dans les Pyr\u00e9n\u00e9es, d\u2019un chai\u00a0\u00e0 vin ferm\u00e9 en Normandie\u2026<\/p>\n<p>Depuis le succ\u00e8s de son premier livre publi\u00e9 en 2009, Sylvain Margaine continue\u00a0\u00e0 parcourir la France \u00e0 la recherche de ces lieux interdits, oubli\u00e9s de tous. Il met\u00a0ainsi en lumi\u00e8re le destin parfois dramatique de notre patrimoine, mati\u00e8re \u00e0 une\u00a0vraie r\u00e9flexion sur sa sauvegarde.<\/p>\n<p>Un reportage photographique exceptionnel.<\/p>\n<p style=\"text-align: center;\">\u00ab Tel un greffier, il capture avec son reflex num\u00e9rique l\u2019\u00e2me de ces endroits vou\u00e9s\u00a0\u00e0 dispara\u00eetre, ras\u00e9s ou rong\u00e9s par les ann\u00e9es\u2026 Pour d\u00e9couvrir des tr\u00e9sors oubli\u00e9s\u00a0de notre patrimoine. \u00bb\u00a0(Madame Figaro)<\/p>\n<p style=\"text-align: center;\">\u00ab Recenser des monuments, raconter le patrimoine cach\u00e9, Sylvain Margaine est\u00a0un explorateur urbain. \u00bb\u00a0(Le Monde)<\/p>\n<p style=\"text-align: center;\">\u00ab Au-del\u00e0 de la splendeur des images, Sylvain Margaine partage un patrimoine\u00a0\u00e9ph\u00e9m\u00e8re, isol\u00e9 ou condamn\u00e9, en dehors des sentiers battus. Vous aussi,\u00a0d\u00e9couvrez ces lieux interdits ! \u00bb\u00a0(Le Soir)<\/p>\n<p>&nbsp;<\/p>\n<p><strong>PHOTOGRAPHE : <\/strong>Sylvain Margaine\u00a0<strong><br \/>\nAUTEUR :<\/strong>\u00a0David Margaine<strong><br \/>\nPAGES<\/strong> : 208<br \/>\n<strong>ISBN<\/strong> : 978-2-36195-217-4<br \/>\n<b>FORMAT <\/b>: 21,5 cm x 28 cm<br \/>\n<strong>PRIX<\/strong>\u00a0: 35,00 \u20ac<br \/>\n<b>CONTACT <\/b>: <a href=\"mailto:infos@editionsjonglez.com\">infos@editionsjonglez.com<\/a><\/p>\n<div class=\"buttons_cont\">\n<div class=\"button_cont\" align=\"center\"><a class=\"gv_product_btn\" href=\"https:\/\/jonglezpublishing.com\/wp-content\/uploads\/2019\/04\/couv-France-abandonn\u00e9e-2.jpg\" target=\"_blank\" rel=\"noopener noreferrer\">T\u00e9l\u00e9charger la couverture<\/a><\/div>\n<div class=\"button_cont\" align=\"center\"><a class=\"gv_product_btn\" href=\"https:\/\/jonglezpublishing.com\/wp-content\/uploads\/2019\/04\/Extrait-France-abandonnee_Fr.pdf\" target=\"_blank\" rel=\"noopener noreferrer\">Consulter le PDF<\/a><\/div>\n<div class=\"button_cont\" align=\"center\"><a class=\"gv_product_btn\" href=\"https:\/\/livre.fnac.com\/a10818966\/David-Margaine-France-abandonnee#st=france+abandon&amp;ct=Rayons&amp;t=p\" target=\"_blank\" rel=\"noopener noreferrer\">Acheter en ligne<\/a><\/div>\n<\/div>\n","protected":false},"excerpt":{"rendered":"<p>Partez sur les traces de l\u2019aci\u00e9rie abandonn\u00e9e de Gandrange ou des hauts-fourneaux\u00a0ferm\u00e9s d\u2019Uckange en Lorraine, d\u2019un spectaculaire cimeti\u00e8re de bateaux<\/p>\n","protected":false},"featured_media":4368,"template":"","meta":[],"product_brand":[],"product_cat":[442,165,287,288],"product_tag":[167,168,443],"class_list":{"0":"post-5924","1":"product","2":"type-product","3":"status-publish","4":"has-post-thumbnail","6":"product_cat-beaux-livres","7":"product_cat-english-fr","8":"product_cat-italian-fr","9":"product_cat-spanish-fr","10":"product_tag-jonglez-fr","11":"product_tag-jonglez-publishing-fr","12":"product_tag-photo-gallery-books-fr","14":"first","15":"instock","16":"shipping-taxable","17":"product-type-simple"},"aioseo_notices":[],"_links":{"self":[{"href":"https:\/\/jonglezpublishing.com\/fr\/wp-json\/wp\/v2\/product\/5924","targetHints":{"allow":["GET"]}}],"collection":[{"href":"https:\/\/jonglezpublishing.com\/fr\/wp-json\/wp\/v2\/product"}],"about":[{"href":"https:\/\/jonglezpublishing.com\/fr\/wp-json\/wp\/v2\/types\/product"}],"wp:featuredmedia":[{"embeddable":true,"href":"https:\/\/jonglezpublishing.com\/fr\/wp-json\/wp\/v2\/media\/4368"}],"wp:attachment":[{"href":"https:\/\/jonglezpublishing.com\/fr\/wp-json\/wp\/v2\/media?parent=5924"}],"wp:term":[{"taxonomy":"product_brand","embeddable":true,"href":"https:\/\/jonglezpublishing.com\/fr\/wp-json\/wp\/v2\/product_brand?post=5924"},{"taxonomy":"product_cat","embeddable":true,"href":"https:\/\/jonglezpublishing.com\/fr\/wp-json\/wp\/v2\/product_cat?post=5924"},{"taxonomy":"product_tag","embeddable":true,"href":"https:\/\/jonglezpublishing.com\/fr\/wp-json\/wp\/v2\/product_tag?post=5924"}],"curies":[{"name":"wp","href":"https:\/\/api.w.org\/{rel}","templated":true}]}}