{"id":5933,"date":"2019-03-01T15:48:42","date_gmt":"2019-03-01T13:48:42","guid":{"rendered":"https:\/\/jonglezpublishing.com\/product\/soul-of-tokyo-guide-des-30-meilleures-experiences\/"},"modified":"2025-06-09T13:28:41","modified_gmt":"2025-06-09T10:28:41","slug":"soul-of-tokyo-guide-des-30-meilleures-experiences","status":"publish","type":"product","link":"https:\/\/jonglezpublishing.com\/fr\/produit\/soul-of-tokyo-guide-des-30-meilleures-experiences\/","title":{"rendered":"TOKYO &#8211; L\u2019AUTRE GUIDE"},"content":{"rendered":"<p style=\"text-align: center;\">ON A TEST\u00c9 1000 LIEUX,<br \/>\n<strong>ON EN A RETENU 30<\/strong><\/p>\n<p>Un salon de th\u00e9 dans l\u2019arri\u00e8re-boutique d\u2019un fleuriste, un chef \u00e9toil\u00e9 qui ne fait rien comme tout le monde, un resto cachette en plein c\u0153ur de Shibuya, d\u00e9jeuner dans un jardin japonais, passer la nuit dans l\u2019\u00e9tag\u00e8re d\u2019une biblioth\u00e8que, \u00e9couter de la musique classique dans un bar des ann\u00e9es 1950, prendre un bain traditionnel japonais parmi les plantes, dormir dans un h\u00f4tel capsule, f\u00eater un \u00ab faux anniversaire \u00bb dans un isakaya, se faire masser dans un hamac&#8230;<\/p>\n<p>H\u00f4tels confidentiels, restos d\u2019exception, bars cach\u00e9s, balades secr\u00e8tes&#8230;<\/p>\n<p>L\u2019Autre Guide propose une s\u00e9lection exigeante et \u00e9clectique pour tous les budgets. Pens\u00e9 pour les voyageurs comme pour les habitants, il d\u00e9voile des adresses choisies avec soin par des auteurs locaux, o\u00f9 chaque lieu est la promesse d\u2019une d\u00e9couverte hors des sentiers battus, loin des foules. Une nouvelle approche de l\u2019art du voyage.<\/p>\n<p>&nbsp;<\/p>\n<p><b>AUTEURS <\/b>: Fany et Amandine P\u00e9chiodat<b><br \/>\nISBN <\/b>: 978-2-36195-930-2<br \/>\n<b>PRIX <\/b>: \u20ac 14,95<br \/>\n<b>FORMAT\u00a0<\/b>: 200 x 135 mm<br \/>\n<b>PAGES <\/b>: 128<b><br \/>\nCONTACT <\/b>: <a href=\"mailto:infos@editionsjonglez.com\">infos@editionsjonglez.com<\/a><\/p>\n<div class=\"buttons_cont\">\n<div class=\"button_cont\" align=\"center\"><a class=\"gv_product_btn\" href=\"https:\/\/jonglezpublishing.com\/wp-content\/uploads\/2019\/03\/couv_SO_Tokyo_FR_RVB-scaled.jpg\" target=\"_blank\" rel=\"noopener\">T\u00e9l\u00e9charger la couverture<\/a><\/div>\n<div class=\"button_cont\" align=\"center\"><a class=\"gv_product_btn\" href=\"https:\/\/jonglezpublishing.com\/wp-content\/uploads\/2025\/06\/Extrait-SO-Tokyo_FR.pdf\" target=\"_blank\" rel=\"noopener\">Consulter le PDF<\/a><\/div>\n<div class=\"button_cont\" align=\"center\"><a class=\"gv_product_btn\" href=\"https:\/\/www.fnac.com\/a18799779\/Amandine-Pechiodat-Soul-of-Tokyo-Guide-des-30-meilleures-experiences#omnsearchpos=1\" target=\"_blank\" rel=\"noopener\">Acheter en ligne<\/a><\/div>\n<\/div>\n","protected":false},"excerpt":{"rendered":"<p>ON A TEST\u00c9 1000 LIEUX, ON EN A RETENU 30 Un salon de th\u00e9 dans l\u2019arri\u00e8re-boutique d\u2019un fleuriste, un chef<\/p>\n","protected":false},"featured_media":14034,"template":"","meta":[],"product_brand":[],"product_cat":[165,292,522,287,444],"product_tag":[357,167,168,172,445,446,358,173],"class_list":{"0":"post-5933","1":"product","2":"type-product","3":"status-publish","4":"has-post-thumbnail","6":"product_cat-english-fr","7":"product_cat-french-fr","8":"product_cat-german-fr","9":"product_cat-italian-fr","10":"product_cat-lautre-guide","11":"product_tag-jonglez-fr-4","12":"product_tag-jonglez-fr","13":"product_tag-jonglez-publishing-fr","14":"product_tag-secret-travel-guides-fr","15":"product_tag-soul-of-guides-fr","16":"product_tag-soul-of-tokyo-fr","17":"product_tag-tokyo-fr","18":"product_tag-travel-guides-fr","20":"first","21":"instock","22":"shipping-taxable","23":"product-type-simple"},"aioseo_notices":[],"_links":{"self":[{"href":"https:\/\/jonglezpublishing.com\/fr\/wp-json\/wp\/v2\/product\/5933","targetHints":{"allow":["GET"]}}],"collection":[{"href":"https:\/\/jonglezpublishing.com\/fr\/wp-json\/wp\/v2\/product"}],"about":[{"href":"https:\/\/jonglezpublishing.com\/fr\/wp-json\/wp\/v2\/types\/product"}],"wp:featuredmedia":[{"embeddable":true,"href":"https:\/\/jonglezpublishing.com\/fr\/wp-json\/wp\/v2\/media\/14034"}],"wp:attachment":[{"href":"https:\/\/jonglezpublishing.com\/fr\/wp-json\/wp\/v2\/media?parent=5933"}],"wp:term":[{"taxonomy":"product_brand","embeddable":true,"href":"https:\/\/jonglezpublishing.com\/fr\/wp-json\/wp\/v2\/product_brand?post=5933"},{"taxonomy":"product_cat","embeddable":true,"href":"https:\/\/jonglezpublishing.com\/fr\/wp-json\/wp\/v2\/product_cat?post=5933"},{"taxonomy":"product_tag","embeddable":true,"href":"https:\/\/jonglezpublishing.com\/fr\/wp-json\/wp\/v2\/product_tag?post=5933"}],"curies":[{"name":"wp","href":"https:\/\/api.w.org\/{rel}","templated":true}]}}