{"id":6495,"date":"2019-05-28T12:53:42","date_gmt":"2019-05-28T09:53:42","guid":{"rendered":"https:\/\/jonglezpublishing.com\/product\/soul-of-lisbon-guide-des-30-meilleures-experiences\/"},"modified":"2025-06-09T13:18:49","modified_gmt":"2025-06-09T10:18:49","slug":"soul-of-lisbon-guide-des-30-meilleures-experiences","status":"publish","type":"product","link":"https:\/\/jonglezpublishing.com\/fr\/produit\/soul-of-lisbon-guide-des-30-meilleures-experiences\/","title":{"rendered":"LISBONNE &#8211; L\u2019AUTRE GUIDE"},"content":{"rendered":"<p style=\"text-align: center;\">ON A TEST\u00c9 1000 LIEUX,<br \/>\n<strong>ON EN A RETENU 30<\/strong><\/p>\n<p>Courir sur une piste au milieu des nuages, se perdre dans une canop\u00e9e tropicale, trinquer avec un vieux de la vieille, savourer une araign\u00e9e de mer \u00e0 la petite cuill\u00e8re, d\u00e9couvrir le repaire secret des chanteurs de fado, d\u00eener dans un fabuleux cabinet de curiosit\u00e9s, d\u00e9couvrir les meilleurs spots de Marvila, passer une soir\u00e9e surr\u00e9aliste dans un palais du XVIIIe si\u00e8cle&#8230;<\/p>\n<p>H\u00f4tels confidentiels, restos d\u2019exception, bars cach\u00e9s, balades secr\u00e8tes&#8230;<br \/>\nL\u2019Autre Guide propose une s\u00e9lection exigeante et \u00e9clectique pour tous les budgets. Pens\u00e9 pour les voyageurs comme pour les habitants, il d\u00e9voile des adresses choisies avec soin par des auteurs locaux, o\u00f9 chaque lieu est la promesse d\u2019une d\u00e9couverte hors des sentiers battus, loin des foules. Une nouvelle approche de l\u2019art du voyage.<\/p>\n<p>\u00ab Un guide essentiel \u00bb (New York Times)<\/p>\n<p>&nbsp;<\/p>\n<p><b>AUTEURS<\/b> : Fany P\u00e9chiodat, Lauriane Gepner et Lucie Etchebers<br \/>\n<b>ISBN <\/b>: 978-2-36195-925-8<br \/>\n<b>FORMAT\u00a0<\/b>: 20 x 13,5 cm<br \/>\n<b>PAGES <\/b>: 128<b><br \/>\nPRIX\u00a0<\/b>: 14,95 \u20ac<br \/>\n<b>CONTACT\u00a0<\/b>: <a href=\"mailto:infos@editionsjonglez.com\">infos@editionsjonglez.com<\/a><\/p>\n<div class=\"buttons_cont\">\n<div class=\"button_cont\" align=\"center\"><a class=\"gv_product_btn\" href=\"https:\/\/jonglezpublishing.com\/wp-content\/uploads\/2019\/05\/couv_SO_Lisbonne2025_RVB_FR-scaled.jpg\" target=\"_blank\" rel=\"noopener\">T\u00e9l\u00e9charger la couverture<\/a><\/div>\n<div class=\"button_cont\" align=\"center\"><a class=\"gv_product_btn\" href=\"https:\/\/jonglezpublishing.com\/wp-content\/uploads\/2025\/06\/Extrait-SO_LISBON_2025_FR.pdf\" target=\"_blank\" rel=\"noopener\">Consulter le PDF<\/a><\/div>\n<div class=\"button_cont\" align=\"center\"><a class=\"gv_product_btn\" href=\"https:\/\/www.amazon.fr\/Soul-Lisbon-meilleures-exp%C3%A9riences-fran%C3%A7aise\/dp\/2361953358\/ref=sr_1_1?__mk_fr_FR=%C3%85M%C3%85%C5%BD%C3%95%C3%91&amp;crid=TMUXPKH6X607&amp;keywords=SOUL+OF+LISBONNE+-+GUIDE+DES+30+MEILLEURES+EXP%C3%89RIENCES&amp;qid=1702568556&amp;sprefix=secret+new+york+-+hidden+bars+%26+restaurants%2Caps%2C843&amp;sr=8-1\" target=\"_blank\" rel=\"noopener\">Acheter en ligne<\/a><\/div>\n<\/div>\n","protected":false},"excerpt":{"rendered":"<p>ON A TEST\u00c9 1000 LIEUX, ON EN A RETENU 30 Courir sur une piste au milieu des nuages, se perdre<\/p>\n","protected":false},"featured_media":14024,"template":"","meta":[],"product_brand":[],"product_cat":[165,292,522,287,444,288],"product_tag":[167,168,323,172,469,173],"class_list":{"0":"post-6495","1":"product","2":"type-product","3":"status-publish","4":"has-post-thumbnail","6":"product_cat-english-fr","7":"product_cat-french-fr","8":"product_cat-german-fr","9":"product_cat-italian-fr","10":"product_cat-lautre-guide","11":"product_cat-spanish-fr","12":"product_tag-jonglez-fr","13":"product_tag-jonglez-publishing-fr","14":"product_tag-lisbonne","15":"product_tag-secret-travel-guides-fr","16":"product_tag-soul-of-lisbon-fr","17":"product_tag-travel-guides-fr","19":"first","20":"instock","21":"shipping-taxable","22":"product-type-simple"},"aioseo_notices":[],"_links":{"self":[{"href":"https:\/\/jonglezpublishing.com\/fr\/wp-json\/wp\/v2\/product\/6495","targetHints":{"allow":["GET"]}}],"collection":[{"href":"https:\/\/jonglezpublishing.com\/fr\/wp-json\/wp\/v2\/product"}],"about":[{"href":"https:\/\/jonglezpublishing.com\/fr\/wp-json\/wp\/v2\/types\/product"}],"wp:featuredmedia":[{"embeddable":true,"href":"https:\/\/jonglezpublishing.com\/fr\/wp-json\/wp\/v2\/media\/14024"}],"wp:attachment":[{"href":"https:\/\/jonglezpublishing.com\/fr\/wp-json\/wp\/v2\/media?parent=6495"}],"wp:term":[{"taxonomy":"product_brand","embeddable":true,"href":"https:\/\/jonglezpublishing.com\/fr\/wp-json\/wp\/v2\/product_brand?post=6495"},{"taxonomy":"product_cat","embeddable":true,"href":"https:\/\/jonglezpublishing.com\/fr\/wp-json\/wp\/v2\/product_cat?post=6495"},{"taxonomy":"product_tag","embeddable":true,"href":"https:\/\/jonglezpublishing.com\/fr\/wp-json\/wp\/v2\/product_tag?post=6495"}],"curies":[{"name":"wp","href":"https:\/\/api.w.org\/{rel}","templated":true}]}}