{"id":7402,"date":"2019-05-31T15:37:56","date_gmt":"2019-05-31T12:37:56","guid":{"rendered":"https:\/\/jonglezpublishing.com\/product\/forbidden-places-exploring-our-abandoned-heritage-vol-3\/"},"modified":"2021-12-07T14:03:34","modified_gmt":"2021-12-07T12:03:34","slug":"forbidden-places-exploring-our-abandoned-heritage-vol-3","status":"publish","type":"product","link":"https:\/\/jonglezpublishing.com\/fr\/produit\/forbidden-places-exploring-our-abandoned-heritage-vol-3\/","title":{"rendered":"FORBIDDEN PLACES &#8211; EXPLORATIONS INSOLITES D&rsquo;UN PATRIMOINE OUBLI\u00c9 VOL. 3"},"content":{"rendered":"<p>Un reportage photographique exceptionnel.<\/p>\n<p>Partez sur les traces d\u2019un cimeti\u00e8re de bateaux en Bretagne, d\u2019une spectaculaire ancienne mine de charbon dans la Ruhr, en Allemagne, d\u2019un h\u00f4pital oubli\u00e9 en Pologne, de fantomatiques mannequins de pl\u00e2tre dans une \u00e9glise en ruine en R\u00e9publique tch\u00e8que, de prisons et d\u2019asiles psychiatriques ferm\u00e9s, d\u2019usines abandonn\u00e9es\u2026<\/p>\n<p>Depuis l\u2019important succ\u00e8s de ses deux premiers livres publi\u00e9s en 2009 et 2013, Sylvain Margaine continue \u00e0 parcourir le monde \u00e0 la recherche de ces lieux interdits, oubli\u00e9s de tous.<\/p>\n<p>&nbsp;<\/p>\n<p><b>PHOTOGRAPHE\u00a0<\/b>: Sylvain Margaine<br \/>\n<strong>AUTEUR\u00a0<\/strong>:\u00a0David Margaine<br \/>\n<b>PAGES\u00a0<\/b>: 256<br \/>\n<b>FORMAT\u00a0<\/b>:\u00a0<span class=\"Apple-converted-space\">\u00a0<\/span>290 x 235 mm<br \/>\n<b>ISBN\u00a0<\/b>: <span data-sheets-value=\"{&quot;1&quot;:2,&quot;2&quot;:&quot;978-2-36195-130-6&quot;}\" data-sheets-userformat=\"{&quot;2&quot;:13249,&quot;3&quot;:{&quot;1&quot;:0},&quot;9&quot;:1,&quot;10&quot;:2,&quot;11&quot;:0,&quot;12&quot;:0,&quot;15&quot;:&quot;Cambria&quot;,&quot;16&quot;:11}\">978-2-36195-130-6<\/span><br \/>\n<b>PRIX\u00a0<\/b>: 35\u00a0\u20ac<br \/>\n<strong>CONTACT\u00a0<\/strong>: <a href=\"mailto:infos@editionsjonglez.com\">infos@editionsjonglez.com<\/a><\/p>\n<div class=\"buttons_cont\">\n<div class=\"button_cont\" align=\"center\"><a class=\"gv_product_btn\" href=\"https:\/\/jonglezpublishing.com\/wp-content\/uploads\/2019\/05\/Forbidden-places-v3-FR.jpg\" target=\"_blank\" rel=\"noopener noreferrer\">T\u00e9l\u00e9charger la couverture<\/a><\/div>\n<div class=\"button_cont\" align=\"center\"><a class=\"gv_product_btn\" href=\"https:\/\/livre.fnac.com\/a8642342\/David-Margaine-Forbidden-places-Explorations-insolites-d-un-patrimoine-oublie-volume-3#omnsearchpos=1\" target=\"_blank\" rel=\"noopener noreferrer\">Acheter en ligne<\/a><\/div>\n<\/div>\n","protected":false},"excerpt":{"rendered":"<p>Un reportage photographique exceptionnel. Partez sur les traces d\u2019un cimeti\u00e8re de bateaux en Bretagne, d\u2019une spectaculaire ancienne mine de charbon<\/p>\n","protected":false},"featured_media":6517,"template":"","meta":[],"product_brand":[],"product_cat":[442,165,288],"product_tag":[],"class_list":{"0":"post-7402","1":"product","2":"type-product","3":"status-publish","4":"has-post-thumbnail","6":"product_cat-beaux-livres","7":"product_cat-english-fr","8":"product_cat-spanish-fr","10":"first","11":"instock","12":"shipping-taxable","13":"product-type-simple"},"aioseo_notices":[],"_links":{"self":[{"href":"https:\/\/jonglezpublishing.com\/fr\/wp-json\/wp\/v2\/product\/7402","targetHints":{"allow":["GET"]}}],"collection":[{"href":"https:\/\/jonglezpublishing.com\/fr\/wp-json\/wp\/v2\/product"}],"about":[{"href":"https:\/\/jonglezpublishing.com\/fr\/wp-json\/wp\/v2\/types\/product"}],"wp:featuredmedia":[{"embeddable":true,"href":"https:\/\/jonglezpublishing.com\/fr\/wp-json\/wp\/v2\/media\/6517"}],"wp:attachment":[{"href":"https:\/\/jonglezpublishing.com\/fr\/wp-json\/wp\/v2\/media?parent=7402"}],"wp:term":[{"taxonomy":"product_brand","embeddable":true,"href":"https:\/\/jonglezpublishing.com\/fr\/wp-json\/wp\/v2\/product_brand?post=7402"},{"taxonomy":"product_cat","embeddable":true,"href":"https:\/\/jonglezpublishing.com\/fr\/wp-json\/wp\/v2\/product_cat?post=7402"},{"taxonomy":"product_tag","embeddable":true,"href":"https:\/\/jonglezpublishing.com\/fr\/wp-json\/wp\/v2\/product_tag?post=7402"}],"curies":[{"name":"wp","href":"https:\/\/api.w.org\/{rel}","templated":true}]}}