{"id":7405,"date":"2019-05-31T15:24:20","date_gmt":"2019-05-31T12:24:20","guid":{"rendered":"https:\/\/jonglezpublishing.com\/product\/forbidden-places-exploring-our-abandoned-heritage-vol-2\/"},"modified":"2021-12-07T14:03:04","modified_gmt":"2021-12-07T12:03:04","slug":"forbidden-places-explorations-insolites-vol-2","status":"publish","type":"product","link":"https:\/\/jonglezpublishing.com\/fr\/produit\/forbidden-places-explorations-insolites-vol-2\/","title":{"rendered":"FORBIDDEN PLACES &#8211; EXPLORATIONS INSOLITES D&rsquo;UN PATRIMOINE OUBLI\u00c9 VOL. 2"},"content":{"rendered":"<p>Un reportage photographique exceptionnel.<\/p>\n<p>Partez sur les traces de l&rsquo;ancienne maison du Parti communiste bulgare perdue dans les montagnes, de la c\u00e9l\u00e8bre Battersea Power Station de Londres, d&rsquo;une f\u00eate foraine abandonn\u00e9e \u00e0 Bali, de l&rsquo;extraordinaire Bourse du commerce \u00e0 Anvers, vide de toute activit\u00e9, d&rsquo;h\u00e9licopt\u00e8res russes oubli\u00e9s \u00e0 Bruges, d&rsquo;un village fant\u00f4me en Italie, d&rsquo;\u00e9glises d\u00e9consacr\u00e9es, de ch\u00e2teaux oubli\u00e9s, de prisons et d&rsquo;asiles.<\/p>\n<p>&nbsp;<\/p>\n<p><strong>AUTEUR &amp; PHOTOGRAPHE\u00a0<\/strong>: Sylvain Margaine<br \/>\n<strong>FORMAT\u00a0<\/strong>:<span class=\"Apple-converted-space\">\u00a0<\/span>270x270mm<br \/>\n<strong>PAGES\u00a0<\/strong>: 256<br \/>\n<strong>ISBN\u00a0<\/strong>: <span data-sheets-value=\"{&quot;1&quot;:2,&quot;2&quot;:&quot;978-2-36195-058-3&quot;}\" data-sheets-userformat=\"{&quot;2&quot;:13249,&quot;3&quot;:{&quot;1&quot;:0},&quot;9&quot;:1,&quot;10&quot;:2,&quot;11&quot;:0,&quot;12&quot;:0,&quot;15&quot;:&quot;Cambria&quot;,&quot;16&quot;:11}\">978-2-36195-058-3<\/span><span data-sheets-value=\"{&quot;1&quot;:2,&quot;2&quot;:&quot;978-2-36195-059-0&quot;}\" data-sheets-userformat=\"{&quot;2&quot;:12992,&quot;9&quot;:1,&quot;10&quot;:1,&quot;12&quot;:0,&quot;15&quot;:&quot;Cambria&quot;,&quot;16&quot;:11}\"><br \/>\n<\/span><b>PRIX\u00a0<\/b>: 35 \u20ac<br \/>\n<strong>CONTACT\u00a0<\/strong>: <a href=\"mailto:infos@editionsjonglez.com\">infos@editionsjonglez.com<\/a><\/p>\n<div class=\"buttons_cont\">\n<div class=\"button_cont\" align=\"center\"><a class=\"gv_product_btn\" href=\"https:\/\/jonglezpublishing.com\/wp-content\/uploads\/2019\/05\/9782361950583.jpeg\" target=\"_blank\" rel=\"noopener noreferrer\">T\u00e9l\u00e9charger la couverture<\/a><\/div>\n<div class=\"button_cont\" align=\"center\"><a class=\"gv_product_btn\" href=\"https:\/\/livre.fnac.com\/a6220117\/Sylvain-Margaine-Forbidden-places-tome-2-Explorations-insolites-d-un-patrimoine-oublie?oref=7d07cf40-2f63-1a7c-7bba-9de51539f74a#omnsearchpos=1\" target=\"_blank\" rel=\"noopener noreferrer\">Acheter en ligne<\/a><\/div>\n<\/div>\n","protected":false},"excerpt":{"rendered":"<p>Un reportage photographique exceptionnel. Partez sur les traces de l&rsquo;ancienne maison du Parti communiste bulgare perdue dans les montagnes, de<\/p>\n","protected":false},"featured_media":6511,"template":"","meta":[],"product_brand":[],"product_cat":[442,165,288],"product_tag":[525,167,168,503,480],"class_list":{"0":"post-7405","1":"product","2":"type-product","3":"status-publish","4":"has-post-thumbnail","6":"product_cat-beaux-livres","7":"product_cat-english-fr","8":"product_cat-spanish-fr","9":"product_tag-forbidden-fr","10":"product_tag-jonglez-fr","11":"product_tag-jonglez-publishing-fr","12":"product_tag-photo-books-fr","13":"product_tag-photography-fr","15":"first","16":"instock","17":"shipping-taxable","18":"product-type-simple"},"aioseo_notices":[],"_links":{"self":[{"href":"https:\/\/jonglezpublishing.com\/fr\/wp-json\/wp\/v2\/product\/7405","targetHints":{"allow":["GET"]}}],"collection":[{"href":"https:\/\/jonglezpublishing.com\/fr\/wp-json\/wp\/v2\/product"}],"about":[{"href":"https:\/\/jonglezpublishing.com\/fr\/wp-json\/wp\/v2\/types\/product"}],"wp:featuredmedia":[{"embeddable":true,"href":"https:\/\/jonglezpublishing.com\/fr\/wp-json\/wp\/v2\/media\/6511"}],"wp:attachment":[{"href":"https:\/\/jonglezpublishing.com\/fr\/wp-json\/wp\/v2\/media?parent=7405"}],"wp:term":[{"taxonomy":"product_brand","embeddable":true,"href":"https:\/\/jonglezpublishing.com\/fr\/wp-json\/wp\/v2\/product_brand?post=7405"},{"taxonomy":"product_cat","embeddable":true,"href":"https:\/\/jonglezpublishing.com\/fr\/wp-json\/wp\/v2\/product_cat?post=7405"},{"taxonomy":"product_tag","embeddable":true,"href":"https:\/\/jonglezpublishing.com\/fr\/wp-json\/wp\/v2\/product_tag?post=7405"}],"curies":[{"name":"wp","href":"https:\/\/api.w.org\/{rel}","templated":true}]}}