{"id":7408,"date":"2019-05-31T14:53:35","date_gmt":"2019-05-31T11:53:35","guid":{"rendered":"https:\/\/jonglezpublishing.com\/product\/forbidden-places-exploring-our-abandoned-heritage-vol-1\/"},"modified":"2021-12-07T14:02:33","modified_gmt":"2021-12-07T12:02:33","slug":"forbidden-places-exploring-our-abandoned-heritage-vol-1","status":"publish","type":"product","link":"https:\/\/jonglezpublishing.com\/fr\/produit\/forbidden-places-exploring-our-abandoned-heritage-vol-1\/","title":{"rendered":"FORBIDDEN PLACES &#8211; EXPLORATIONS INSOLITES D&rsquo;UN PATRIMOINE OUBLI\u00c9 VOL. 1"},"content":{"rendered":"<p>Un reportage photographique exceptionnel.<\/p>\n<p>Depuis 10 ans, Sylvain Margaine parcourt le monde \u00e0 la recherche de ces lieux interdits, oubli\u00e9s de tous.<\/p>\n<p>Partez sur les traces du lieu de tournage de <em>L\u2019arm\u00e9e des douze Singes<\/em>, de la ville d\u2019origine de Micha\u00ebl Jackson devenue une ville fant\u00f4me, du village olympique de Berlin en 1936, d\u2019\u00e9glises d\u00e9consacr\u00e9es, de ch\u00e2teaux oubli\u00e9s, d\u2019anciennes gares ferroviaires, de prisons et d\u2019asiles psychiatriques ferm\u00e9s, d\u2019un cimeti\u00e8re de locomotives rouill\u00e9es, d\u2019usines sid\u00e9rurgiques abandonn\u00e9es, de stations de m\u00e9tro fant\u00f4mes&#8230;<\/p>\n<p>&nbsp;<\/p>\n<p><strong>AUTEUR &amp; PHOTOGRAPHE\u00a0<\/strong>: Sylvain Margaine<br \/>\n<strong>FORMAT\u00a0<\/strong>:\u00a0<span class=\"Apple-converted-space\">\u00a0<\/span>290 x 235mm<br \/>\n<strong>PAGES\u00a0<\/strong>: 240<br \/>\n<strong>ISBN\u00a0<\/strong>: <span data-sheets-value=\"{&quot;1&quot;:2,&quot;2&quot;:&quot;978-2-9158-0781-3&quot;}\" data-sheets-userformat=\"{&quot;2&quot;:13249,&quot;3&quot;:{&quot;1&quot;:0},&quot;9&quot;:1,&quot;10&quot;:2,&quot;11&quot;:0,&quot;12&quot;:0,&quot;15&quot;:&quot;Cambria&quot;,&quot;16&quot;:11}\">978-2-9158-0781-3<\/span><br \/>\n<b>PRIX\u00a0<\/b>: 35 \u20ac<br \/>\n<strong>CONTACT\u00a0<\/strong>: <a href=\"mailto:infos@editionsjonglez.com\">infos@editionsjonglez.com<\/a><\/p>\n<div class=\"buttons_cont\">\n<div class=\"button_cont\" align=\"center\"><a class=\"gv_product_btn\" href=\"https:\/\/jonglezpublishing.com\/wp-content\/uploads\/2019\/05\/Forbidden-places-vol.1-FR.jpg\" target=\"_blank\" rel=\"noopener noreferrer\">T\u00e9l\u00e9charger la couverture<\/a><\/div>\n<div class=\"button_cont\" align=\"center\"><a class=\"gv_product_btn\" href=\"https:\/\/livre.fnac.com\/a2741556\/David-Margaine-Forbidden-places-Explorations-insolites-d-un-patrimoine-oublie#omnsearchpos=1\" target=\"_blank\" rel=\"noopener noreferrer\">Acheter en ligne<\/a><\/div>\n<\/div>\n","protected":false},"excerpt":{"rendered":"<p>Un reportage photographique exceptionnel. Depuis 10 ans, Sylvain Margaine parcourt le monde \u00e0 la recherche de ces lieux interdits, oubli\u00e9s<\/p>\n","protected":false},"featured_media":6505,"template":"","meta":[],"product_brand":[],"product_cat":[442,165,288],"product_tag":[477,528,167,168,503,480],"class_list":{"0":"post-7408","1":"product","2":"type-product","3":"status-publish","4":"has-post-thumbnail","6":"product_cat-beaux-livres","7":"product_cat-english-fr","8":"product_cat-spanish-fr","9":"product_tag-abandoned-fr","10":"product_tag-forbidden-places-fr","11":"product_tag-jonglez-fr","12":"product_tag-jonglez-publishing-fr","13":"product_tag-photo-books-fr","14":"product_tag-photography-fr","16":"first","17":"instock","18":"shipping-taxable","19":"product-type-simple"},"aioseo_notices":[],"_links":{"self":[{"href":"https:\/\/jonglezpublishing.com\/fr\/wp-json\/wp\/v2\/product\/7408","targetHints":{"allow":["GET"]}}],"collection":[{"href":"https:\/\/jonglezpublishing.com\/fr\/wp-json\/wp\/v2\/product"}],"about":[{"href":"https:\/\/jonglezpublishing.com\/fr\/wp-json\/wp\/v2\/types\/product"}],"wp:featuredmedia":[{"embeddable":true,"href":"https:\/\/jonglezpublishing.com\/fr\/wp-json\/wp\/v2\/media\/6505"}],"wp:attachment":[{"href":"https:\/\/jonglezpublishing.com\/fr\/wp-json\/wp\/v2\/media?parent=7408"}],"wp:term":[{"taxonomy":"product_brand","embeddable":true,"href":"https:\/\/jonglezpublishing.com\/fr\/wp-json\/wp\/v2\/product_brand?post=7408"},{"taxonomy":"product_cat","embeddable":true,"href":"https:\/\/jonglezpublishing.com\/fr\/wp-json\/wp\/v2\/product_cat?post=7408"},{"taxonomy":"product_tag","embeddable":true,"href":"https:\/\/jonglezpublishing.com\/fr\/wp-json\/wp\/v2\/product_tag?post=7408"}],"curies":[{"name":"wp","href":"https:\/\/api.w.org\/{rel}","templated":true}]}}