{"id":7428,"date":"2019-09-05T10:04:29","date_gmt":"2019-09-05T07:04:29","guid":{"rendered":"https:\/\/jonglezpublishing.com\/product\/unusual-wines\/"},"modified":"2020-07-02T16:28:48","modified_gmt":"2020-07-02T13:28:48","slug":"vins-insolites","status":"publish","type":"product","link":"https:\/\/jonglezpublishing.com\/fr\/produit\/vins-insolites\/","title":{"rendered":"VINS INSOLITES"},"content":{"rendered":"<p>\u00c0 notre \u00e9poque mondialis\u00e9e, l&rsquo;uniformisation des techniques et des go\u00fbts semble in\u00e9vitable. Or quelques\u00a0vignerons cultivent la vigne sous des climats et dans des terroirs improbables, sauvent des c\u00e9pages\u00a0oubli\u00e9s ou bannis, retrouvent ou cr\u00e9ent des vins. Certains m\u00eame perp\u00e9tuent les m\u00e9thodes de l&rsquo;Antiquit\u00e9.<\/p>\n<p>Quelques exemples, \u00e0 travers le monde : des ceps hauts de 15 m\u00e8tres en Italie et au Portugal, les vins\u00a0de glace du Qu\u00e9bec, des vignes h\u00e9ro\u00efques inscrites au patrimoine culturel de l&rsquo;Unesco, le vin du d\u00e9sert de Gobi, ces cuv\u00e9es d&rsquo;Indon\u00e9sie issues d&rsquo;une r\u00e9colte continue, un Vin de la paix<span class=\"Apple-converted-space\">\u00a0<\/span>associant plus de 600\u00a0c\u00e9pages du monde entier, une vendange du 31 d\u00e9cembre, des vignes qui \u00e9coutent de la musique\u00a0classique, le vin d&rsquo;amphores de G\u00e9orgie, un effervescent \u00e0 d\u00e9gorger soi-m\u00eame&#8230;<\/p>\n<p>&nbsp;<\/p>\n<p><em>En vingt ans de reportages, <strong>Pierrick Bourgault<\/strong><span class=\"Apple-converted-space\">\u00a0<\/span>a d\u00e9nich\u00e9 une cinquantaine de ces curiosit\u00e9s qu&rsquo;il\u00a0explique avec p\u00e9dagogie et passion. Huit formes de l&rsquo;insolite sont d\u00e9taill\u00e9es : climats, terroirs, c\u00e9pages,\u00a0travail de la vigne, vinification, couleur, \u00e9levage, contenant. Journaliste, photographe, ing\u00e9nieur\u00a0agronome, Pierrick Bourgault a r\u00e9alis\u00e9 de nombreux reportages sur les soci\u00e9t\u00e9s rurales, les nourritures\u00a0et les vins du monde. Grand prix du journalisme agricole de l&rsquo;Afja, il est l&rsquo;auteur d&rsquo;une trentaine\u00a0d&rsquo;ouvrages, guides, essais, livres d&rsquo;art et textes litt\u00e9raires.<\/em><\/p>\n<p>&nbsp;<\/p>\n<p style=\"text-align: center;\">*Laur\u00e9at du Grand Prix\u00a0du Journalisme Agricole de l\u2019Afja*<\/p>\n<p style=\"text-align: center;\">*Premier prix en France du\u00a0\u00ab Gourmand World Cookbook Awards \u00bb*<\/p>\n<p>&nbsp;<\/p>\n<p><b>AUTEUR\u00a0<\/b>: Pierrick Bourgault<br \/>\n<b>PAGES\u00a0<\/b>: 256<br \/>\n<b>FORMAT\u00a0<\/b>:\u00a0<span class=\"Apple-converted-space\">\u00a0<\/span>17,5 x 28,4 cm &#8211; reli\u00e9<br \/>\n<b>ISBN\u00a0<\/b>:<span class=\"Apple-converted-space\">\u00a0<\/span>978-2-36195-095-8<br \/>\n<b>PRIX\u00a0<\/b>: 29,90 \u20ac<br \/>\n<b>CONTACT\u00a0<\/b>: <a href=\"mailto:infos@editionsjonglez.com\">infos@editionsjonglez.com<\/a><\/p>\n<div class=\"buttons_cont\">\n<div class=\"button_cont\" align=\"center\"><a class=\"gv_product_btn\" href=\"https:\/\/jonglezpublishing.com\/wp-content\/uploads\/2019\/09\/couv_vins_fr.jpg\" target=\"_blank\" rel=\"noopener noreferrer\">T\u00e9l\u00e9charger la couverture<\/a><\/div>\n<div class=\"button_cont\" align=\"center\"><a class=\"gv_product_btn\" href=\"https:\/\/jonglezpublishing.com\/wp-content\/uploads\/2019\/09\/Extrait-vins_fr.pdf\" target=\"_blank\" rel=\"noopener noreferrer\">Consulter le PDF<\/a><\/div>\n<div class=\"button_cont\" align=\"center\"><a class=\"gv_product_btn\" href=\"https:\/\/livre.fnac.com\/a8642315\/Pierrick-Bourgault-Vins-insolites#omnsearchpos=1\" target=\"_blank\" rel=\"noopener noreferrer\">Acheter en ligne<\/a><\/div>\n<\/div>\n","protected":false},"excerpt":{"rendered":"<p>\u00c0 notre \u00e9poque mondialis\u00e9e, l&rsquo;uniformisation des techniques et des go\u00fbts semble in\u00e9vitable. Or quelques\u00a0vignerons cultivent la vigne sous des climats<\/p>\n","protected":false},"featured_media":7418,"template":"","meta":[],"product_brand":[],"product_cat":[442,165,292,287,288],"product_tag":[],"class_list":{"0":"post-7428","1":"product","2":"type-product","3":"status-publish","4":"has-post-thumbnail","6":"product_cat-beaux-livres","7":"product_cat-english-fr","8":"product_cat-french-fr","9":"product_cat-italian-fr","10":"product_cat-spanish-fr","12":"first","13":"instock","14":"shipping-taxable","15":"product-type-simple"},"aioseo_notices":[],"_links":{"self":[{"href":"https:\/\/jonglezpublishing.com\/fr\/wp-json\/wp\/v2\/product\/7428","targetHints":{"allow":["GET"]}}],"collection":[{"href":"https:\/\/jonglezpublishing.com\/fr\/wp-json\/wp\/v2\/product"}],"about":[{"href":"https:\/\/jonglezpublishing.com\/fr\/wp-json\/wp\/v2\/types\/product"}],"wp:featuredmedia":[{"embeddable":true,"href":"https:\/\/jonglezpublishing.com\/fr\/wp-json\/wp\/v2\/media\/7418"}],"wp:attachment":[{"href":"https:\/\/jonglezpublishing.com\/fr\/wp-json\/wp\/v2\/media?parent=7428"}],"wp:term":[{"taxonomy":"product_brand","embeddable":true,"href":"https:\/\/jonglezpublishing.com\/fr\/wp-json\/wp\/v2\/product_brand?post=7428"},{"taxonomy":"product_cat","embeddable":true,"href":"https:\/\/jonglezpublishing.com\/fr\/wp-json\/wp\/v2\/product_cat?post=7428"},{"taxonomy":"product_tag","embeddable":true,"href":"https:\/\/jonglezpublishing.com\/fr\/wp-json\/wp\/v2\/product_tag?post=7428"}],"curies":[{"name":"wp","href":"https:\/\/api.w.org\/{rel}","templated":true}]}}