{"id":7742,"date":"2019-10-14T09:40:36","date_gmt":"2019-10-14T06:40:36","guid":{"rendered":"https:\/\/jonglezpublishing.com\/product\/baikonour-vestiges-du-programme-spatial-sovietique\/"},"modified":"2021-12-07T13:36:51","modified_gmt":"2021-12-07T11:36:51","slug":"baikonour-vestiges-du-programme-spatial-sovietique","status":"publish","type":"product","link":"https:\/\/jonglezpublishing.com\/fr\/produit\/baikonour-vestiges-du-programme-spatial-sovietique\/","title":{"rendered":"BA\u00cfKONOUR &#8211; VESTIGES DU PROGRAMME SPATIAL SOVIE SOVI\u00c9TIQUE"},"content":{"rendered":"<p style=\"text-align: center;\"><b>\u00ab La Terre est le berceau de l\u2019humanit\u00e9,<br \/>\nmais qui a envie de passer sa vie dans un berceau ? \u00bb \u2014 Konstantin Tsiolkovski\u00a0<\/b><\/p>\n<p>Le site spatial de Ba\u00efkonour, dans l\u2019actuel Kazakhstan, a \u00e9t\u00e9 cr\u00e9\u00e9 par les Sovi\u00e9tiques dans les ann\u00e9es 1950.<\/p>\n<p>C\u2019est de Ba\u00efkonour que fut lanc\u00e9e en 1988 la premi\u00e8re navette spatiale sovi\u00e9tique, du nom de Buran, concurren\u00e7ant ainsi la navette spatiale des \u00c9tats-Unis.<\/p>\n<p>Le programme Buran sera officiellement arr\u00eat\u00e9 en 1993 par Boris Yeltsin, le seul et unique vol de Buran ayant ainsi eu lieu en 1988.<\/p>\n<p>Depuis, le cosmodrome de Ba\u00efkonour a \u00e9t\u00e9 partiellement abandonn\u00e9, et notamment les sites li\u00e9s au lancement de la navette spatiale sovi\u00e9tique. Les deux navettes spatiales qui ont \u00e9t\u00e9 construites y reposent d\u00e9sormais, \u00e0 l\u2019abandon, dans une ambiance inou\u00efe.<\/p>\n<p>C\u2019est la toute premi\u00e8re fois que des photos de ces sites absolument exceptionnels sont publi\u00e9s dans un livre.<\/p>\n<p>Jonk a parcouru de nuit 20 km dans le d\u00e9sert kazakh pour rentrer en fraude dans ces hangars o\u00f9 il a dormi 3 nuits, \u00e9chappant aux rondes des militaires qui s\u00e9curisent l\u2019espace.<\/p>\n<p>Un reportage photographique inimaginable dans ce qui est consid\u00e9r\u00e9 aujourd\u2019hui comme le site d\u2019Urbex (urban exploration) le plus important au monde.<\/p>\n<p>&nbsp;<\/p>\n<p><b>AUTEUR &amp; PHOTOGRAPHE <\/b>: Jonk<br \/>\n<b>PAGES <\/b>: 192<br \/>\n<b>FORMAT <\/b>: 297mm x 210mm<br \/>\n<b>ISBN <\/b>: 978-2-36195-376-8<br \/>\n<b>PRIX <\/b>: 39,95 \u20ac<br \/>\n<b>CONTACT <\/b>: <a href=\"mailto:infos@editionsjonglez.com\">infos@editionsjonglez.com<\/a><\/p>\n<div class=\"buttons_cont\">\n<div class=\"button_cont\" align=\"center\"><a class=\"gv_product_btn\" href=\"https:\/\/jonglezpublishing.com\/wp-content\/uploads\/2019\/10\/Couv_Ba\u00efkonour_FR.jpg\" target=\"_blank\" rel=\"noopener noreferrer\">T\u00e9l\u00e9charger la couverture<\/a><\/div>\n<div class=\"button_cont\" align=\"center\"><a class=\"gv_product_btn\" href=\"https:\/\/jonglezpublishing.com\/wp-content\/uploads\/2019\/10\/Extraits-Bai\u2560\u00eakonour-FR.pdf\" target=\"_blank\" rel=\"noopener noreferrer\">Consulter le PDF<\/a><\/div>\n<div class=\"button_cont\" align=\"center\"><a class=\"gv_product_btn\" href=\"https:\/\/livre.fnac.com\/a13650087\/Jonk-Baikonour-Vestiges-du-Programme-Spatial-Sovietique#omnsearchpos=2\" target=\"_blank\" rel=\"noopener noreferrer\">Acheter en ligne<\/a><\/div>\n<\/div>\n","protected":false},"excerpt":{"rendered":"<p>\u00ab La Terre est le berceau de l\u2019humanit\u00e9, mais qui a envie de passer sa vie dans un berceau ?<\/p>\n","protected":false},"featured_media":11655,"template":"","meta":[],"product_brand":[],"product_cat":[442,165,292],"product_tag":[],"class_list":{"0":"post-7742","1":"product","2":"type-product","3":"status-publish","4":"has-post-thumbnail","6":"product_cat-beaux-livres","7":"product_cat-english-fr","8":"product_cat-french-fr","10":"first","11":"instock","12":"shipping-taxable","13":"product-type-simple"},"aioseo_notices":[],"_links":{"self":[{"href":"https:\/\/jonglezpublishing.com\/fr\/wp-json\/wp\/v2\/product\/7742","targetHints":{"allow":["GET"]}}],"collection":[{"href":"https:\/\/jonglezpublishing.com\/fr\/wp-json\/wp\/v2\/product"}],"about":[{"href":"https:\/\/jonglezpublishing.com\/fr\/wp-json\/wp\/v2\/types\/product"}],"wp:featuredmedia":[{"embeddable":true,"href":"https:\/\/jonglezpublishing.com\/fr\/wp-json\/wp\/v2\/media\/11655"}],"wp:attachment":[{"href":"https:\/\/jonglezpublishing.com\/fr\/wp-json\/wp\/v2\/media?parent=7742"}],"wp:term":[{"taxonomy":"product_brand","embeddable":true,"href":"https:\/\/jonglezpublishing.com\/fr\/wp-json\/wp\/v2\/product_brand?post=7742"},{"taxonomy":"product_cat","embeddable":true,"href":"https:\/\/jonglezpublishing.com\/fr\/wp-json\/wp\/v2\/product_cat?post=7742"},{"taxonomy":"product_tag","embeddable":true,"href":"https:\/\/jonglezpublishing.com\/fr\/wp-json\/wp\/v2\/product_tag?post=7742"}],"curies":[{"name":"wp","href":"https:\/\/api.w.org\/{rel}","templated":true}]}}