{"id":7793,"date":"2019-10-14T12:06:43","date_gmt":"2019-10-14T09:06:43","guid":{"rendered":"https:\/\/jonglezpublishing.com\/product\/soul-of-los-angeles-guide-des-30-meilleures-experiences\/"},"modified":"2024-01-29T08:59:23","modified_gmt":"2024-01-29T06:59:23","slug":"soul-of-los-angeles-guide-des-30-meilleures-experiences","status":"publish","type":"product","link":"https:\/\/jonglezpublishing.com\/fr\/produit\/soul-of-los-angeles-guide-des-30-meilleures-experiences\/","title":{"rendered":"SOUL OF LOS ANGELES &#8211; GUIDE DES 30 MEILLEURES EXP\u00c9RIENCES"},"content":{"rendered":"<p style=\"text-align: center;\"><strong>LOS ANGELES<\/strong><br \/>\nON A TEST\u00c9 1000 LIEUX,<br \/>\n<strong>ON EN A RETENU 30<\/strong><\/p>\n<p>Acc\u00e9dez \u00e0 une plage secr\u00e8te de Malibu, d\u00e9tendez-vous dans un gigantesque spa cor\u00e9en ouvert 24h \/ 24, regardez la collection de films de Tarantino, mangez votre hamburger \u00e0 la californienne, m\u00e9-ditez dans le jardin pr\u00e9f\u00e9r\u00e9 d\u2019Elvis et de George Harrison, savourez un cocktail dans l\u2019un des plus beaux restaurants des \u00c9tats-Unis, achetez un vinyle et une robe vintage au m\u00eame endroit&#8230;<\/p>\n<p>La collection Soul est une nouvelle approche de l\u2019art du voyage, faite de vagabondages, de rencontres fortuites, d\u2019exp\u00e9riences inoubliables. Des guides pour ceux qui veulent pousser les portes secr\u00e8tes d\u2019une ville, capter les battements de son c\u0153ur, en phosphorer les moindres recoins pour atteindre son \u00e2me.<\/p>\n<p>&nbsp;<\/p>\n<p><b>AUTEUR <\/b>: Emilien Crespo<br \/>\n<b>PAGES <\/b>: 128<br \/>\n<b>FORMAT <\/b>: 200 x 135 mm<br \/>\n<b>ISBN <\/b>: 978-2-36195-635-6<br \/>\n<b>PRIX <\/b>: 14,95 \u20ac &#8211; 14.95 $<br \/>\n<b>CONTACT <\/b>:<span class=\"Apple-converted-space\"> <a href=\"mailto:infos@editionsjonglez.com\">infos@editionsjonglez.com<\/a><\/span><\/p>\n<p>&nbsp;<\/p>\n<div class=\"buttons_cont\">\n<div class=\"button_cont\" align=\"center\"><a class=\"gv_product_btn\" href=\"https:\/\/jonglezpublishing.com\/wp-content\/uploads\/2019\/10\/Couverture-SOLA_FR-scaled.jpg\" target=\"_blank\" rel=\"noopener\">T\u00e9l\u00e9charger la couverture<\/a><\/div>\n<div class=\"button_cont\" align=\"center\"><a class=\"gv_product_btn\" href=\"https:\/\/jonglezpublishing.com\/wp-content\/uploads\/2024\/01\/Preview-SO-LA-FR-1.pdf\" target=\"_blank\" rel=\"noopener\">Consulter le PDF<\/a><\/div>\n<div class=\"button_cont\" align=\"center\"><a class=\"gv_product_btn\" href=\"https:\/\/www.fnac.com\/a17866128\/EMILIEN-CRESPO-Soul-of-Los-Angeles-Guide-des-30-meilleures-experiences#omnsearchpos=2\" target=\"_blank\" rel=\"noopener\">Acheter en ligne<\/a><\/div>\n<\/div>\n","protected":false},"excerpt":{"rendered":"<p>LOS ANGELES ON A TEST\u00c9 1000 LIEUX, ON EN A RETENU 30 Acc\u00e9dez \u00e0 une plage secr\u00e8te de Malibu, d\u00e9tendez-vous<\/p>\n","protected":false},"featured_media":12153,"template":"","meta":[],"product_brand":[],"product_cat":[165,444],"product_tag":[],"class_list":{"0":"post-7793","1":"product","2":"type-product","3":"status-publish","4":"has-post-thumbnail","6":"product_cat-english-fr","7":"product_cat-lautre-guide","9":"first","10":"instock","11":"shipping-taxable","12":"product-type-simple"},"aioseo_notices":[],"_links":{"self":[{"href":"https:\/\/jonglezpublishing.com\/fr\/wp-json\/wp\/v2\/product\/7793","targetHints":{"allow":["GET"]}}],"collection":[{"href":"https:\/\/jonglezpublishing.com\/fr\/wp-json\/wp\/v2\/product"}],"about":[{"href":"https:\/\/jonglezpublishing.com\/fr\/wp-json\/wp\/v2\/types\/product"}],"wp:featuredmedia":[{"embeddable":true,"href":"https:\/\/jonglezpublishing.com\/fr\/wp-json\/wp\/v2\/media\/12153"}],"wp:attachment":[{"href":"https:\/\/jonglezpublishing.com\/fr\/wp-json\/wp\/v2\/media?parent=7793"}],"wp:term":[{"taxonomy":"product_brand","embeddable":true,"href":"https:\/\/jonglezpublishing.com\/fr\/wp-json\/wp\/v2\/product_brand?post=7793"},{"taxonomy":"product_cat","embeddable":true,"href":"https:\/\/jonglezpublishing.com\/fr\/wp-json\/wp\/v2\/product_cat?post=7793"},{"taxonomy":"product_tag","embeddable":true,"href":"https:\/\/jonglezpublishing.com\/fr\/wp-json\/wp\/v2\/product_tag?post=7793"}],"curies":[{"name":"wp","href":"https:\/\/api.w.org\/{rel}","templated":true}]}}