{"id":7945,"date":"2020-02-21T13:37:33","date_gmt":"2020-02-21T11:37:33","guid":{"rendered":"https:\/\/jonglezpublishing.com\/?post_type=product&#038;p=7945"},"modified":"2020-07-07T17:08:25","modified_gmt":"2020-07-07T14:08:25","slug":"bassin-darcachon-meconnu","status":"publish","type":"product","link":"https:\/\/jonglezpublishing.com\/fr\/produit\/bassin-darcachon-meconnu\/","title":{"rendered":"BASSIN D&rsquo;ARCACHON M\u00c9CONNU"},"content":{"rendered":"<p>Un terrain d&rsquo;atterrissage unique au monde pour les ovnis, faire de la plong\u00e9e sous-marine au Cap Ferret \u00e0 la recherche d\u2019un bunker en face de <em>Chez Hortense<\/em>, l\u2019histoire oubli\u00e9e des soldats-b\u00fbcherons canadiens de Biganos, un vin blanc \u00e9lev\u00e9 en immersion dans le bassin d\u2019Arcachon, une ancienne base allemande du mur de l\u2019Atlantique, la f\u00eate de\u00a0la \u00ab\u00a0sainte Saucisse\u00a0\u00bb, une pierre perc\u00e9e aux pouvoirs gu\u00e9risseurs, un droit au bois de chauffage gratuit unique en France, l\u2019origine de la devise de la ville d\u2019Arcachon, la visite de la source d\u2019eau min\u00e9rale naturelle la plus profonde de France, la d\u00e9couverte des hippocampes du bassin d\u2019Arcachon, lieu qui en poss\u00e8de le plus en France, une source qui soigne les troubles oculaires\u2026<\/p>\n<p>Loin des foules et des clich\u00e9s habituels, le bassin d&rsquo;Arcachon garde encore des tr\u00e9sors bien cach\u00e9s qu\u2019il ne r\u00e9v\u00e8le qu\u2019aux habitants et aux voyageurs qui savent sortir des sentiers battus.<\/p>\n<p>Un guide indispensable pour ceux qui pensaient bien conna\u00eetre le Bassin ou pour ceux qui souhaitent d\u00e9couvrir son autre visage.<\/p>\n<p>&nbsp;<\/p>\n<p><b>AUTEUR <\/b>: Jean-Marie Beuzelin<br \/>\n<b>PAGES <\/b>: 192<br \/>\n<b>FORMAT <\/b>: 10.5 x 19 cm<br \/>\n<b>ISBN <\/b>: <span data-sheets-value=\"{&quot;1&quot;:2,&quot;2&quot;:&quot;978-2-36195-404-8&quot;}\" data-sheets-userformat=\"{&quot;2&quot;:13251,&quot;3&quot;:{&quot;1&quot;:0},&quot;4&quot;:[null,2,16776960],&quot;9&quot;:1,&quot;10&quot;:2,&quot;11&quot;:0,&quot;12&quot;:0,&quot;15&quot;:&quot;Cambria&quot;,&quot;16&quot;:11}\">978-2-36195-404-8<\/span><br \/>\n<b>PRIX <\/b>: 16,95 \u20ac<br \/>\n<b>CONTACT <\/b>: <a href=\"mailto:infos@editionsjonglez.com\">infos@editionsjonglez.com <\/a><\/p>\n<div class=\"buttons_cont\">\n<div align=\"center\"><\/div>\n<div class=\"button_cont\" align=\"center\"><a class=\"gv_product_btn\" href=\"https:\/\/jonglezpublishing.com\/wp-content\/uploads\/2020\/02\/Couv-Arcachon-V6.jpg\" target=\"_blank\" rel=\"noopener noreferrer\">T\u00e9l\u00e9charger la couverture<\/a><\/div>\n<div class=\"button_cont\" align=\"center\"><a class=\"gv_product_btn\" href=\"https:\/\/jonglezpublishing.com\/wp-content\/uploads\/2020\/02\/Extraits-Arcachon.pdf\" target=\"_blank\" rel=\"noopener noreferrer\">Consulter le PDF<\/a><\/div>\n<div class=\"button_cont\" align=\"center\"><a class=\"gv_product_btn\" href=\"https:\/\/livre.fnac.com\/a14089030\/Jean-Marie-Beuzelin-Bassin-d-Arcachon-Meconnu#omnsearchpos=1\" target=\"_blank\" rel=\"noopener noreferrer\">Acheter en ligne<\/a><\/div>\n","protected":false},"excerpt":{"rendered":"<p>Un terrain d&rsquo;atterrissage unique au monde pour les ovnis, faire de la plong\u00e9e sous-marine au Cap Ferret \u00e0 la recherche<\/p>\n","protected":false},"featured_media":7948,"template":"","meta":[],"product_brand":[],"product_cat":[283,292,420],"product_tag":[],"class_list":{"0":"post-7945","1":"product","2":"type-product","3":"status-publish","4":"has-post-thumbnail","6":"product_cat-french-2","7":"product_cat-french-fr","8":"product_cat-guides-insolites","10":"first","11":"instock","12":"shipping-taxable","13":"product-type-simple"},"aioseo_notices":[],"_links":{"self":[{"href":"https:\/\/jonglezpublishing.com\/fr\/wp-json\/wp\/v2\/product\/7945","targetHints":{"allow":["GET"]}}],"collection":[{"href":"https:\/\/jonglezpublishing.com\/fr\/wp-json\/wp\/v2\/product"}],"about":[{"href":"https:\/\/jonglezpublishing.com\/fr\/wp-json\/wp\/v2\/types\/product"}],"wp:featuredmedia":[{"embeddable":true,"href":"https:\/\/jonglezpublishing.com\/fr\/wp-json\/wp\/v2\/media\/7948"}],"wp:attachment":[{"href":"https:\/\/jonglezpublishing.com\/fr\/wp-json\/wp\/v2\/media?parent=7945"}],"wp:term":[{"taxonomy":"product_brand","embeddable":true,"href":"https:\/\/jonglezpublishing.com\/fr\/wp-json\/wp\/v2\/product_brand?post=7945"},{"taxonomy":"product_cat","embeddable":true,"href":"https:\/\/jonglezpublishing.com\/fr\/wp-json\/wp\/v2\/product_cat?post=7945"},{"taxonomy":"product_tag","embeddable":true,"href":"https:\/\/jonglezpublishing.com\/fr\/wp-json\/wp\/v2\/product_tag?post=7945"}],"curies":[{"name":"wp","href":"https:\/\/api.w.org\/{rel}","templated":true}]}}