{"id":8002,"date":"2020-03-17T17:15:01","date_gmt":"2020-03-17T15:15:01","guid":{"rendered":"https:\/\/jonglezpublishing.com\/product\/le-crepuscule-des-cinemas\/"},"modified":"2023-10-18T13:40:40","modified_gmt":"2023-10-18T10:40:40","slug":"le-crepuscule-des-cinemas","status":"publish","type":"product","link":"https:\/\/jonglezpublishing.com\/fr\/produit\/le-crepuscule-des-cinemas\/","title":{"rendered":"LE CR\u00c9PUSCULE DES CIN\u00c9MAS"},"content":{"rendered":"<p>Simon Edelstein parcourt le monde depuis douze ans sur les traces\u00a0des cin\u00e9mas abandonn\u00e9s aux USA, en France, en Italie, en Inde, au\u00a0Maroc, \u00e0 Cuba\u2026 Il s\u2019est rendu dans plus de trente pays, patrouillant\u00a0\u00e0 travers les quartiers lointains de nombreuses villes pour retrouver\u00a0sur les fa\u00e7ades us\u00e9es par le temps et l\u2019oubli les stigmates de leurs\u00a0splendeurs pass\u00e9es.<\/p>\n<p>Si la foule du samedi soir ne converge plus vers ces cin\u00e9mas endormis\u00a0sous la poussi\u00e8re des ans, ils d\u00e9voilent sous l\u2019objectif de Simon\u00a0Edelstein la belle arch\u00e9ologie de leurs fa\u00e7ades, de leurs entr\u00e9es, de\u00a0leurs vastes salles de navires \u00e0 la d\u00e9rive.<\/p>\n<p>Ce livre est un hommage \u00e0 ce qui demeure de l\u2019\u00e2ge d\u2019or des salles\u00a0de cin\u00e9mas du monde entier. Mais aussi \u00e0 leur silence et \u00e0 leur\u00a0r\u00e9sistance.<\/p>\n<p>&nbsp;<\/p>\n<p><b>AUTEUR &amp; PHOTOGRAPHE\u00a0<\/b>: Simon Edelstein<br \/>\n<b>PAGES <\/b>: 288<br \/>\n<b>FORMAT <\/b>: 22,5 x 29 cm<br \/>\n<b>ISBN <\/b>: <span data-sheets-value=\"{&quot;1&quot;:2,&quot;2&quot;:&quot;978-2-36195-367-6&quot;}\" data-sheets-userformat=\"{&quot;2&quot;:13251,&quot;3&quot;:{&quot;1&quot;:0},&quot;4&quot;:[null,2,16776960],&quot;9&quot;:1,&quot;10&quot;:2,&quot;11&quot;:0,&quot;12&quot;:0,&quot;15&quot;:&quot;Cambria&quot;,&quot;16&quot;:11}\">978-2-36195-367-6<\/span><br \/>\n<b>PRIX <\/b>: 39,95 \u20ac<br \/>\n<b>CONTACT <\/b>: <a href=\"mailto:infos@editionsjonglez.com\">infos@editionsjonglez.com<\/a><\/p>\n<p>&nbsp;<\/p>\n<div class=\"buttons_cont\">\n<div class=\"button_cont\" align=\"center\"><a class=\"gv_product_btn\" href=\"https:\/\/jonglezpublishing.com\/wp-content\/uploads\/2020\/03\/Couv_Cr\u00e9puscule_FR.jpg\" target=\"_blank\" rel=\"noopener noreferrer\">T\u00e9l\u00e9charger la couverture<\/a><\/div>\n<div class=\"button_cont\" align=\"center\"><a class=\"gv_product_btn\" href=\"https:\/\/jonglezpublishing.com\/wp-content\/uploads\/2020\/03\/Extrait-FR.pdf\" target=\"_blank\" rel=\"noopener noreferrer\">Consulter le PDF<\/a><\/div>\n<div class=\"button_cont\" align=\"center\"><a class=\"gv_product_btn\" href=\"https:\/\/livre.fnac.com\/a13650177\/Simon-Edelstein-Le-crepuscule-des-cinemas#omnsearchpos=1\" target=\"_blank\" rel=\"noopener noreferrer\">Acheter en ligne<\/a><\/div>\n<\/div>\n","protected":false},"excerpt":{"rendered":"<p>Simon Edelstein parcourt le monde depuis douze ans sur les traces\u00a0des cin\u00e9mas abandonn\u00e9s aux USA, en France, en Italie, en<\/p>\n","protected":false},"featured_media":7991,"template":"","meta":[],"product_brand":[],"product_cat":[442,165,292,288],"product_tag":[],"class_list":{"0":"post-8002","1":"product","2":"type-product","3":"status-publish","4":"has-post-thumbnail","6":"product_cat-beaux-livres","7":"product_cat-english-fr","8":"product_cat-french-fr","9":"product_cat-spanish-fr","11":"first","12":"instock","13":"shipping-taxable","14":"product-type-simple"},"aioseo_notices":[],"_links":{"self":[{"href":"https:\/\/jonglezpublishing.com\/fr\/wp-json\/wp\/v2\/product\/8002","targetHints":{"allow":["GET"]}}],"collection":[{"href":"https:\/\/jonglezpublishing.com\/fr\/wp-json\/wp\/v2\/product"}],"about":[{"href":"https:\/\/jonglezpublishing.com\/fr\/wp-json\/wp\/v2\/types\/product"}],"wp:featuredmedia":[{"embeddable":true,"href":"https:\/\/jonglezpublishing.com\/fr\/wp-json\/wp\/v2\/media\/7991"}],"wp:attachment":[{"href":"https:\/\/jonglezpublishing.com\/fr\/wp-json\/wp\/v2\/media?parent=8002"}],"wp:term":[{"taxonomy":"product_brand","embeddable":true,"href":"https:\/\/jonglezpublishing.com\/fr\/wp-json\/wp\/v2\/product_brand?post=8002"},{"taxonomy":"product_cat","embeddable":true,"href":"https:\/\/jonglezpublishing.com\/fr\/wp-json\/wp\/v2\/product_cat?post=8002"},{"taxonomy":"product_tag","embeddable":true,"href":"https:\/\/jonglezpublishing.com\/fr\/wp-json\/wp\/v2\/product_tag?post=8002"}],"curies":[{"name":"wp","href":"https:\/\/api.w.org\/{rel}","templated":true}]}}