{"id":8273,"date":"2020-06-19T11:13:19","date_gmt":"2020-06-19T08:13:19","guid":{"rendered":"https:\/\/jonglezpublishing.com\/?post_type=product&#038;p=8273"},"modified":"2023-09-27T13:40:26","modified_gmt":"2023-09-27T10:40:26","slug":"lyon-insolite-et-meconnu","status":"publish","type":"product","link":"https:\/\/jonglezpublishing.com\/fr\/produit\/lyon-insolite-et-meconnu\/","title":{"rendered":"LYON INSOLITE ET M\u00c9CONNU"},"content":{"rendered":"<p>Un bateau du XVIIIe si\u00e8cle en vitrine dans un parking souterrain, la plaque de la premi\u00e8re \u00e9tape du premier Tour de France, des lions qui d\u00e9m\u00e9nagent, un r\u00e9servoir spectaculaire qui se visite sur r\u00e9servation, une entr\u00e9e d\u2019immeuble qui vient d\u2019une \u00e9glise, les \u00e9tranges num\u00e9ros du boulevard des \u00c9tats-Unis, les \u00e9nergum\u00e8nes de la basilique d\u2019Ainay, une plaque qui contredit l\u2019autre, le moulage de la main d\u2019un magn\u00e9tiseur, des ruines m\u00e9rovingiennes sous une bretelle d\u2019autoroute, des champignons dans une ancienne galerie militaire \u00e0 Caluire, les traces des boulets de canon de 1793&#8230;<\/p>\n<p>Loin des foules et des clich\u00e9s habituels, la ville de Lyon garde encore des tr\u00e9sors bien cach\u00e9s qu\u2019elle ne r\u00e9v\u00e8le qu\u2019aux habitants et aux voyageurs qui savent sortir des sentiers battus.<\/p>\n<p>Un guide indispensable pour ceux qui pensaient bien conna\u00eetre Lyon ou pour ceux qui souhaitent d\u00e9couvrir son autre visage.<\/p>\n<p>&nbsp;<\/p>\n<p class=\"p1\"><span class=\"s1\"><b>AUTEUR <\/b>: Nad\u00e8ge Druzkowski<br \/>\n<\/span><span class=\"s1\"><b>PAGES <\/b>: 448<br \/>\n<\/span><span class=\"s1\"><b>FORMAT <\/b>: 10.5 x 19 cm<br \/>\n<\/span><span class=\"s1\"><b>ISBN <\/b>: 978-2-36195-644-8<br \/>\n<\/span><span class=\"s1\"><b>PRIX <\/b>: 18,95 \u20ac<br \/>\n<\/span><span class=\"s1\"><b>CONTACT <\/b>: <a href=\"mailto:info@editionsjonglez.com\"><span class=\"s2\">info@editionsjonglez.com<\/span><\/a><\/span><\/p>\n<div class=\"buttons_cont\">\n<div align=\"center\"><\/div>\n<div class=\"button_cont\" align=\"center\"><a class=\"gv_product_btn\" href=\"https:\/\/jonglezpublishing.com\/wp-content\/uploads\/2020\/06\/Couverture-Lyon-1-scaled.jpg\" target=\"_blank\" rel=\"noopener\">T\u00e9l\u00e9charger la couverture<\/a><\/div>\n<div class=\"button_cont\" align=\"center\"><a class=\"gv_product_btn\" href=\"https:\/\/jonglezpublishing.com\/wp-content\/uploads\/2023\/09\/EXTRAIT-PDF-Lyon.pdf\" target=\"_blank\" rel=\"noopener\">Consulter le PDF<\/a><\/div>\n<div class=\"button_cont\" align=\"center\"><a class=\"gv_product_btn\" href=\"https:\/\/www.fnac.com\/a17866100\/Nadege-Druzkowski-Lyon-insolite-et-meconnu#omnsearchpos=3\" target=\"_blank\" rel=\"noopener\">Acheter en ligne<\/a><\/div>\n<\/div>\n","protected":false},"excerpt":{"rendered":"<p>Un bateau du XVIIIe si\u00e8cle en vitrine dans un parking souterrain, la plaque de la premi\u00e8re \u00e9tape du premier Tour<\/p>\n","protected":false},"featured_media":11659,"template":"","meta":[],"product_brand":[],"product_cat":[292,283,420],"product_tag":[],"class_list":{"0":"post-8273","1":"product","2":"type-product","3":"status-publish","4":"has-post-thumbnail","6":"product_cat-french-fr","7":"product_cat-french-2","8":"product_cat-guides-insolites","10":"first","11":"instock","12":"shipping-taxable","13":"product-type-simple"},"aioseo_notices":[],"_links":{"self":[{"href":"https:\/\/jonglezpublishing.com\/fr\/wp-json\/wp\/v2\/product\/8273","targetHints":{"allow":["GET"]}}],"collection":[{"href":"https:\/\/jonglezpublishing.com\/fr\/wp-json\/wp\/v2\/product"}],"about":[{"href":"https:\/\/jonglezpublishing.com\/fr\/wp-json\/wp\/v2\/types\/product"}],"wp:featuredmedia":[{"embeddable":true,"href":"https:\/\/jonglezpublishing.com\/fr\/wp-json\/wp\/v2\/media\/11659"}],"wp:attachment":[{"href":"https:\/\/jonglezpublishing.com\/fr\/wp-json\/wp\/v2\/media?parent=8273"}],"wp:term":[{"taxonomy":"product_brand","embeddable":true,"href":"https:\/\/jonglezpublishing.com\/fr\/wp-json\/wp\/v2\/product_brand?post=8273"},{"taxonomy":"product_cat","embeddable":true,"href":"https:\/\/jonglezpublishing.com\/fr\/wp-json\/wp\/v2\/product_cat?post=8273"},{"taxonomy":"product_tag","embeddable":true,"href":"https:\/\/jonglezpublishing.com\/fr\/wp-json\/wp\/v2\/product_tag?post=8273"}],"curies":[{"name":"wp","href":"https:\/\/api.w.org\/{rel}","templated":true}]}}