{"id":8517,"date":"2020-07-23T13:00:43","date_gmt":"2020-07-23T10:00:43","guid":{"rendered":"https:\/\/jonglezpublishing.com\/product\/soul-of-barcelone-guide-des-30-meilleures-experiences\/"},"modified":"2024-06-10T09:15:51","modified_gmt":"2024-06-10T06:15:51","slug":"soul-of-barcelone-guide-des-30-meilleures-experiences","status":"publish","type":"product","link":"https:\/\/jonglezpublishing.com\/fr\/produit\/soul-of-barcelone-guide-des-30-meilleures-experiences\/","title":{"rendered":"BARCELONE &#8211; 30 EXP\u00c9RIENCES"},"content":{"rendered":"<p style=\"text-align: center;\"><em><span class=\"s1\">\u201cLa rue la plus joyeuse du monde, la rue o\u00f9 vivent ensemble les quatre saisons de l\u2019ann\u00e9e, l\u2019unique rue de la terre que je souhaiterais ne jamais se terminer, riche en sons, abondante en brises, belle de rencontres : La Rambla de Barcelone\u201d, Federico Garc\u00eda Lorca<\/span><\/em><\/p>\n<p>&nbsp;<\/p>\n<p class=\"p1\"><span class=\"s1\">\u00c9couter du jazz sur les toits de Gaudi, go\u00fbter les tapas d\u2019une grand-m\u00e8re qui inspire tous les jeunes chefs espagnols, acc\u00e9der \u00e0 une plage secr\u00e8te, croquer dans les meilleurs churros de votre vie, prendre un bain chaud dans un spa sous la ville\u2026<\/span><\/p>\n<p class=\"p1\"><span class=\"s1\"><i>Soul of Barcelona<\/i> regroupe les 30 meilleures exp\u00e9riences de la ville, celles qui m\u00e9ritent le billet d\u2019avion \u00e0 elles toutes seules !<\/span><\/p>\n<p>&nbsp;<\/p>\n<p class=\"p1\" style=\"text-align: left;\"><span class=\"s1\">La collection \u00ab <\/span><em><span class=\"s2\"><b>Soul <\/b><\/span><\/em><span class=\"s1\">\u00bb est une nouvelle approche de l\u2019art du voyage, faite de vagabondages, de rencontres fortuites, d\u2019exp\u00e9riences inoubliables. Des guides pour ceux qui veulent pousser les portes secr\u00e8tes d\u2019une ville, capter les battements de son coeur, en phosphorer les moindres recoins pour atteindre son \u00e2me.<\/span><\/p>\n<p class=\"p1\" style=\"text-align: left;\"><span class=\"s1\">Fond\u00e9e par Fany P\u00e9chiodat, en collaboration avec l\u2019\u00e9diteur Thomas Jonglez, la collection s\u2019enrichira de nouvelles villes<\/span><span class=\"s1\">\u00a0: Bali, Rome, Venise\u2026 <\/span><\/p>\n<p class=\"p1\" style=\"text-align: left;\"><span class=\"s1\">Dans tous les guides de la collection \u00ab <\/span><em><span class=\"s2\"><b>Soul<\/b><\/span><\/em><span class=\"s1\">\u00a0\u00bb, retrouvez :<\/span><\/p>\n<p class=\"p1\" style=\"text-align: left;\"><span class=\"s1\">&#8211; les 30 meilleures exp\u00e9riences d\u2019une ville<br \/>\n&#8211; des interviews de ceux qui font l\u2019esprit de cette ville<br \/>\n&#8211; des illustrations saisissant l\u2019\u00e2me de la ville<br \/>\n<\/span><\/p>\n<p>&nbsp;<\/p>\n<p><strong>AUTEURS <\/strong>:\u00a0<span class=\"s1\">Fany P\u00e9chiodat &amp; Vincent Moustache<br \/>\n<\/span><span class=\"s1\"><b>PAGES <\/b>: 128<br \/>\n<\/span><span class=\"s1\"><b>FORMAT <\/b>: 200 x 135 mm<br \/>\n<\/span><span class=\"s1\"><b>ISBN <\/b>: 978-2-36195-640-0<br \/>\n<\/span><span class=\"s1\"><b>PRIX <\/b>: 14,95 \u20ac<br \/>\n<b>CONTACT <\/b>:<span class=\"Apple-converted-space\">\u00a0 <\/span><a href=\"mailto:info@editionsjonglez.com?subject=\"><span class=\"s2\">info@editionsjonglez.com<\/span><\/a><\/span><\/p>\n<div class=\"buttons_cont\">\n<div align=\"center\"><\/div>\n<div class=\"button_cont\" align=\"center\"><a class=\"gv_product_btn\" href=\"https:\/\/jonglezpublishing.com\/wp-content\/uploads\/2020\/07\/Couv-SoBarcelone_FR_RVB-scaled.jpg\" target=\"_blank\" rel=\"noopener\">T\u00e9l\u00e9charger la couverture<\/a><\/div>\n<div class=\"button_cont\" align=\"center\"><a class=\"gv_product_btn\" href=\"https:\/\/jonglezpublishing.com\/wp-content\/uploads\/2024\/06\/PREVIEW_SOBarcelone_FR.pdf\" target=\"_blank\" rel=\"noopener\">Consulter le PDF<\/a><\/div>\n<div class=\"button_cont\" align=\"center\"><a class=\"gv_product_btn\" href=\"https:\/\/www.fnac.com\/a17650417\/Vincent-Moustache-Soul-of-Barcelone-Guide-des-30-meilleures-experiences\" target=\"_blank\" rel=\"noopener\">Acheter en ligne<\/a><\/div>\n<\/div>\n","protected":false},"excerpt":{"rendered":"<p>\u201cLa rue la plus joyeuse du monde, la rue o\u00f9 vivent ensemble les quatre saisons de l\u2019ann\u00e9e, l\u2019unique rue de<\/p>\n","protected":false},"featured_media":12785,"template":"","meta":[],"product_brand":[],"product_cat":[165,444],"product_tag":[],"class_list":{"0":"post-8517","1":"product","2":"type-product","3":"status-publish","4":"has-post-thumbnail","6":"product_cat-english-fr","7":"product_cat-lautre-guide","9":"first","10":"instock","11":"shipping-taxable","12":"product-type-simple"},"aioseo_notices":[],"_links":{"self":[{"href":"https:\/\/jonglezpublishing.com\/fr\/wp-json\/wp\/v2\/product\/8517","targetHints":{"allow":["GET"]}}],"collection":[{"href":"https:\/\/jonglezpublishing.com\/fr\/wp-json\/wp\/v2\/product"}],"about":[{"href":"https:\/\/jonglezpublishing.com\/fr\/wp-json\/wp\/v2\/types\/product"}],"wp:featuredmedia":[{"embeddable":true,"href":"https:\/\/jonglezpublishing.com\/fr\/wp-json\/wp\/v2\/media\/12785"}],"wp:attachment":[{"href":"https:\/\/jonglezpublishing.com\/fr\/wp-json\/wp\/v2\/media?parent=8517"}],"wp:term":[{"taxonomy":"product_brand","embeddable":true,"href":"https:\/\/jonglezpublishing.com\/fr\/wp-json\/wp\/v2\/product_brand?post=8517"},{"taxonomy":"product_cat","embeddable":true,"href":"https:\/\/jonglezpublishing.com\/fr\/wp-json\/wp\/v2\/product_cat?post=8517"},{"taxonomy":"product_tag","embeddable":true,"href":"https:\/\/jonglezpublishing.com\/fr\/wp-json\/wp\/v2\/product_tag?post=8517"}],"curies":[{"name":"wp","href":"https:\/\/api.w.org\/{rel}","templated":true}]}}