{"id":8782,"date":"2020-10-13T08:45:07","date_gmt":"2020-10-13T05:45:07","guid":{"rendered":"https:\/\/jonglezpublishing.com\/product\/venise-deserte\/"},"modified":"2021-12-07T14:23:59","modified_gmt":"2021-12-07T12:23:59","slug":"venise-deserte","status":"publish","type":"product","link":"https:\/\/jonglezpublishing.com\/fr\/produit\/venise-deserte\/","title":{"rendered":"VENISE D\u00c9SERTE"},"content":{"rendered":"<p class=\"p1\"><span class=\"s1\">Pendant le confinement d\u00fb au Corona virus, en mars, avril et mai 2020,\u00a0<\/span><span class=\"s1\">Venise a \u00e9t\u00e9 totalement d\u00e9sert\u00e9e, comme elle ne l\u2019a probablement jamais \u00e9t\u00e9\u00a0<\/span><span class=\"s1\">dans son histoire. Luc et Danielle Carton, qui habitent \u00e0 Venise depuis 2005, ont eu la chance de pouvoir photographier la plus belle ville du monde dans ces conditions <\/span><span class=\"s1\">exceptionnelles.<\/span><\/p>\n<p class=\"p1\"><span class=\"s1\">Leurs photos sont un t\u00e9moignage rare de cette p\u00e9riode hors du commun.<\/span><\/p>\n<p class=\"p1\"><span class=\"s1\">Un reportage unique.<\/span><\/p>\n<p>&nbsp;<\/p>\n<p><strong>AUTEURS <\/strong>:\u00a0<span class=\"s1\">Danielle &amp; Luc Carton<br \/>\n<\/span><span class=\"s1\"><b>PAGES <\/b>: 192<br \/>\n<\/span><span class=\"s1\"><b>FORMAT <\/b>: 21.5 x 28\u00a0cm<br \/>\n<\/span><span class=\"s1\"><b>ISBN <\/b>: 978-2-36195-485-7<br \/>\n<\/span><span class=\"s1\"><b>PRIX <\/b>: 35 \u20ac<br \/>\n<\/span><span class=\"s1\"><b>CONTACT <\/b>: <a href=\"mailto:infos@editionsjonglez.com?subject=\"><span class=\"s2\">infos@editionsjonglez.com<\/span><\/a><\/span><\/p>\n<div class=\"buttons_cont\">\n<div align=\"center\"><\/div>\n<div class=\"button_cont\" align=\"center\"><a class=\"gv_product_btn\" href=\"https:\/\/jonglezpublishing.com\/wp-content\/uploads\/2020\/10\/Venise-de\u0301serte-FR-1.jpg\" target=\"_blank\" rel=\"noopener noreferrer\">T\u00e9l\u00e9charger la couverture<\/a><\/div>\n<div class=\"button_cont\" align=\"center\"><a class=\"gv_product_btn\" href=\"https:\/\/jonglezpublishing.com\/wp-content\/uploads\/2020\/10\/Venise-De\u0301serte-2020_Preview_Jonglez.pdf\" target=\"_blank\" rel=\"noopener noreferrer\">Consulter le PDF<\/a><\/div>\n<div class=\"button_cont\" align=\"center\"><a class=\"gv_product_btn\" href=\"https:\/\/livre.fnac.com\/a14950169\/Luc-Carton-Venise-deserte#omnsearchpos=1\" target=\"_blank\" rel=\"noopener noreferrer\">Acheter en ligne<\/a><\/div>\n<\/div>\n","protected":false},"excerpt":{"rendered":"<p>Pendant le confinement d\u00fb au Corona virus, en mars, avril et mai 2020,\u00a0Venise a \u00e9t\u00e9 totalement d\u00e9sert\u00e9e, comme elle ne<\/p>\n","protected":false},"featured_media":8773,"template":"","meta":[],"product_brand":[],"product_cat":[442,165,292,522,287,288],"product_tag":[],"class_list":{"0":"post-8782","1":"product","2":"type-product","3":"status-publish","4":"has-post-thumbnail","6":"product_cat-beaux-livres","7":"product_cat-english-fr","8":"product_cat-french-fr","9":"product_cat-german-fr","10":"product_cat-italian-fr","11":"product_cat-spanish-fr","13":"first","14":"instock","15":"shipping-taxable","16":"product-type-simple"},"aioseo_notices":[],"_links":{"self":[{"href":"https:\/\/jonglezpublishing.com\/fr\/wp-json\/wp\/v2\/product\/8782","targetHints":{"allow":["GET"]}}],"collection":[{"href":"https:\/\/jonglezpublishing.com\/fr\/wp-json\/wp\/v2\/product"}],"about":[{"href":"https:\/\/jonglezpublishing.com\/fr\/wp-json\/wp\/v2\/types\/product"}],"wp:featuredmedia":[{"embeddable":true,"href":"https:\/\/jonglezpublishing.com\/fr\/wp-json\/wp\/v2\/media\/8773"}],"wp:attachment":[{"href":"https:\/\/jonglezpublishing.com\/fr\/wp-json\/wp\/v2\/media?parent=8782"}],"wp:term":[{"taxonomy":"product_brand","embeddable":true,"href":"https:\/\/jonglezpublishing.com\/fr\/wp-json\/wp\/v2\/product_brand?post=8782"},{"taxonomy":"product_cat","embeddable":true,"href":"https:\/\/jonglezpublishing.com\/fr\/wp-json\/wp\/v2\/product_cat?post=8782"},{"taxonomy":"product_tag","embeddable":true,"href":"https:\/\/jonglezpublishing.com\/fr\/wp-json\/wp\/v2\/product_tag?post=8782"}],"curies":[{"name":"wp","href":"https:\/\/api.w.org\/{rel}","templated":true}]}}