{"id":8801,"date":"2020-10-13T09:10:09","date_gmt":"2020-10-13T06:10:09","guid":{"rendered":"https:\/\/jonglezpublishing.com\/product\/il-etait-une-foi-lieux-de-culte-en-desherence\/"},"modified":"2021-12-07T13:37:35","modified_gmt":"2021-12-07T11:37:35","slug":"eglises-abandonnees","status":"publish","type":"product","link":"https:\/\/jonglezpublishing.com\/fr\/produit\/eglises-abandonnees\/","title":{"rendered":"\u00c9GLISES ABANDONN\u00c9ES"},"content":{"rendered":"<p class=\"p2\">Entre 2012 et 2020 Francis Meslet a photographi\u00e9 \u00e0 travers l\u2019Europe plusieurs centaines de lieux de culte oubli\u00e9s. Ces endroits ont fait place au silence au fil du temps. On n\u2019y entend plus gu\u00e8re que le bruissement du vent s\u2019engouffrant par un vitrail bris\u00e9 ou le rythme r\u00e9gulier d\u2019une goutte d\u2019eau qui perle au plafond d\u2019une nef d\u00e9vast\u00e9e. Ces silences appellent pourtant de rares visiteurs. Dans cette \u00e9glise allemande, des pri\u00e8res \u00e9taient r\u00e9cit\u00e9es en latin, dans ce coll\u00e8ge catholique fran\u00e7ais, les cris d\u2019enfants r\u00e9sonnaient au son de la cloche. Mais qui peut imaginer les sons enfouis derri\u00e8re les murs de cette crypte au coeur de la montagne italienne ou dans le tombeau de cet ancien couvent au Portugal ?<\/p>\n<p class=\"p3\">Francis Meslet parcourt le monde \u00e0 ses heures perdues, \u00e0 la recherche de lieux en d\u00e9sh\u00e9rence, sanctuaires sur lesquels le temps s\u2019est arr\u00eat\u00e9 apr\u00e8s que l\u2019homme en ait referm\u00e9 les portes. Il en ram\u00e8ne des images saisissantes, capsules temporelles t\u00e9moignant d\u2018un univers parall\u00e8le propice \u00e0 l\u2019\u00e9vasion de l\u2019esprit et \u00e0 l\u2019interrogation&#8230; Avec le plus grand respect pour les fid\u00e8les qui les ont fr\u00e9quent\u00e9s jadis, il nous propose une immersion dans ces lieux que la foi a d\u00e9sert\u00e9, \u00e0 la recherche d\u2019une lueur divine.<\/p>\n<p>&nbsp;<\/p>\n<p style=\"text-align: center;\"><em>*<strong>E<\/strong><\/em><strong><em>glises abandonn\u00e9es<\/em><\/strong><em>\u00a0a obtenu une m\u00e9daille d&rsquo;or au Prix de la Photographie de Paris (PX3) dans les cat\u00e9gories Beau-Livre d&rsquo;art et Livres, la Mention d\u2019Honneur \u00e0 l\u2019International Photography Awards et une m\u00e9daille d\u2019argent au Tokyo International Foto Awards (TIFA) dans la cat\u00e9gorie Beau-Livre.<\/em><i>*<\/i><\/p>\n<p>&nbsp;<\/p>\n<p class=\"p1\"><span class=\"s1\"><b>AUTEUR &amp; PHOTOGRAPHE <\/b>: Francis Meslet<b><br \/>\nPAGES <\/b>: 224<br \/>\n<\/span><span class=\"s1\"><b>FORMAT <\/b>: 305 x 215 mm<br \/>\n<\/span><span class=\"s1\"><b>ISBN <\/b>:\u00a0<\/span>978-2-36195-441-3<br \/>\n<span class=\"s1\"><b>PRIX <\/b>: 35 \u20ac<br \/>\n<b>CONTACT <\/b>:<span class=\"Apple-converted-space\">\u00a0<\/span><a href=\"mailto:infos@editionsjonglez.com?subject=\"><span class=\"s2\">infos@editionsjonglez.com<\/span><\/a><\/span><\/p>\n<div class=\"buttons_cont\">\n<div align=\"center\"><\/div>\n<div class=\"button_cont\" align=\"center\"><a class=\"gv_product_btn\" href=\"https:\/\/jonglezpublishing.com\/wp-content\/uploads\/2020\/10\/Abandoned-Churches-FR-2020.jpg\" target=\"_blank\" rel=\"noopener noreferrer\">T\u00e9l\u00e9charger la couverture<\/a><\/div>\n<div class=\"button_cont\" align=\"center\"><a class=\"gv_product_btn\" href=\"https:\/\/jonglezpublishing.com\/wp-content\/uploads\/2020\/10\/Abandoned-Churches-FR_Preview-2020_Jonglez-.pdf\" target=\"_blank\" rel=\"noopener noreferrer\">Consulter le PDF<\/a><\/div>\n<div class=\"button_cont\" align=\"center\"><a class=\"gv_product_btn\" href=\"https:\/\/livre.fnac.com\/a14724486\/Francis-Meslet-Eglises-abandonnees#omnsearchpos=1\" target=\"_blank\" rel=\"noopener noreferrer\">Acheter en ligne<\/a><\/div>\n<\/div>\n","protected":false},"excerpt":{"rendered":"<p>Entre 2012 et 2020 Francis Meslet a photographi\u00e9 \u00e0 travers l\u2019Europe plusieurs centaines de lieux de culte oubli\u00e9s. Ces endroits<\/p>\n","protected":false},"featured_media":8792,"template":"","meta":[],"product_brand":[],"product_cat":[442,165,292,522,287,288],"product_tag":[],"class_list":{"0":"post-8801","1":"product","2":"type-product","3":"status-publish","4":"has-post-thumbnail","6":"product_cat-beaux-livres","7":"product_cat-english-fr","8":"product_cat-french-fr","9":"product_cat-german-fr","10":"product_cat-italian-fr","11":"product_cat-spanish-fr","13":"first","14":"instock","15":"shipping-taxable","16":"product-type-simple"},"aioseo_notices":[],"_links":{"self":[{"href":"https:\/\/jonglezpublishing.com\/fr\/wp-json\/wp\/v2\/product\/8801","targetHints":{"allow":["GET"]}}],"collection":[{"href":"https:\/\/jonglezpublishing.com\/fr\/wp-json\/wp\/v2\/product"}],"about":[{"href":"https:\/\/jonglezpublishing.com\/fr\/wp-json\/wp\/v2\/types\/product"}],"wp:featuredmedia":[{"embeddable":true,"href":"https:\/\/jonglezpublishing.com\/fr\/wp-json\/wp\/v2\/media\/8792"}],"wp:attachment":[{"href":"https:\/\/jonglezpublishing.com\/fr\/wp-json\/wp\/v2\/media?parent=8801"}],"wp:term":[{"taxonomy":"product_brand","embeddable":true,"href":"https:\/\/jonglezpublishing.com\/fr\/wp-json\/wp\/v2\/product_brand?post=8801"},{"taxonomy":"product_cat","embeddable":true,"href":"https:\/\/jonglezpublishing.com\/fr\/wp-json\/wp\/v2\/product_cat?post=8801"},{"taxonomy":"product_tag","embeddable":true,"href":"https:\/\/jonglezpublishing.com\/fr\/wp-json\/wp\/v2\/product_tag?post=8801"}],"curies":[{"name":"wp","href":"https:\/\/api.w.org\/{rel}","templated":true}]}}