{"id":8826,"date":"2020-10-13T09:55:09","date_gmt":"2020-10-13T06:55:09","guid":{"rendered":"https:\/\/jonglezpublishing.com\/product\/espagne-abandonnee\/"},"modified":"2021-12-07T13:38:23","modified_gmt":"2021-12-07T11:38:23","slug":"espagne-abandonnee","status":"publish","type":"product","link":"https:\/\/jonglezpublishing.com\/fr\/produit\/espagne-abandonnee\/","title":{"rendered":"ESPAGNE ABANDONN\u00c9E"},"content":{"rendered":"<p class=\"p1\"><span class=\"s1\">Des villages bombard\u00e9s pendant la guerre civile espagnole qui n\u2019ont pas \u00e9t\u00e9 reconstruits apr\u00e8s la bataille ; une gare internationale truff\u00e9e d\u2019espions doubles au service des nazis et des Alli\u00e9s, et cachant aujourd\u2019hui dans son sous-sol un laboratoire de pointe o\u00f9 l\u2019on \u00e9tudie la mati\u00e8re noire de l\u2019Univers ; une poudri\u00e8re militaire creus\u00e9e dans les entrailles d\u2019une montagne, une cave o\u00f9 les grands silos sont conserv\u00e9s dans un cadre architectural unique ou encore divers laboratoires dans lesquels, apr\u00e8s la cessation d\u2019activit\u00e9, les exp\u00e9riences se sont fig\u00e9es dans le temps&#8230;<\/span><\/p>\n<p class=\"p1\"><span class=\"s1\">Le vieux village de Belchite et la gare de Canfranc sont les grands temples de l\u2019exploration urbaine en Espagne, mais il en existe bien d\u2019autres qui passent inaper\u00e7us, parfois m\u00eame aux yeux des habitants, et dont le pass\u00e9 riche d\u2019Histoire risque de tomber dans l\u2019oubli.<\/span><\/p>\n<p class=\"p1\"><span class=\"s1\">Dans ce reportage photographique charg\u00e9 d\u2019Histoire et d\u2019adr\u00e9naline, Fran Lens, Paco Quiles et Carlos Sanmill\u00e1n ont r\u00e9uni une d\u00e9cennie de photos de lieux abandonn\u00e9s prises aux quatre coins de l\u2019Espagne.<\/span><\/p>\n<p>&nbsp;<\/p>\n<p><strong>AUTEURS<\/strong> : Fran Lens, Paco Quiles &amp; Carlos Sanmill\u00e1n<br \/>\n<span class=\"s1\"><b>PAGES <\/b>: 208<br \/>\n<b>FORMAT <\/b>: 297mm x 210mm<br \/>\n<b>ISBN <\/b>: 978-2-36195-472-7<br \/>\n<\/span><span class=\"s1\"><b>PRIX <\/b>: 35 \u20ac<br \/>\n<\/span><span class=\"s1\"><b>CONTACT <\/b>: <a href=\"mailto:infos@editionsjonglez.com?subject=\"><span class=\"s2\">infos@editionsjonglez.com<\/span><\/a><\/span><\/p>\n<div class=\"buttons_cont\">\n<div align=\"center\"><\/div>\n<div class=\"button_cont\" align=\"center\"><a class=\"gv_product_btn\" href=\"https:\/\/jonglezpublishing.com\/wp-content\/uploads\/2020\/10\/Abandoned-Spain-FR.jpg\" target=\"_blank\" rel=\"noopener noreferrer\">T\u00e9l\u00e9charger la couverture<\/a><\/div>\n<div class=\"button_cont\" align=\"center\"><a class=\"gv_product_btn\" href=\"https:\/\/jonglezpublishing.com\/wp-content\/uploads\/2020\/10\/Abandoned-Spain-FR-2020_Preview_Jonglez-photo-books.pdf\" target=\"_blank\" rel=\"noopener noreferrer\">Consulter le PDF<\/a><\/div>\n<div class=\"button_cont\" align=\"center\"><a class=\"gv_product_btn\" href=\"https:\/\/livre.fnac.com\/a14949859\/Fran-Lens-Espagne-abandonnee#omnsearchpos=1\" target=\"_blank\" rel=\"noopener noreferrer\">Acheter en ligne<\/a><\/div>\n<\/div>\n","protected":false},"excerpt":{"rendered":"<p>Des villages bombard\u00e9s pendant la guerre civile espagnole qui n\u2019ont pas \u00e9t\u00e9 reconstruits apr\u00e8s la bataille ; une gare internationale<\/p>\n","protected":false},"featured_media":8942,"template":"","meta":[],"product_brand":[],"product_cat":[442,165,292,288],"product_tag":[],"class_list":{"0":"post-8826","1":"product","2":"type-product","3":"status-publish","4":"has-post-thumbnail","6":"product_cat-beaux-livres","7":"product_cat-english-fr","8":"product_cat-french-fr","9":"product_cat-spanish-fr","11":"first","12":"instock","13":"shipping-taxable","14":"product-type-simple"},"aioseo_notices":[],"_links":{"self":[{"href":"https:\/\/jonglezpublishing.com\/fr\/wp-json\/wp\/v2\/product\/8826","targetHints":{"allow":["GET"]}}],"collection":[{"href":"https:\/\/jonglezpublishing.com\/fr\/wp-json\/wp\/v2\/product"}],"about":[{"href":"https:\/\/jonglezpublishing.com\/fr\/wp-json\/wp\/v2\/types\/product"}],"wp:featuredmedia":[{"embeddable":true,"href":"https:\/\/jonglezpublishing.com\/fr\/wp-json\/wp\/v2\/media\/8942"}],"wp:attachment":[{"href":"https:\/\/jonglezpublishing.com\/fr\/wp-json\/wp\/v2\/media?parent=8826"}],"wp:term":[{"taxonomy":"product_brand","embeddable":true,"href":"https:\/\/jonglezpublishing.com\/fr\/wp-json\/wp\/v2\/product_brand?post=8826"},{"taxonomy":"product_cat","embeddable":true,"href":"https:\/\/jonglezpublishing.com\/fr\/wp-json\/wp\/v2\/product_cat?post=8826"},{"taxonomy":"product_tag","embeddable":true,"href":"https:\/\/jonglezpublishing.com\/fr\/wp-json\/wp\/v2\/product_tag?post=8826"}],"curies":[{"name":"wp","href":"https:\/\/api.w.org\/{rel}","templated":true}]}}