{"id":8883,"date":"2020-10-13T12:33:54","date_gmt":"2020-10-13T09:33:54","guid":{"rendered":"https:\/\/jonglezpublishing.com\/product\/soul-of-venise-guide-des-30-meilleures-experiences\/"},"modified":"2025-03-27T09:31:15","modified_gmt":"2025-03-27T07:31:15","slug":"soul-of-venise-guide-des-30-meilleures-experiences","status":"publish","type":"product","link":"https:\/\/jonglezpublishing.com\/fr\/produit\/soul-of-venise-guide-des-30-meilleures-experiences\/","title":{"rendered":"VENISE &#8211; GUIDE DES MEILLEURES EXP\u00c9RIENCES"},"content":{"rendered":"<p style=\"text-align: center;\"><strong>VENISE &#8211; GUIDE DES MEILLEURES EXP\u00c9RIENCES<\/strong><\/p>\n<p style=\"text-align: center;\">ON A TEST\u00c9 1000 LIEUX,<br \/>\n<strong>ON EN A RETENU 30<\/strong><\/p>\n<p>Une visite de la cath\u00e9drale Saint-Marc sans touristes, la plus belle vue panoramique, aller au march\u00e9 devant une prison, faire une pause au paradis des gourmets, loger dans le plus beau palazzo, passer une nuit dans la seule chambre du monde avec une fresque de Tiepolo, le meilleur sandwich de Venise, l\u2019art des pantoufles de velours v\u00e9nitiennes, une retraite spirituelle pleine de magie sur une \u00eele de la lagune, une journ\u00e9e sur un voilier historique&#8230;<\/p>\n<p>Cette collection est une nouvelle approche de l\u2019art du voyage, faite de vagabondages, de rencontres fortuites, d\u2019exp\u00e9riences inoubliables. Des guides pour ceux qui veulent pousser les portes secr\u00e8tes d\u2019une ville, capter les battements de son c\u0153ur, en phosphorer les moindres recoins pour atteindre son \u00e2me.<\/p>\n<p>&nbsp;<\/p>\n<p class=\"p1\"><span class=\"s1\"><b>AUTEURS <\/b>: Servane Giol et Thomas Jonglez<br \/>\n<\/span><span class=\"s1\"><b>PAGES <\/b>: 128<br \/>\n<\/span><span class=\"s1\"><b>FORMAT <\/b>: 20 x 13,5 cm<br \/>\n<\/span><span class=\"s1\"><b>ISBN <\/b>: 978-2-36195-636-3<br \/>\n<\/span><span class=\"s1\"><b>PRIX <\/b>: 14,95 \u20ac<br \/>\n<b>CONTACT <\/b>:<a href=\"mailto:info@editionsjonglez.com\"><span class=\"Apple-converted-space\"> info@editionsjonglez.com<\/span><\/a><\/span><\/p>\n<div class=\"buttons_cont\">\n<div align=\"center\"><\/div>\n<div class=\"button_cont\" align=\"center\"><a class=\"gv_product_btn\" href=\"https:\/\/jonglezpublishing.com\/wp-content\/uploads\/2020\/10\/Cover_SO_Venise_2025_RVB-FR-scaled.jpg\" target=\"_blank\" rel=\"noopener\">T\u00e9l\u00e9charger la couverture<\/a><\/div>\n<div class=\"button_cont\" align=\"center\"><a class=\"gv_product_btn\" href=\"https:\/\/jonglezpublishing.com\/wp-content\/uploads\/2025\/03\/Preview-SO-Venise_FR.pdf\" target=\"_blank\" rel=\"noopener\">Consulter le PDF<\/a><\/div>\n<div class=\"button_cont\" align=\"center\"><a class=\"gv_product_btn\" href=\"https:\/\/www.amazon.fr\/-\/en\/dp\/2361953307\/ref=sr_1_1?crid=3BJCE6BC29B35&amp;dib=eyJ2IjoiMSJ9.u152sawzYPGujVQXX7ubNu_mhTChJ70IxsgOqqGSyhQzjnXNutOzC6RHBU31UHd0.01TjLydTu6JScV8nXSOHZTKEnaxzHm-afg-5MXYytgQ&amp;dib_tag=se&amp;keywords=VENISE+-+GUIDE+DES+MEILLEURES+EXP%C3%89RIENCES&amp;qid=1743060612&amp;sprefix=venise+-+guide+des+meilleures+exp%C3%A9riences%2Caps%2C288&amp;sr=8-1\" target=\"_blank\" rel=\"noopener\">Acheter en ligne<\/a><\/div>\n<\/div>\n","protected":false},"excerpt":{"rendered":"<p>VENISE &#8211; GUIDE DES MEILLEURES EXP\u00c9RIENCES ON A TEST\u00c9 1000 LIEUX, ON EN A RETENU 30 Une visite de la<\/p>\n","protected":false},"featured_media":13659,"template":"","meta":[],"product_brand":[],"product_cat":[165,292,522,287,444],"product_tag":[],"class_list":{"0":"post-8883","1":"product","2":"type-product","3":"status-publish","4":"has-post-thumbnail","6":"product_cat-english-fr","7":"product_cat-french-fr","8":"product_cat-german-fr","9":"product_cat-italian-fr","10":"product_cat-lautre-guide","12":"first","13":"instock","14":"shipping-taxable","15":"product-type-simple"},"aioseo_notices":[],"_links":{"self":[{"href":"https:\/\/jonglezpublishing.com\/fr\/wp-json\/wp\/v2\/product\/8883","targetHints":{"allow":["GET"]}}],"collection":[{"href":"https:\/\/jonglezpublishing.com\/fr\/wp-json\/wp\/v2\/product"}],"about":[{"href":"https:\/\/jonglezpublishing.com\/fr\/wp-json\/wp\/v2\/types\/product"}],"wp:featuredmedia":[{"embeddable":true,"href":"https:\/\/jonglezpublishing.com\/fr\/wp-json\/wp\/v2\/media\/13659"}],"wp:attachment":[{"href":"https:\/\/jonglezpublishing.com\/fr\/wp-json\/wp\/v2\/media?parent=8883"}],"wp:term":[{"taxonomy":"product_brand","embeddable":true,"href":"https:\/\/jonglezpublishing.com\/fr\/wp-json\/wp\/v2\/product_brand?post=8883"},{"taxonomy":"product_cat","embeddable":true,"href":"https:\/\/jonglezpublishing.com\/fr\/wp-json\/wp\/v2\/product_cat?post=8883"},{"taxonomy":"product_tag","embeddable":true,"href":"https:\/\/jonglezpublishing.com\/fr\/wp-json\/wp\/v2\/product_tag?post=8883"}],"curies":[{"name":"wp","href":"https:\/\/api.w.org\/{rel}","templated":true}]}}