{"id":9007,"date":"2020-11-13T10:14:45","date_gmt":"2020-11-13T08:14:45","guid":{"rendered":"https:\/\/jonglezpublishing.com\/product\/berlin-insolite-et-secret\/"},"modified":"2024-06-10T08:27:11","modified_gmt":"2024-06-10T05:27:11","slug":"berlin-insolite-et-secret","status":"publish","type":"product","link":"https:\/\/jonglezpublishing.com\/fr\/produit\/berlin-insolite-et-secret\/","title":{"rendered":"BERLIN INSOLITE ET SECRET"},"content":{"rendered":"<p class=\"p1\"><span class=\"s1\">Un amphith\u00e9\u00e2tre o\u00f9 l\u2019on diss\u00e9quait des animaux, une dune de sable cach\u00e9e en plein centre-ville, le plus ancien vestige du mur de Berlin oubli\u00e9 \u00e0 Pankow, l\u2019exceptionnel int\u00e9rieur d\u2019une \u00e9glise expressionniste, un immeuble qui est une copie du palais Farnese \u00e0 Rome, les vestiges d\u2019un camp d\u2019accueil pour ceux qui passaient de l\u2019Ouest \u00e0 l\u2019Est, un \u00e9difice en b\u00e9ton de 12 000 tonnes pour mesurer la solidit\u00e9 des sols, une performance lumineuse dans la chapelle d\u2019un cimeti\u00e8re, un chef-d\u2019oeuvre m\u00e9connu de l\u2019architecture brutaliste, la colline artificielle d\u2019o\u00f9 le pionnier de l\u2019aviation Otto Lilienthal a fait ses premi\u00e8res tentatives de vol, une rue qui ferme de 22 h \u00e0 6 h pour pr\u00e9server l\u2019activit\u00e9 des castors\u2026<\/span><\/p>\n<p class=\"p1\"><span class=\"s1\">Loin des foules et des clich\u00e9s habituels, Berlin garde encore des tr\u00e9sors bien cach\u00e9s qu\u2019il ne r\u00e9v\u00e8le qu\u2019aux habitants et aux voyageurs qui savent sortir des sentiers battus.<\/span><\/p>\n<p class=\"p1\"><span class=\"s1\">Un guide indispensable pour ceux qui pensaient bien conna\u00eetre Berlin ou pour ceux qui souhaitent d\u00e9couvrir l\u2019autre visage de la ville.<\/span><\/p>\n<p class=\"p1\"><span class=\"s1\"><i>Apr\u00e8s son doctorat en philosophie, <\/i><\/span><span class=\"s2\"><b><i>Tom Wolf<\/i><\/b><\/span><span class=\"s1\"><i> d\u00e9cide de se consacrer \u00e0 l\u2019\u00e9criture. Il \u00e9crit 22 romans policiers, 3 guides invitant le voyageur \u00e0 porter un nouveau regard sur les endroits qu\u2019il visite, et un guide des vins issus des vignobles du Brandebourg. Apr\u00e8s douze ann\u00e9es pass\u00e9es \u00e0 Berlin-Mitte et \u00e0 Kreuzberg, il vit aujourd\u2019hui dans le nord de la r\u00e9gion m\u00e9tropolitaine de Berlin-Brandebourg o\u00f9 il s\u2019occupe de sa vigne et de sa petite brasserie artisanale. Mais \u00e7a, c\u2019est une autre histoire.<\/i><\/span><\/p>\n<p class=\"p1\"><span class=\"s1\"><i>Germanophile de longue date, <\/i><\/span><span class=\"s2\"><b><i>Manuel Roy<\/i><\/b><\/span><span class=\"s1\"><i> a d\u00e9couvert Berlin en 2000 comme on se prend un coup de poing dans la figure. Il s\u2019\u00e9tait figur\u00e9 l\u2019Allemagne \u00e0 travers les vers de Schiller et les tableaux de Caspar David Friedrich, et se retrouvait dans un paysage post-apocalyptique peupl\u00e9 de punks observant scrupuleusement le tri s\u00e9lectif. Il avoue n\u2019avoir pas tout compris tout de suite. Vingt ans de <\/i><\/span><span class=\"s1\"><i>recherches plus tard et un doctorat de philosophie en poche, Berlinois d\u2019adoption depuis 2000, guide conf\u00e9rencier \u00e0 Berlin depuis 2013, Manuel pense d\u00e9sormais comprendre un peu mieux la ville. Mais la commotion n\u2019est jamais bien loin. Malgr\u00e9 son embourgeoisement r\u00e9cent, la ville n\u2019en finit pas de le bousculer, de le surprendre. Et de toute \u00e9vidence, il adore \u00e7a. <\/i><\/span><\/p>\n<p class=\"p1\"><span class=\"s1\"><i>N\u00e9 en 1986, <\/i><\/span><span class=\"s2\"><b><i>Roberto Sassi<\/i><\/b><\/span><span class=\"s1\"><i> est sociologue urbain. Avec Teresa Ciuffoletti, il est l\u2019auteur du livre Guida alla Berlino ribelle (Voland Edizioni, 2017) (Guide du Berlin rebelle, non traduit). Vivant \u00e0 Prenzlauer Berg, il organise des ateliers d\u2019\u00e9criture de voyage et collabore avec plusieurs revues, magazines (parmi lesquels celui du Goethe-Institut Italia) et sites internet.<\/i><\/span><\/p>\n<p>&nbsp;<\/p>\n<p class=\"p1\"><span class=\"s1\"><b>AUTEURS <\/b>: Tom Wolf, Manuel Roy &amp; Roberto Sassi<br \/>\n<\/span><span class=\"s1\"><b>PAGES <\/b>: 448<br \/>\n<\/span><span class=\"s1\"><b>FORMAT <\/b>: 10.5 x 19 cm<br \/>\n<\/span><span class=\"s1\"><b>ISBN <\/b>: 978-2-36195-573-1<br \/>\n<\/span><span class=\"s1\"><b>PRIX <\/b>: 19,95 \u20ac prix valable en France<br \/>\n<\/span><span class=\"s1\"><b>CONTACT <\/b>: <a href=\"mailto:info@editionsjonglez.com\"><span class=\"s2\">info@editionsjonglez.com<\/span><\/a>\u00a0<\/span><\/p>\n<div class=\"buttons_cont\">\n<div align=\"center\"><\/div>\n<div class=\"button_cont\" align=\"center\"><a class=\"gv_product_btn\" href=\"https:\/\/jonglezpublishing.com\/wp-content\/uploads\/2020\/11\/NEWcouv_Berlin_FR_RVB-scaled.jpg\" target=\"_blank\" rel=\"noopener\">T\u00e9l\u00e9charger la couverture<\/a><\/div>\n<div class=\"button_cont\" align=\"center\"><a class=\"gv_product_btn\" href=\"https:\/\/jonglezpublishing.com\/wp-content\/uploads\/2024\/06\/Extrait_BERLIN_FR.pdf\" target=\"_blank\" rel=\"noopener\">Consulter le PDF<\/a><\/div>\n<div class=\"button_cont\" align=\"center\"><a class=\"gv_product_btn\" href=\"https:\/\/www.fnac.com\/a19351091\/Tom-Wolf-Berlin-insolite-et-secret\" target=\"_blank\" rel=\"noopener\">Acheter en ligne<\/a><\/div>\n<\/div>\n","protected":false},"excerpt":{"rendered":"<p>Un amphith\u00e9\u00e2tre o\u00f9 l\u2019on diss\u00e9quait des animaux, une dune de sable cach\u00e9e en plein centre-ville, le plus ancien vestige du<\/p>\n","protected":false},"featured_media":12737,"template":"","meta":[],"product_brand":[],"product_cat":[165,292,522,420],"product_tag":[],"class_list":{"0":"post-9007","1":"product","2":"type-product","3":"status-publish","4":"has-post-thumbnail","6":"product_cat-english-fr","7":"product_cat-french-fr","8":"product_cat-german-fr","9":"product_cat-guides-insolites","11":"first","12":"instock","13":"shipping-taxable","14":"product-type-simple"},"aioseo_notices":[],"_links":{"self":[{"href":"https:\/\/jonglezpublishing.com\/fr\/wp-json\/wp\/v2\/product\/9007","targetHints":{"allow":["GET"]}}],"collection":[{"href":"https:\/\/jonglezpublishing.com\/fr\/wp-json\/wp\/v2\/product"}],"about":[{"href":"https:\/\/jonglezpublishing.com\/fr\/wp-json\/wp\/v2\/types\/product"}],"wp:featuredmedia":[{"embeddable":true,"href":"https:\/\/jonglezpublishing.com\/fr\/wp-json\/wp\/v2\/media\/12737"}],"wp:attachment":[{"href":"https:\/\/jonglezpublishing.com\/fr\/wp-json\/wp\/v2\/media?parent=9007"}],"wp:term":[{"taxonomy":"product_brand","embeddable":true,"href":"https:\/\/jonglezpublishing.com\/fr\/wp-json\/wp\/v2\/product_brand?post=9007"},{"taxonomy":"product_cat","embeddable":true,"href":"https:\/\/jonglezpublishing.com\/fr\/wp-json\/wp\/v2\/product_cat?post=9007"},{"taxonomy":"product_tag","embeddable":true,"href":"https:\/\/jonglezpublishing.com\/fr\/wp-json\/wp\/v2\/product_tag?post=9007"}],"curies":[{"name":"wp","href":"https:\/\/api.w.org\/{rel}","templated":true}]}}