{"id":9196,"date":"2021-04-05T22:21:56","date_gmt":"2021-04-05T19:21:56","guid":{"rendered":"https:\/\/jonglezpublishing.com\/?post_type=product&#038;p=9196"},"modified":"2022-11-01T18:14:39","modified_gmt":"2022-11-01T16:14:39","slug":"berry-insolite-et-secret","status":"publish","type":"product","link":"https:\/\/jonglezpublishing.com\/fr\/produit\/berry-insolite-et-secret\/","title":{"rendered":"DOLOMITES INSOLITES ET SECR\u00c8TES"},"content":{"rendered":"<p>Des lacs \u00e9ph\u00e9m\u00e8res au c\u0153ur de pr\u00e9s de haute montagne, des labyrinthes de roches dissimul\u00e9s entre des parois rocheuses, d\u2019anciens villages miniers et des hameaux abandonn\u00e9s, la prison des Turcs dans les Dolomites, un lac proglaciaire, un rocher qui d\u00e9fie toutes les lois de la gravit\u00e9.<\/p>\n<p>Dolomites insolites et secr\u00e8tes est un guide pens\u00e9 pour les randonneurs d\u00e9sireux de quitter les sentiers battus les plus pris\u00e9s, et souvent bond\u00e9s, et de partir \u00e0 la d\u00e9couverte des innombrables lieux m\u00e9connus, souvent spectaculaires, qu\u2019offrent ces montagnes.<\/p>\n<p>Fort d\u2019une exp\u00e9rience de 30 ann\u00e9es dans l\u2019arc alpin, Andrea Rizzato est l\u2019auteur de<br \/>\nnombreux guides de randonn\u00e9es et de ski-alpinisme, et contribue aussi aux principales revues sp\u00e9cialis\u00e9es dans les activit\u00e9s de pleine nature. Ayant surtout parcouru et photographi\u00e9 les itin\u00e9raires les moins connus et fr\u00e9quent\u00e9s, il privil\u00e9gie la montagne encore sauvage qui offre une communion totale avec la nature. Il est \u00e9galement<br \/>\nmembre acad\u00e9mique du GISM, Gruppo Italiano Scrittori di Montagna.<br \/>\nL\u2019auteur est lui-m\u00eame guide-accompagnateur sur les itin\u00e9raires d\u00e9crits dans cet ouvrage et est disponible pour toute suggestion ou explication \u00e0 l\u2019adresse andrearizzato2018@gmail.com.<\/p>\n<p class=\"p1\"><span class=\"s1\"><b>AUTEUR <\/b>: Andrea Rizzato<br \/>\n<\/span><span class=\"s1\"><b>PAGES <\/b>: 496<br \/>\n<\/span><span class=\"s1\"><b>FORMAT <\/b>: 10.5 x 19 cm<br \/>\n<\/span><span class=\"s1\"><b>ISBN <\/b>: 978-2-36195-544-1<br \/>\n<\/span><span class=\"s1\"><b>PRIX <\/b>: 19,95 \u20ac [<\/span>prix valable en France]<br \/>\n<span class=\"s1\"><b>CONTACT <\/b>: <a href=\"mailto:infos@editionsjonglez.com\"><span class=\"s2\">infos@editionsjonglez.com<\/span><\/a>\u00a0<\/span><\/p>\n<div class=\"buttons_cont\">\n<div align=\"center\"><\/div>\n<div class=\"button_cont\" align=\"center\"><a class=\"gv_product_btn\" href=\"https:\/\/jonglezpublishing.com\/wp-content\/uploads\/2021\/04\/Dolomites.jpg\" target=\"_blank\" rel=\"noopener\">T\u00e9l\u00e9charger la couverture<\/a><\/div>\n<div class=\"button_cont\" align=\"center\"><a class=\"gv_product_btn\" href=\"https:\/\/jonglezpublishing.com\/wp-content\/uploads\/2022\/09\/Extrait_Dolomites_FR.pdf\" target=\"_blank\" rel=\"noopener\">Consulter le PDF<\/a><\/div>\n<div class=\"button_cont\" align=\"center\"><a class=\"gv_product_btn\" href=\"https:\/\/livre.fnac.com\/a15602709\/Jean-Marie-Beuzelin-Berry-insolite-et-secret#omnsearchpos=1\" target=\"_blank\" rel=\"noopener noreferrer\">Acheter en ligne<\/a><\/div>\n<\/div>\n","protected":false},"excerpt":{"rendered":"<p>Des lacs \u00e9ph\u00e9m\u00e8res au c\u0153ur de pr\u00e9s de haute montagne, des labyrinthes de roches dissimul\u00e9s entre des parois rocheuses, d\u2019anciens<\/p>\n","protected":false},"featured_media":10238,"template":"","meta":[],"product_brand":[],"product_cat":[283,292,420],"product_tag":[],"class_list":{"0":"post-9196","1":"product","2":"type-product","3":"status-publish","4":"has-post-thumbnail","6":"product_cat-french-2","7":"product_cat-french-fr","8":"product_cat-guides-insolites","10":"first","11":"instock","12":"shipping-taxable","13":"product-type-simple"},"aioseo_notices":[],"_links":{"self":[{"href":"https:\/\/jonglezpublishing.com\/fr\/wp-json\/wp\/v2\/product\/9196","targetHints":{"allow":["GET"]}}],"collection":[{"href":"https:\/\/jonglezpublishing.com\/fr\/wp-json\/wp\/v2\/product"}],"about":[{"href":"https:\/\/jonglezpublishing.com\/fr\/wp-json\/wp\/v2\/types\/product"}],"wp:featuredmedia":[{"embeddable":true,"href":"https:\/\/jonglezpublishing.com\/fr\/wp-json\/wp\/v2\/media\/10238"}],"wp:attachment":[{"href":"https:\/\/jonglezpublishing.com\/fr\/wp-json\/wp\/v2\/media?parent=9196"}],"wp:term":[{"taxonomy":"product_brand","embeddable":true,"href":"https:\/\/jonglezpublishing.com\/fr\/wp-json\/wp\/v2\/product_brand?post=9196"},{"taxonomy":"product_cat","embeddable":true,"href":"https:\/\/jonglezpublishing.com\/fr\/wp-json\/wp\/v2\/product_cat?post=9196"},{"taxonomy":"product_tag","embeddable":true,"href":"https:\/\/jonglezpublishing.com\/fr\/wp-json\/wp\/v2\/product_tag?post=9196"}],"curies":[{"name":"wp","href":"https:\/\/api.w.org\/{rel}","templated":true}]}}