{"id":9407,"date":"2021-07-18T22:11:17","date_gmt":"2021-07-18T19:11:18","guid":{"rendered":"https:\/\/jonglezpublishing.com\/?post_type=product&#038;p=9407"},"modified":"2025-03-26T14:45:28","modified_gmt":"2025-03-26T12:45:28","slug":"soul-of-rome-guide-des-30-meilleures-experiences","status":"publish","type":"product","link":"https:\/\/jonglezpublishing.com\/fr\/produit\/soul-of-rome-guide-des-30-meilleures-experiences\/","title":{"rendered":"ROME &#8211; GUIDE DES MEILLEURES EXP\u00c9RIENCES"},"content":{"rendered":"<p style=\"text-align: center;\"><strong>ROME<\/strong><\/p>\n<p style=\"text-align: center;\">ON A TEST\u00c9 1000 LIEUX,<br \/>\n<strong>ON EN A RETENU 30<\/strong><\/p>\n<p>Un caf\u00e9 extraordinaire, un ap\u00e9ritif clandestin et des p\u00e2tes \u00e0 la carbonara divines, un rooftop grandiose, une nuit sous les fresques de la plus belle villa de Rome, parcourir la via Appia \u00e0 v\u00e9lo, piqueniquer dans un magnifique jardin, d\u00eener dans une poissonnerie et d\u00e9guster l\u2019une des dix meilleures pizzas du monde&#8230;<\/p>\n<p>Cette collection est une nouvelle approche de l\u2019art du voyage, faite de vagabondages, de rencontres fortuites, d\u2019exp\u00e9riences inoubliables. Des guides pour celles et ceux qui veulent pousser les portes secr\u00e8tes d\u2019une ville, capter les battements de son c\u0153ur, en phosphorer les moindres recoins pour atteindre son \u00e2me.<\/p>\n<p class=\"p1\"><span class=\"s1\"><b>AUTEUR <\/b>: Carolina Vincenti<br \/>\n<\/span><span class=\"s1\"><b>PAGES <\/b>: 128<br \/>\n<\/span><span class=\"s1\"><b>FORMAT <\/b>: 20 x 13,5 cm<br \/>\n<\/span><span class=\"s1\"><b>ISBN <\/b>: 978-2-36195-875-6<\/span><span class=\"s1\"><br \/>\n<\/span><span class=\"s1\"><b>PRIX <\/b>: 14,95 \u20ac<br \/>\n<b>CONTACT <\/b>:<a href=\"mailto:info@editionsjonglez.com\"><span class=\"Apple-converted-space\"> info@editionsjonglez.com<\/span><\/a><\/span><\/p>\n<div class=\"buttons_cont\">\n<div align=\"center\"><\/div>\n<div class=\"button_cont\" align=\"center\"><a class=\"gv_product_btn\" href=\"https:\/\/jonglezpublishing.com\/wp-content\/uploads\/2021\/07\/couv_SO_Rome_FR_RVB-scaled.jpg\" target=\"_blank\" rel=\"noopener\">T\u00e9l\u00e9charger la couverture<\/a><\/div>\n<div class=\"button_cont\" align=\"center\"><a class=\"gv_product_btn\" href=\"https:\/\/jonglezpublishing.com\/wp-content\/uploads\/2025\/03\/Extrait-SO-Rome_FR.pdf\" target=\"_blank\" rel=\"noopener\">Consulter le PDF<\/a><\/div>\n<div class=\"button_cont\" align=\"center\"><a class=\"gv_product_btn\" href=\"https:\/\/www.fnac.com\/a17866110\/CAROLINA-VINCENTINI-Soul-of-Rome-Guide-des-30-meilleures-experiences#omnsearchpos=5\" target=\"_blank\" rel=\"noopener\">Acheter en ligne<\/a><\/div>\n<\/div>\n","protected":false},"excerpt":{"rendered":"<p>ROME ON A TEST\u00c9 1000 LIEUX, ON EN A RETENU 30 Un caf\u00e9 extraordinaire, un ap\u00e9ritif clandestin et des p\u00e2tes<\/p>\n","protected":false},"featured_media":13598,"template":"","meta":[],"product_brand":[],"product_cat":[165,292,522,287,444],"product_tag":[],"class_list":{"0":"post-9407","1":"product","2":"type-product","3":"status-publish","4":"has-post-thumbnail","6":"product_cat-english-fr","7":"product_cat-french-fr","8":"product_cat-german-fr","9":"product_cat-italian-fr","10":"product_cat-lautre-guide","12":"first","13":"instock","14":"shipping-taxable","15":"product-type-simple"},"aioseo_notices":[],"_links":{"self":[{"href":"https:\/\/jonglezpublishing.com\/fr\/wp-json\/wp\/v2\/product\/9407","targetHints":{"allow":["GET"]}}],"collection":[{"href":"https:\/\/jonglezpublishing.com\/fr\/wp-json\/wp\/v2\/product"}],"about":[{"href":"https:\/\/jonglezpublishing.com\/fr\/wp-json\/wp\/v2\/types\/product"}],"wp:featuredmedia":[{"embeddable":true,"href":"https:\/\/jonglezpublishing.com\/fr\/wp-json\/wp\/v2\/media\/13598"}],"wp:attachment":[{"href":"https:\/\/jonglezpublishing.com\/fr\/wp-json\/wp\/v2\/media?parent=9407"}],"wp:term":[{"taxonomy":"product_brand","embeddable":true,"href":"https:\/\/jonglezpublishing.com\/fr\/wp-json\/wp\/v2\/product_brand?post=9407"},{"taxonomy":"product_cat","embeddable":true,"href":"https:\/\/jonglezpublishing.com\/fr\/wp-json\/wp\/v2\/product_cat?post=9407"},{"taxonomy":"product_tag","embeddable":true,"href":"https:\/\/jonglezpublishing.com\/fr\/wp-json\/wp\/v2\/product_tag?post=9407"}],"curies":[{"name":"wp","href":"https:\/\/api.w.org\/{rel}","templated":true}]}}