{"id":9464,"date":"2021-07-21T13:01:36","date_gmt":"2021-07-21T10:01:36","guid":{"rendered":"https:\/\/jonglezpublishing.com\/product\/soul-of-kyoto-guide-de-30-meilleures-experiences\/"},"modified":"2024-07-22T11:23:42","modified_gmt":"2024-07-22T08:23:42","slug":"soul-of-kyoto-guide-de-30-meilleures-experiences","status":"publish","type":"product","link":"https:\/\/jonglezpublishing.com\/fr\/produit\/soul-of-kyoto-guide-de-30-meilleures-experiences\/","title":{"rendered":"KYOTO &#8211; 30 EXP\u00c9RIENCES"},"content":{"rendered":"<p style=\"text-align: center;\"><strong>KYOTO &#8211; 30 EXP\u00c9RIENCES<\/strong><br \/>\nON A TEST\u00c9 1000 LIEUX,<br \/>\n<strong>ON EN A RETENU 30<\/strong><\/p>\n<p>&nbsp;<\/p>\n<p>Faire griller son propre barbecue derri\u00e8re le march\u00e9 aux poissons, assister \u00e0 une c\u00e9r\u00e9monie du th\u00e9 dans une maison priv\u00e9e, se promener dans le jardin d\u2019un temple unique, rencontrer l\u2019artisan qui vient de redonner vie aux \u00e9ventails de Kyoto disparus depuis 50 ans, pousser la porte d\u2019un bar cach\u00e9 dans un temple, d\u00e9guster le meilleur egg sandwich de la ville, visiter un march\u00e9 couvert traditionnel \u00e0 l\u2019\u00e9cart du tourisme de masse, go\u00fbter aux aguri mochis qui sont la cause d\u2019une rivalit\u00e9 de plus de 1000 ans, voir se transformer un entrep\u00f4t de bois en isakaya \u00e0 la tomb\u00e9e de la nuit&#8230;<\/p>\n<p>Les guides \u201c30 exp\u00e9riences\u201d sont une nouvelle approche de l\u2019art du voyage, faite d\u2019adresses secr\u00e8tes et d\u2019exp\u00e9riences inoubliables. Chaque lieu choisi est la promesse d\u2019un moment exceptionnel, pour tous les go\u00fbts et tous les budgets.<\/p>\n<p>&nbsp;<\/p>\n<p><b>AUTEUR <\/b>: <span data-sheets-value=\"{&quot;1&quot;:2,&quot;2&quot;:&quot;Thierry Teyssier&quot;}\" data-sheets-userformat=\"{&quot;2&quot;:577,&quot;3&quot;:{&quot;1&quot;:0},&quot;9&quot;:1,&quot;12&quot;:0}\">Thierry Teyssier<\/span><br \/>\n<b>PAGES <\/b>: 128<br \/>\n<b>FORMAT <\/b>: 200 x 135 mm<br \/>\n<b>ISBN <\/b>: 978-2-36195-747-6<br \/>\n<b>PRIX <\/b>: 14,95 \u20ac<br \/>\n<b>CONTACT <\/b>: <a href=\"mailto:infos@editionsjonglez.com\">infos@editionsjonglez.com<\/a><\/p>\n<div class=\"buttons_cont\">\n<div align=\"center\"><\/div>\n<div class=\"button_cont\" align=\"center\"><a class=\"gv_product_btn\" href=\"https:\/\/jonglezpublishing.com\/wp-content\/uploads\/2021\/07\/couv_SO_KYOTO_FR_CMJN_print-scaled.jpg\" target=\"_blank\" rel=\"noopener\">T\u00e9l\u00e9charger la couverture<\/a><\/div>\n<div class=\"button_cont\" align=\"center\"><a class=\"gv_product_btn\" href=\"https:\/\/jonglezpublishing.com\/wp-content\/uploads\/2024\/07\/Extrait-SO-Kyoto_FR.pdf\" target=\"_blank\" rel=\"noopener\">Consulter le PDF<\/a><\/div>\n<div class=\"button_cont\" align=\"center\"><a class=\"gv_product_btn\" href=\"https:\/\/www.amazon.it\/Soul-Kyoto-Thierry-Teyssier\/dp\/2361957477\/ref=sr_1_2?__mk_it_IT=%C3%85M%C3%85%C5%BD%C3%95%C3%91&amp;crid=3L8E7IL2UZAI8&amp;dib=eyJ2IjoiMSJ9.KoT72AVu6ZPLAo7hmKT5dFZa6ahSXxY4aBhpiEtcLBvGjHj071QN20LucGBJIEps.L9JBPfqNX3EJWWL6MylcxRpE83_y-PGcH9aHkR98cVA&amp;dib_tag=se&amp;keywords=KYOTO+-+30+EXP%C3%89RIENCES&amp;qid=1721635814&amp;s=books&amp;sprefix=kyoto+-+30+exp%C3%A9riences%2Cstripbooks%2C481&amp;sr=1-2\" target=\"_blank\" rel=\"noopener\">Acheter en ligne<\/a><\/div>\n<\/div>\n","protected":false},"excerpt":{"rendered":"<p>KYOTO &#8211; 30 EXP\u00c9RIENCES ON A TEST\u00c9 1000 LIEUX, ON EN A RETENU 30 &nbsp; Faire griller son propre barbecue<\/p>\n","protected":false},"featured_media":12922,"template":"","meta":[],"product_brand":[],"product_cat":[165,292,522,287,444],"product_tag":[],"class_list":{"0":"post-9464","1":"product","2":"type-product","3":"status-publish","4":"has-post-thumbnail","6":"product_cat-english-fr","7":"product_cat-french-fr","8":"product_cat-german-fr","9":"product_cat-italian-fr","10":"product_cat-lautre-guide","12":"first","13":"instock","14":"shipping-taxable","15":"product-type-simple"},"aioseo_notices":[],"_links":{"self":[{"href":"https:\/\/jonglezpublishing.com\/fr\/wp-json\/wp\/v2\/product\/9464","targetHints":{"allow":["GET"]}}],"collection":[{"href":"https:\/\/jonglezpublishing.com\/fr\/wp-json\/wp\/v2\/product"}],"about":[{"href":"https:\/\/jonglezpublishing.com\/fr\/wp-json\/wp\/v2\/types\/product"}],"wp:featuredmedia":[{"embeddable":true,"href":"https:\/\/jonglezpublishing.com\/fr\/wp-json\/wp\/v2\/media\/12922"}],"wp:attachment":[{"href":"https:\/\/jonglezpublishing.com\/fr\/wp-json\/wp\/v2\/media?parent=9464"}],"wp:term":[{"taxonomy":"product_brand","embeddable":true,"href":"https:\/\/jonglezpublishing.com\/fr\/wp-json\/wp\/v2\/product_brand?post=9464"},{"taxonomy":"product_cat","embeddable":true,"href":"https:\/\/jonglezpublishing.com\/fr\/wp-json\/wp\/v2\/product_cat?post=9464"},{"taxonomy":"product_tag","embeddable":true,"href":"https:\/\/jonglezpublishing.com\/fr\/wp-json\/wp\/v2\/product_tag?post=9464"}],"curies":[{"name":"wp","href":"https:\/\/api.w.org\/{rel}","templated":true}]}}