{"id":9512,"date":"2021-09-01T11:43:30","date_gmt":"2021-09-01T08:43:31","guid":{"rendered":"https:\/\/jonglezpublishing.com\/?post_type=product&#038;p=9512"},"modified":"2023-07-05T18:34:25","modified_gmt":"2023-07-05T15:34:25","slug":"soul-of-new-york-guide-de-30-meilleures-experiences","status":"publish","type":"product","link":"https:\/\/jonglezpublishing.com\/fr\/produit\/soul-of-new-york-guide-de-30-meilleures-experiences\/","title":{"rendered":"SOUL OF NEW YORK &#8211; GUIDE DES 30 MEILLEURES EXP\u00c9RIENCES"},"content":{"rendered":"<p>Une chambre d\u2019h\u00f4tel lilliputienne o\u00f9 les marins ont fait place aux voyageurs solo, un cin\u00e9ma qui est une ode au glamour d\u2019Hollywood, un spot pour siroter un Manhattan devant des \u0153uvres de Warhol et Basquiat, un march\u00e9 qui montre le vrai visage du Lower East Side, un ap\u00e9ro de luxe et un burger underground, une pizzeria qui a donn\u00e9 vie \u00e0 un quartier, une station baln\u00e9aire accessible en m\u00e9tro&#8230;<\/p>\n<p>La collection Soul est une nouvelle approche de l\u2019art du voyage, faite de vagabondages, de rencontres fortuites, d\u2019exp\u00e9riences inoubliables. Des guides pour ceux qui veulent pousser les portes secr\u00e8tes d\u2019une ville, capter les battements de son c\u0153ur, en phosphorer les moindres recoins pour atteindre son \u00e2me.<\/p>\n<p>&nbsp;<\/p>\n<p class=\"p1\"><strong>Tarajia Morrell<\/strong> est une journaliste dont les travaux ont \u00e9t\u00e9 publi\u00e9s dans <em>WSJ. Magazine, T Magazine, Food &amp; Wine,\u00a0Departures, Cherry Bombe<\/em>, etc. N\u00e9e \u00e0 New York, elle y vit toujours en compagnie de sa fille. Toutes deux aiment \u00e0 penser\u00a0que chaque jour \u00e0 New York est l\u2019occasion d\u2019enfiler ses habits de lumi\u00e8re et que nous tous, habitants et voyageurs, faisons partie du spectacle.<\/p>\n<p>&nbsp;<\/p>\n<p class=\"p1\">La collection \u00ab <strong><em>Soul <\/em><\/strong>\u00bb est une nouvelle approche de l\u2019art du voyage, faite de vagabondages, de rencontres fortuites,\u00a0d\u2019exp\u00e9riences inoubliables. Des guides pour ceux qui veulent pousser les portes secr\u00e8tes d\u2019une ville, capter les battements\u00a0de son coeur, en phosphorer les moindres recoins pour atteindre son \u00e2me.<\/p>\n<p>Fond\u00e9e par Fany P\u00e9chiodat en collaboration avec l\u2019\u00e9diteur Thomas Jonglez, la collection s\u2019enrichit de nouvelles destinations : Marrakech, Amsterdam, Berlin\u2026<\/p>\n<p>Dans tous les guides de la collection \u00ab\u00a0<em><strong>Soul <\/strong><\/em>\u00bb, retrouvez :<\/p>\n<p>\u2013 les 30 meilleures exp\u00e9riences d\u2019une ville<br \/>\n\u2013 des interviews de ceux qui font l\u2019esprit de cette ville<br \/>\n\u2013 des illustrations saisissant l\u2019\u00e2me de la ville<\/p>\n<p>&nbsp;<\/p>\n<p><b>AUTEUR <\/b>: <span data-sheets-value=\"{&quot;1&quot;:2,&quot;2&quot;:&quot;Thierry Teyssier&quot;}\" data-sheets-userformat=\"{&quot;2&quot;:577,&quot;3&quot;:{&quot;1&quot;:0},&quot;9&quot;:1,&quot;12&quot;:0}\">Tarajia Morrell<\/span><br \/>\n<b>PAGES <\/b>: 128<br \/>\n<b>FORMAT <\/b>: 20 x 13.5 cm<br \/>\n<b>ISBN <\/b>: 978-2-36195-637-0<br \/>\n<b>PRIX <\/b>: 1 4 , 9 5 \u20ac &#8211; 1 4 . 9 5 U S $<br \/>\n<b>CONTACT <\/b>: <a href=\"mailto:info@editionsjonglez.com\">info@editionsjonglez.com<\/a><\/p>\n<div class=\"buttons_cont\">\n<div align=\"center\"><\/div>\n<div class=\"button_cont\" align=\"center\"><a class=\"gv_product_btn\" href=\"https:\/\/jonglezpublishing.com\/wp-content\/uploads\/2021\/09\/couv_SOUL_OF_NY_FR-scaled.jpg\" target=\"_blank\" rel=\"noopener\">T\u00e9l\u00e9charger la couverture<\/a><\/div>\n<div class=\"button_cont\" align=\"center\"><a class=\"gv_product_btn\" href=\"https:\/\/jonglezpublishing.com\/wp-content\/uploads\/2023\/07\/Extrait-MAJ_SONY_FR.pdf\" target=\"_blank\" rel=\"noopener\">Consulter le PDF<\/a><\/div>\n<div class=\"button_cont\" align=\"center\"><a class=\"gv_product_btn\" href=\"https:\/\/www.fnac.com\/a17866111\/Tarajia-Morell-Soul-of-New-York-Guide-des-30-meilleures-experiences#omnsearchpos=2\" target=\"_blank\" rel=\"noopener\">Acheter en ligne<\/a><\/div>\n<\/div>\n","protected":false},"excerpt":{"rendered":"<p>Une chambre d\u2019h\u00f4tel lilliputienne o\u00f9 les marins ont fait place aux voyageurs solo, un cin\u00e9ma qui est une ode au<\/p>\n","protected":false},"featured_media":11294,"template":"","meta":[],"product_brand":[],"product_cat":[165,292,522,287,444,288],"product_tag":[],"class_list":{"0":"post-9512","1":"product","2":"type-product","3":"status-publish","4":"has-post-thumbnail","6":"product_cat-english-fr","7":"product_cat-french-fr","8":"product_cat-german-fr","9":"product_cat-italian-fr","10":"product_cat-lautre-guide","11":"product_cat-spanish-fr","13":"first","14":"instock","15":"shipping-taxable","16":"product-type-simple"},"aioseo_notices":[],"_links":{"self":[{"href":"https:\/\/jonglezpublishing.com\/fr\/wp-json\/wp\/v2\/product\/9512","targetHints":{"allow":["GET"]}}],"collection":[{"href":"https:\/\/jonglezpublishing.com\/fr\/wp-json\/wp\/v2\/product"}],"about":[{"href":"https:\/\/jonglezpublishing.com\/fr\/wp-json\/wp\/v2\/types\/product"}],"wp:featuredmedia":[{"embeddable":true,"href":"https:\/\/jonglezpublishing.com\/fr\/wp-json\/wp\/v2\/media\/11294"}],"wp:attachment":[{"href":"https:\/\/jonglezpublishing.com\/fr\/wp-json\/wp\/v2\/media?parent=9512"}],"wp:term":[{"taxonomy":"product_brand","embeddable":true,"href":"https:\/\/jonglezpublishing.com\/fr\/wp-json\/wp\/v2\/product_brand?post=9512"},{"taxonomy":"product_cat","embeddable":true,"href":"https:\/\/jonglezpublishing.com\/fr\/wp-json\/wp\/v2\/product_cat?post=9512"},{"taxonomy":"product_tag","embeddable":true,"href":"https:\/\/jonglezpublishing.com\/fr\/wp-json\/wp\/v2\/product_tag?post=9512"}],"curies":[{"name":"wp","href":"https:\/\/api.w.org\/{rel}","templated":true}]}}