{"id":9554,"date":"2021-09-01T13:28:31","date_gmt":"2021-09-01T10:28:32","guid":{"rendered":"https:\/\/jonglezpublishing.com\/?post_type=product&#038;p=9554"},"modified":"2021-12-07T14:09:36","modified_gmt":"2021-12-07T12:09:36","slug":"patrimoine-abandonne","status":"publish","type":"product","link":"https:\/\/jonglezpublishing.com\/fr\/produit\/patrimoine-abandonne\/","title":{"rendered":"PATRIMOINE ABANDONN\u00c9"},"content":{"rendered":"<p class=\"p3\">Les vestiges de l\u2019Abkhazie, pays qui n\u2019existe pas, une centrale abandonn\u00e9e couronn\u00e9e par une incroyable verri\u00e8re Art D\u00e9co\u00a0unique en son genre, la ligne verte de Chypre, la ville fant\u00f4me cr\u00e9\u00e9e par la catastrophe de Tchernobyl, un cin\u00e9ma Art\u00a0Nouveau \u00e0 Bruxelles, d\u2019insolites fortifications du XVIII<span class=\"s1\">e <\/span>si\u00e8cle en Italie, la ville de Tskhaltoubo et ses eaux de jouvence, l\u2019un\u00a0des plus vieux thermes de Roumanie&#8230;<\/p>\n<p>&nbsp;<\/p>\n<p class=\"p3\"><em><strong>Roman Robroek<\/strong> est un photographe fascin\u00e9 par l\u2019architecture urbaine, originaire du sud des Pays-Bas. Ses photographies\u00a0spectaculaires de lieux oubli\u00e9s dans le monde entier ont \u00e9t\u00e9 prim\u00e9es \u00e0 de nombreuses reprises. Quelle est l\u2019histoire de ces\u00a0b\u00e2timents ? Qui \u00e9taient leurs occupants ? \u00c0 quoi servaient ces objets, et pourquoi ont-ils \u00e9t\u00e9 abandonn\u00e9s ? Sa curiosit\u00e9\u00a0insatiable pour ces questions l\u2019a pouss\u00e9 vers la photographie urbaine. Patrimoine abandonn\u00e9 est l\u2019aboutissement de dix\u00a0ann\u00e9es pass\u00e9es \u00e0 explorer des lieux fantomatiques \u00e0 la recherche de r\u00e9ponses.<\/em><\/p>\n<p>&nbsp;<\/p>\n<p><strong>AUTEUR<\/strong> : Roman Robroek<br \/>\n<span class=\"s1\"><b>PAGES <\/b>: 256<br \/>\n<b>FORMAT <\/b>: 297 x 210mm<br \/>\n<b>ISBN <\/b>:\u00a0<\/span>978-2-36195-525-0<br \/>\n<span class=\"s1\"><b>PRIX <\/b>: 35 \u20ac<br \/>\n<\/span><span class=\"s1\"><b>CONTACT <\/b>: <a href=\"mailto:infos@editionsjonglez.com?subject=\"><span class=\"s2\">infos@editionsjonglez.com<\/span><\/a><\/span><\/p>\n<div class=\"buttons_cont\">\n<div align=\"center\"><\/div>\n<div class=\"button_cont\" align=\"center\"><a class=\"gv_product_btn\" href=\"https:\/\/jonglezpublishing.com\/wp-content\/uploads\/2021\/09\/Oblivion_FR.jpg\" target=\"_blank\" rel=\"noopener noreferrer\">T\u00e9l\u00e9charger la couverture<\/a><\/div>\n<div class=\"button_cont\" align=\"center\"><a class=\"gv_product_btn\" href=\"https:\/\/jonglezpublishing.com\/wp-content\/uploads\/2021\/09\/Preview-Oblivion_FR.pdf\" target=\"_blank\" rel=\"noopener noreferrer\">Consulter le PDF<\/a><\/div>\n<div class=\"button_cont\" align=\"center\"><a class=\"gv_product_btn\" href=\"https:\/\/livre.fnac.com\/a15925746\/Roman-Robroek-Patrimoine-abandonne#omnsearchpos=2\" target=\"_blank\" rel=\"noopener noreferrer\">Acheter en ligne<\/a><\/div>\n<\/div>\n","protected":false},"excerpt":{"rendered":"<p>Les vestiges de l\u2019Abkhazie, pays qui n\u2019existe pas, une centrale abandonn\u00e9e couronn\u00e9e par une incroyable verri\u00e8re Art D\u00e9co\u00a0unique en son<\/p>\n","protected":false},"featured_media":9561,"template":"","meta":[],"product_brand":[],"product_cat":[442,165,292,522,287,288],"product_tag":[],"class_list":{"0":"post-9554","1":"product","2":"type-product","3":"status-publish","4":"has-post-thumbnail","6":"product_cat-beaux-livres","7":"product_cat-english-fr","8":"product_cat-french-fr","9":"product_cat-german-fr","10":"product_cat-italian-fr","11":"product_cat-spanish-fr","13":"first","14":"instock","15":"shipping-taxable","16":"product-type-simple"},"aioseo_notices":[],"_links":{"self":[{"href":"https:\/\/jonglezpublishing.com\/fr\/wp-json\/wp\/v2\/product\/9554","targetHints":{"allow":["GET"]}}],"collection":[{"href":"https:\/\/jonglezpublishing.com\/fr\/wp-json\/wp\/v2\/product"}],"about":[{"href":"https:\/\/jonglezpublishing.com\/fr\/wp-json\/wp\/v2\/types\/product"}],"wp:featuredmedia":[{"embeddable":true,"href":"https:\/\/jonglezpublishing.com\/fr\/wp-json\/wp\/v2\/media\/9561"}],"wp:attachment":[{"href":"https:\/\/jonglezpublishing.com\/fr\/wp-json\/wp\/v2\/media?parent=9554"}],"wp:term":[{"taxonomy":"product_brand","embeddable":true,"href":"https:\/\/jonglezpublishing.com\/fr\/wp-json\/wp\/v2\/product_brand?post=9554"},{"taxonomy":"product_cat","embeddable":true,"href":"https:\/\/jonglezpublishing.com\/fr\/wp-json\/wp\/v2\/product_cat?post=9554"},{"taxonomy":"product_tag","embeddable":true,"href":"https:\/\/jonglezpublishing.com\/fr\/wp-json\/wp\/v2\/product_tag?post=9554"}],"curies":[{"name":"wp","href":"https:\/\/api.w.org\/{rel}","templated":true}]}}