{"id":9596,"date":"2021-09-07T12:42:34","date_gmt":"2021-09-07T09:42:35","guid":{"rendered":"https:\/\/jonglezpublishing.com\/?post_type=product&#038;p=9596"},"modified":"2024-01-29T08:08:51","modified_gmt":"2024-01-29T06:08:51","slug":"soul-of-marrakech-guide-de-30-meilleures-experiences","status":"publish","type":"product","link":"https:\/\/jonglezpublishing.com\/fr\/produit\/soul-of-marrakech-guide-de-30-meilleures-experiences\/","title":{"rendered":"SOUL OF MARRAKECH &#8211; GUIDE DES 30 MEILLEURES EXP\u00c9RIENCES"},"content":{"rendered":"<p>MARRAKECH ON A TEST\u00c9 1000 LIEUX, ON EN A RETENU 30<\/p>\n<p>La biblioth\u00e8que priv\u00e9e d\u2019Yves Saint Laurent, le meilleur jus d\u2019orange de la mythique place Jemaa el-Fna, les plus beaux riads et les meilleurs restaurants de la ville loin des hordes de touristes, partir \u00e0 la recherche du tapis parfait, une nuit sous la tente au c\u0153ur du d\u00e9sert, un mus\u00e9e secret o\u00f9 tout est en vente&#8230;<\/p>\n<p>La collection Soul est une nouvelle approche du voyage, faite de vagabondages, de rencontres fortuites, d\u2019exp\u00e9riences inoubliables. Des guides pour ceux qui veulent pousser les portes secr\u00e8tes d\u2019une ville, capter les battements de son c\u0153ur, en phosphorer ses moindres recoins pour atteindre son \u00e2me.<\/p>\n<p>&nbsp;<\/p>\n<p class=\"p1\"><span class=\"s1\"><b>AUTEURS<\/b>: Fabrice Nadjari et Zohar Benjelloun<br \/>\n<\/span><span class=\"s1\"><b>PAGES<\/b>: 144<br \/>\n<\/span><span class=\"s1\"><b>FORMAT<\/b>: 20 x 13,5 cm<br \/>\n<\/span><span class=\"s1\"><b>ISBN<\/b>: 978-2-36195-670-7<br \/>\n<\/span><b>PRIX <\/b>: 14,95 \u20ac<br \/>\n<b>CONTACT <\/b>: <a href=\"mailto:infos@editionsjonglez.com\">infos@editionsjonglez.com<\/a><\/p>\n<div class=\"buttons_cont\">\n<div align=\"center\"><\/div>\n<div class=\"button_cont\" align=\"center\"><a class=\"gv_product_btn\" href=\"https:\/\/jonglezpublishing.com\/wp-content\/uploads\/2021\/09\/MAJ-SO-MARRAKECH_CouvFR-scaled.jpg\" target=\"_blank\" rel=\"noopener\">T\u00e9l\u00e9charger la couverture<\/a><\/div>\n<div class=\"button_cont\" align=\"center\"><a class=\"gv_product_btn\" href=\"https:\/\/jonglezpublishing.com\/wp-content\/uploads\/2023\/10\/Extrait-SO-Marrakech_FR.pdf\" target=\"_blank\" rel=\"noopener\">Consulter le PDF<\/a><\/div>\n<div class=\"button_cont\" align=\"center\"><a class=\"gv_product_btn\" href=\"https:\/\/www.amazon.fr\/Soul-Marrakech-Guide-meilleures-exp%C3%A9riences\/dp\/2361956705\/ref=sr_1_2?__mk_fr_FR=%C3%85M%C3%85%C5%BD%C3%95%C3%91&amp;crid=2O72ZSQRXND1X&amp;keywords=SOUL+OF+MARRAKECH+-+GUIDE+DES+30+MEILLEURES+EXP%C3%89RIENCES&amp;qid=1697088448&amp;sprefix=atlas+de+clima+extremos%2Caps%2C1368&amp;sr=8-2\" target=\"_blank\" rel=\"noopener\">Acheter en ligne<\/a><\/div>\n<\/div>\n","protected":false},"excerpt":{"rendered":"<p>MARRAKECH ON A TEST\u00c9 1000 LIEUX, ON EN A RETENU 30 La biblioth\u00e8que priv\u00e9e d\u2019Yves Saint Laurent, le meilleur jus<\/p>\n","protected":false},"featured_media":12142,"template":"","meta":[],"product_brand":[],"product_cat":[165,292,522,287,444,288],"product_tag":[],"class_list":{"0":"post-9596","1":"product","2":"type-product","3":"status-publish","4":"has-post-thumbnail","6":"product_cat-english-fr","7":"product_cat-french-fr","8":"product_cat-german-fr","9":"product_cat-italian-fr","10":"product_cat-lautre-guide","11":"product_cat-spanish-fr","13":"first","14":"instock","15":"shipping-taxable","16":"product-type-simple"},"aioseo_notices":[],"_links":{"self":[{"href":"https:\/\/jonglezpublishing.com\/fr\/wp-json\/wp\/v2\/product\/9596","targetHints":{"allow":["GET"]}}],"collection":[{"href":"https:\/\/jonglezpublishing.com\/fr\/wp-json\/wp\/v2\/product"}],"about":[{"href":"https:\/\/jonglezpublishing.com\/fr\/wp-json\/wp\/v2\/types\/product"}],"wp:featuredmedia":[{"embeddable":true,"href":"https:\/\/jonglezpublishing.com\/fr\/wp-json\/wp\/v2\/media\/12142"}],"wp:attachment":[{"href":"https:\/\/jonglezpublishing.com\/fr\/wp-json\/wp\/v2\/media?parent=9596"}],"wp:term":[{"taxonomy":"product_brand","embeddable":true,"href":"https:\/\/jonglezpublishing.com\/fr\/wp-json\/wp\/v2\/product_brand?post=9596"},{"taxonomy":"product_cat","embeddable":true,"href":"https:\/\/jonglezpublishing.com\/fr\/wp-json\/wp\/v2\/product_cat?post=9596"},{"taxonomy":"product_tag","embeddable":true,"href":"https:\/\/jonglezpublishing.com\/fr\/wp-json\/wp\/v2\/product_tag?post=9596"}],"curies":[{"name":"wp","href":"https:\/\/api.w.org\/{rel}","templated":true}]}}