{"id":9607,"date":"2021-09-20T16:55:51","date_gmt":"2021-09-20T13:55:52","guid":{"rendered":"https:\/\/jonglezpublishing.com\/?post_type=product&#038;p=9607"},"modified":"2021-12-07T14:16:05","modified_gmt":"2021-12-07T12:16:05","slug":"urss-abandonee","status":"publish","type":"product","link":"https:\/\/jonglezpublishing.com\/fr\/produit\/urss-abandonee\/","title":{"rendered":"URSS ABANDONN\u00c9E"},"content":{"rendered":"<p class=\"p1\">Les vestiges de la conqu\u00eate spatiale sovi\u00e9tique, des reliques de la propagande au d\u00e9tour de rares statues de Staline et\u00a0L\u00e9nine, les camps de pionniers moscovites, des maisons traditionnelles moldaves aux fant\u00f4mes des guerres du Caucase\u00a0en passant par les usines p\u00e9trochimiques du Donbass\u2026 Un reportage charg\u00e9 d&rsquo;histoire qui invite \u00e0 revivre \u00e0 travers des\u00a0images saisissantes plus de cent ans d&rsquo;\u00e9poque sovi\u00e9tique et \u00e0 replonger dans l\u2019h\u00e9ritage communiste tomb\u00e9 dans l\u2019oubli.<\/p>\n<p>&nbsp;<\/p>\n<p class=\"p1\"><em><strong>Terence Abela<\/strong> a pass\u00e9 neuf ans \u00e0 traverser l&rsquo;ex-URSS pour y d\u00e9nicher des fragments du pass\u00e9. Amour pour l&rsquo;histoire, la\u00a0photographie de ruines et la d\u00e9couverte de l&rsquo;inconnu se conjuguent dans son oeuvre. Ayant \u00e0 coeur la conservation du\u00a0patrimoine d\u00e9laiss\u00e9e par les \u00c9tats qui naviguent entre la menace de la nationalisation, de la dictature, des guerres et la volont\u00e9\u00a0de s\u2019inventer une nouvelle histoire, il appelle \u00e0 travers ses images \u00e0 prot\u00e9ger ces monuments qui risquent pour beaucoup de\u00a0dispara\u00eetre dans un avenir proche.<\/em><\/p>\n<p>&nbsp;<\/p>\n<p><strong>AUTEUR<\/strong> : Terence Abela<br \/>\n<span class=\"s1\"><b>PAGES <\/b>: 224<br \/>\n<b>FORMAT <\/b>: 297mm x 210mm<br \/>\n<b>ISBN <\/b>:\u00a0<\/span>978-2-36195-511-3<br \/>\n<span class=\"s1\"><b>PRIX <\/b>: 35 \u20ac<br \/>\n<\/span><span class=\"s1\"><b>CONTACT <\/b>: <a href=\"mailto:infos@editionsjonglez.com?subject=\"><span class=\"s2\">infos@editionsjonglez.com<\/span><\/a><\/span><\/p>\n<div class=\"buttons_cont\">\n<div align=\"center\"><\/div>\n<div class=\"button_cont\" align=\"center\"><a class=\"gv_product_btn\" href=\"https:\/\/jonglezpublishing.com\/wp-content\/uploads\/2021\/09\/Abandoned-USSR-FR.jpg\" target=\"_blank\" rel=\"noopener noreferrer\">T\u00e9l\u00e9charger la couverture<\/a><\/div>\n<div class=\"button_cont\" align=\"center\"><a class=\"gv_product_btn\" href=\"https:\/\/jonglezpublishing.com\/wp-content\/uploads\/2021\/09\/Promo-USSR_FR.pdf\" target=\"_blank\" rel=\"noopener noreferrer\">Consulter le PDF<\/a><\/div>\n<div class=\"button_cont\" align=\"center\"><a class=\"gv_product_btn\" href=\"https:\/\/livre.fnac.com\/a15925745\/Terence-Abela-URSS-abandonnee#omnsearchpos=1\" target=\"_blank\" rel=\"noopener noreferrer\">Acheter en ligne<\/a><\/div>\n<\/div>\n","protected":false},"excerpt":{"rendered":"<p>Les vestiges de la conqu\u00eate spatiale sovi\u00e9tique, des reliques de la propagande au d\u00e9tour de rares statues de Staline et\u00a0L\u00e9nine,<\/p>\n","protected":false},"featured_media":9610,"template":"","meta":[],"product_brand":[],"product_cat":[442,165,292,522,287],"product_tag":[],"class_list":{"0":"post-9607","1":"product","2":"type-product","3":"status-publish","4":"has-post-thumbnail","6":"product_cat-beaux-livres","7":"product_cat-english-fr","8":"product_cat-french-fr","9":"product_cat-german-fr","10":"product_cat-italian-fr","12":"first","13":"instock","14":"shipping-taxable","15":"product-type-simple"},"aioseo_notices":[],"_links":{"self":[{"href":"https:\/\/jonglezpublishing.com\/fr\/wp-json\/wp\/v2\/product\/9607","targetHints":{"allow":["GET"]}}],"collection":[{"href":"https:\/\/jonglezpublishing.com\/fr\/wp-json\/wp\/v2\/product"}],"about":[{"href":"https:\/\/jonglezpublishing.com\/fr\/wp-json\/wp\/v2\/types\/product"}],"wp:featuredmedia":[{"embeddable":true,"href":"https:\/\/jonglezpublishing.com\/fr\/wp-json\/wp\/v2\/media\/9610"}],"wp:attachment":[{"href":"https:\/\/jonglezpublishing.com\/fr\/wp-json\/wp\/v2\/media?parent=9607"}],"wp:term":[{"taxonomy":"product_brand","embeddable":true,"href":"https:\/\/jonglezpublishing.com\/fr\/wp-json\/wp\/v2\/product_brand?post=9607"},{"taxonomy":"product_cat","embeddable":true,"href":"https:\/\/jonglezpublishing.com\/fr\/wp-json\/wp\/v2\/product_cat?post=9607"},{"taxonomy":"product_tag","embeddable":true,"href":"https:\/\/jonglezpublishing.com\/fr\/wp-json\/wp\/v2\/product_tag?post=9607"}],"curies":[{"name":"wp","href":"https:\/\/api.w.org\/{rel}","templated":true}]}}