{"id":9647,"date":"2021-09-21T13:26:22","date_gmt":"2021-09-21T10:26:24","guid":{"rendered":"https:\/\/jonglezpublishing.com\/?post_type=product&#038;p=9647"},"modified":"2021-12-07T14:07:55","modified_gmt":"2021-12-07T12:07:55","slug":"liban-abandonne","status":"publish","type":"product","link":"https:\/\/jonglezpublishing.com\/fr\/produit\/liban-abandonne\/","title":{"rendered":"LIBAN ABANDONN\u00c9"},"content":{"rendered":"<p class=\"p1\">La demeure abandonn\u00e9e d\u2019un ancien premier ministre, l\u2019un des plus remarquables \u00e9difices de Zokak el-Blat \u00e0 Beyrouth,\u00a0un ancien h\u00f4tel de prestige qui expose d\u00e9sormais ses blessures de guerre, un palace du XVII<span class=\"s1\">e <\/span>si\u00e8cle \u00e0 Deir El Qamar, un\u00a0sublime hammam du XIV<span class=\"s1\">e <\/span>si\u00e8cle \u00e0 l\u2019abandon, le complexe de la Foire internationale de Tripoli, un ensemble construit par\u00a0Oscar Niemeyer tomb\u00e9 en ruine avant m\u00eame d&rsquo;avoir \u00e9t\u00e9 termin\u00e9, des b\u00e2timents d\u00e9sert\u00e9s, des architectures grandioses\u00a0d\u00e9labr\u00e9es&#8230;<\/p>\n<p class=\"p1\">Guerres civiles, manque de consid\u00e9ration pour un patrimoine en danger, explosion du port de Beyrouth&#8230; le temps a\u00a0fait son oeuvre sur de nombreux joyaux architecturaux du Liban.<\/p>\n<p class=\"p1\">Un reportage photographique exceptionnel.<\/p>\n<p>&nbsp;<\/p>\n<p><em>L\u2019histoire d\u2019amour du photographe <strong>James Kerwin<\/strong> avec le Liban a commenc\u00e9 en 2017, lorsqu\u2019il a lanc\u00e9 ses recherches pour localiser des lieux abandonn\u00e9s uniques. Le coup de foudre s\u2019est confirm\u00e9 en 2019 lorsqu\u2019il a enfin pu s\u2019y rendre en personne et d\u00e9couvrir de ses propres yeux les merveilles architecturales qui y dorment.<\/em><\/p>\n<p>&nbsp;<\/p>\n<p><strong>AUTEUR<\/strong> : James Kerwin<br \/>\n<span class=\"s1\"><b>PAGES <\/b>: 224<br \/>\n<b>FORMAT <\/b>: 297mm x 210mm<br \/>\n<b>ISBN <\/b>:\u00a0<\/span>978-2-36195-509-0<br \/>\n<span class=\"s1\"><b>PRIX <\/b>: 35 \u20ac<br \/>\n<\/span><span class=\"s1\"><b>CONTACT <\/b>: <a href=\"mailto:infos@editionsjonglez.com?subject=\"><span class=\"s2\">infos@editionsjonglez.com<\/span><\/a><\/span><\/p>\n<div class=\"buttons_cont\">\n<div align=\"center\"><\/div>\n<div class=\"button_cont\" align=\"center\"><a class=\"gv_product_btn\" href=\"https:\/\/jonglezpublishing.com\/wp-content\/uploads\/2021\/09\/Liban-abandonne.jpg\" target=\"_blank\" rel=\"noopener noreferrer\">T\u00e9l\u00e9charger la couverture<\/a><\/div>\n<div class=\"button_cont\" align=\"center\"><a class=\"gv_product_btn\" href=\"https:\/\/jonglezpublishing.com\/wp-content\/uploads\/2021\/09\/Preview_Liban.pdf\" target=\"_blank\" rel=\"noopener noreferrer\">Consulter le PDF<\/a><\/div>\n<div class=\"button_cont\" align=\"center\"><a class=\"gv_product_btn\" href=\"https:\/\/livre.fnac.com\/a16092706\/James-Kerwin-Liban-abandonne#omnsearchpos=1\" target=\"_blank\" rel=\"noopener noreferrer\">Acheter en ligne<\/a><\/div>\n<\/div>\n","protected":false},"excerpt":{"rendered":"<p>La demeure abandonn\u00e9e d\u2019un ancien premier ministre, l\u2019un des plus remarquables \u00e9difices de Zokak el-Blat \u00e0 Beyrouth,\u00a0un ancien h\u00f4tel de<\/p>\n","protected":false},"featured_media":9664,"template":"","meta":[],"product_brand":[],"product_cat":[442,165,292],"product_tag":[],"class_list":{"0":"post-9647","1":"product","2":"type-product","3":"status-publish","4":"has-post-thumbnail","6":"product_cat-beaux-livres","7":"product_cat-english-fr","8":"product_cat-french-fr","10":"first","11":"instock","12":"shipping-taxable","13":"product-type-simple"},"aioseo_notices":[],"_links":{"self":[{"href":"https:\/\/jonglezpublishing.com\/fr\/wp-json\/wp\/v2\/product\/9647","targetHints":{"allow":["GET"]}}],"collection":[{"href":"https:\/\/jonglezpublishing.com\/fr\/wp-json\/wp\/v2\/product"}],"about":[{"href":"https:\/\/jonglezpublishing.com\/fr\/wp-json\/wp\/v2\/types\/product"}],"wp:featuredmedia":[{"embeddable":true,"href":"https:\/\/jonglezpublishing.com\/fr\/wp-json\/wp\/v2\/media\/9664"}],"wp:attachment":[{"href":"https:\/\/jonglezpublishing.com\/fr\/wp-json\/wp\/v2\/media?parent=9647"}],"wp:term":[{"taxonomy":"product_brand","embeddable":true,"href":"https:\/\/jonglezpublishing.com\/fr\/wp-json\/wp\/v2\/product_brand?post=9647"},{"taxonomy":"product_cat","embeddable":true,"href":"https:\/\/jonglezpublishing.com\/fr\/wp-json\/wp\/v2\/product_cat?post=9647"},{"taxonomy":"product_tag","embeddable":true,"href":"https:\/\/jonglezpublishing.com\/fr\/wp-json\/wp\/v2\/product_tag?post=9647"}],"curies":[{"name":"wp","href":"https:\/\/api.w.org\/{rel}","templated":true}]}}