{"id":9925,"date":"2022-02-02T08:57:10","date_gmt":"2022-02-02T06:57:10","guid":{"rendered":"https:\/\/jonglezpublishing.com\/product\/los-angeles-insolite-et-secrete\/"},"modified":"2022-02-02T09:23:44","modified_gmt":"2022-02-02T07:23:44","slug":"los-angeles-insolite-et-secrete","status":"publish","type":"product","link":"https:\/\/jonglezpublishing.com\/fr\/produit\/los-angeles-insolite-et-secrete\/","title":{"rendered":"LOS ANGELES INSOLITE ET SECR\u00c8TE"},"content":{"rendered":"<p class=\"p1\"><span class=\"s1\">Une fausse rue r\u00e9sidentielle d\u00e9di\u00e9e aux tournages Disney, une esclave devenue millionnaire, des bisons ayant jou\u00e9 les figurants dans des westerns, un camp nazi abandonn\u00e9, une rando sur un site de d\u00e9fense anti-missiles russes, la v\u00e9ritable fin de la Route 66,\u00a0la premi\u00e8re \u00ab\u00a0Bat-Cave\u00a0\u00bb, une statue d&rsquo;homme-poulet de six m\u00e8tres, la source sacr\u00e9e du peuple indig\u00e8ne Tongva, un puits de p\u00e9trole en forme de synagogue&#8230; Jungle de b\u00e9ton paradoxale constell\u00e9e de nature, L.A. la tentaculaire regorge de tr\u00e9sors insolites et secrets. D\u00e9couvrez-les dans ce guide unique. <\/span><\/p>\n<p class=\"p1\"><span class=\"s1\">Destin\u00e9\u00a0\u00e0\u00a0tous\u00a0ceux,\u00a0visiteurs\u00a0ou\u00a0locaux,\u00a0<\/span><span class=\"s1\">qui souhaitent explorer la ville en profondeur, ce guide s\u2019attache \u00e0 d\u00e9faire les clich\u00e9s d\u00e9formants d\u2019une m\u00e9galopole souvent survol\u00e9e ou mal-aim\u00e9e. Il peut \u00e9galement se lire comme une d\u00e9claration d\u2019amour \u00e0 la cit\u00e9 des anges.<\/span><\/p>\n<p>&nbsp;<\/p>\n<p class=\"p1\"><span class=\"s1\"><b>AUTEURS <\/b>: F\u00e9licien Cassan &amp; Darrow Carson<br \/>\n<\/span><span class=\"s1\"><b>PAGES : <\/b>256<br \/>\n<\/span><span class=\"s1\"><b>FORMAT <\/b>: 10.5 x 19 cm<br \/>\n<\/span><span class=\"s1\"><b>ISBN <\/b>: 978-2-36195-350-8<br \/>\n<\/span><span class=\"s1\"><b>PRIX <\/b>: 18,95 \u20ac \u2014 US$ 19.95<br \/>\n<\/span><span class=\"s1\"><b>CONTACT <\/b>: <a href=\"mailto:infos@editionsjonglez.com\">infos@editionsjonglez.com<\/a><\/span><\/p>\n<div class=\"buttons_cont\">\n<div align=\"center\"><\/div>\n<div class=\"button_cont\" align=\"center\"><a class=\"gv_product_btn\" href=\"https:\/\/jonglezpublishing.com\/wp-content\/uploads\/2022\/02\/LA_Fcover.jpg\" target=\"_blank\" rel=\"noopener noreferrer\">T\u00e9l\u00e9charger la couverture<\/a><\/div>\n<div class=\"button_cont\" align=\"center\"><a class=\"gv_product_btn\" href=\"https:\/\/jonglezpublishing.com\/wp-content\/uploads\/2022\/02\/PDF_SecretLA_F.pdf\" target=\"_blank\" rel=\"noopener noreferrer\">Consulter le PDF<\/a><\/div>\n<div class=\"button_cont\" align=\"center\"><a class=\"gv_product_btn\" href=\"https:\/\/livre.fnac.com\/a13901216\/Felicien-Cassan-Los-Angeles-insolite-et-secrete#omnsearchpos=1\" target=\"_blank\" rel=\"noopener noreferrer\">Acheter en ligne<\/a><\/div>\n<\/div>\n","protected":false},"excerpt":{"rendered":"<p>Une fausse rue r\u00e9sidentielle d\u00e9di\u00e9e aux tournages Disney, une esclave devenue millionnaire, des bisons ayant jou\u00e9 les figurants dans des<\/p>\n","protected":false},"featured_media":9920,"template":"","meta":[],"product_brand":[],"product_cat":[165,292,420,288],"product_tag":[],"class_list":{"0":"post-9925","1":"product","2":"type-product","3":"status-publish","4":"has-post-thumbnail","6":"product_cat-english-fr","7":"product_cat-french-fr","8":"product_cat-guides-insolites","9":"product_cat-spanish-fr","11":"first","12":"instock","13":"shipping-taxable","14":"product-type-simple"},"aioseo_notices":[],"_links":{"self":[{"href":"https:\/\/jonglezpublishing.com\/fr\/wp-json\/wp\/v2\/product\/9925","targetHints":{"allow":["GET"]}}],"collection":[{"href":"https:\/\/jonglezpublishing.com\/fr\/wp-json\/wp\/v2\/product"}],"about":[{"href":"https:\/\/jonglezpublishing.com\/fr\/wp-json\/wp\/v2\/types\/product"}],"wp:featuredmedia":[{"embeddable":true,"href":"https:\/\/jonglezpublishing.com\/fr\/wp-json\/wp\/v2\/media\/9920"}],"wp:attachment":[{"href":"https:\/\/jonglezpublishing.com\/fr\/wp-json\/wp\/v2\/media?parent=9925"}],"wp:term":[{"taxonomy":"product_brand","embeddable":true,"href":"https:\/\/jonglezpublishing.com\/fr\/wp-json\/wp\/v2\/product_brand?post=9925"},{"taxonomy":"product_cat","embeddable":true,"href":"https:\/\/jonglezpublishing.com\/fr\/wp-json\/wp\/v2\/product_cat?post=9925"},{"taxonomy":"product_tag","embeddable":true,"href":"https:\/\/jonglezpublishing.com\/fr\/wp-json\/wp\/v2\/product_tag?post=9925"}],"curies":[{"name":"wp","href":"https:\/\/api.w.org\/{rel}","templated":true}]}}