{"id":10189,"date":"2022-07-13T10:19:28","date_gmt":"2022-07-13T07:19:28","guid":{"rendered":"https:\/\/jonglezpublishing.com\/?post_type=product&#038;p=10189"},"modified":"2022-07-13T12:28:34","modified_gmt":"2022-07-13T09:28:34","slug":"corsica-insolita-e-segreta","status":"publish","type":"product","link":"https:\/\/jonglezpublishing.com\/it\/prodotto\/corsica-insolita-e-segreta\/","title":{"rendered":"CORSICA INSOLITA E SEGRETA"},"content":{"rendered":"<p class=\"p1\">Ascoltare i suoni della Nuova Zelanda in una cabina telefonica ad Ajaccio, vedere un affresco dimenticato di Chagall in un piccolo villaggio di montagna, passare la notte in una magnifica villa americana, camminare lungo la superba spiaggia corsa dove avvenne lo sbarco in Normandia nel film &#8220;Il giorno pi\u00f9 lungo&#8221;, scoprire i notevoli affreschi dipinti da un prigioniero della Prima Guerra Mondiale, un villaggio in miniatura, camminare due ore per vedere delle mani d&#8217;oro in mezzo alla montagna, osservare una statua della Vergine in cartapesta, ammirare un soffitto dipinto da Maurice Utrillo nascosto in una scuola, farsi rivelare l&#8217;esistenza di una stupefacente &#8220;buca&#8221; da biliardo con l&#8217;effigie di Napoleone, un menhir in una sacrestia, vedere un mattone che viene da Roma, un confessionale nascosto dietro della boiserie, la pi\u00f9 grande collezione di agrumi del mondo, un&#8217;aquila sotto un balcone, un albero genealogico di Bonaparte fatto di ciocche di capelli, dormire in un faro lontano dalla civilt\u00e0: la Corsica non si pu\u00f2 riassumere solo nelle sue spiagge, le sue montagne e la sua gastronomia. \u00c8 lontana dai clich\u00e9, conserva ancora tesori ben nascosti che svela solo ai suoi abitanti e ai viaggiatori che sanno uscire dai sentieri battuti. Una guida per chi credeva di conoscere bene la Corsica o per chi desidera scoprire il lato nascosto e insolito dell&#8217;isola.<\/p>\n<p>&nbsp;<\/p>\n<p class=\"p1\"><span class=\"s1\"><b>Autori<\/b>: Dominique Memmi<br \/>\n<\/span><span class=\"s1\"><b>ISBN<\/b>:\u00a0<\/span>978-2361955649<br \/>\n<span class=\"s1\"><b>Prezzo<\/b>: \u20ac 17,95<br \/>\n<\/span><strong>Pagine<\/strong>: 320<br \/>\n<b>Formato<\/b>: 10.6 x 19 cm<br \/>\n<span class=\"s1\"><b>Contatto<\/b>: <a href=\"mailto:valerio@edizionijonglez.com?subject=\"><span class=\"s2\">valerio@edizionijonglez.com<\/span><\/a><\/span><\/p>\n<p>&nbsp;<\/p>\n<div class=\"buttons_cont\">\n<div class=\"button_cont\" align=\"center\"><a class=\"gv_product_btn\" href=\"https:\/\/jonglezpublishing.com\/wp-content\/uploads\/2022\/07\/corsica.jpg\" target=\"_blank\" rel=\"noopener noreferrer\">Scarica la copertina<\/a><\/div>\n<div class=\"button_cont\" align=\"center\"><a class=\"gv_product_btn\" href=\"https:\/\/jonglezpublishing.com\/wp-content\/uploads\/2022\/07\/Extrait-Corse-IT.pdf\" target=\"_blank\" rel=\"noopener noreferrer\">Leggi il PDF<\/a><\/div>\n<div class=\"button_cont\" align=\"center\"><a class=\"gv_product_btn\" href=\"https:\/\/www.amazon.it\/Corsica-insolita-segreta-Dominique-Memmi\/dp\/2361955644\/ref=sr_1_3\" target=\"_blank\" rel=\"noopener noreferrer\">Compra online<\/a><\/div>\n<\/div>\n","protected":false},"excerpt":{"rendered":"<p>Ascoltare i suoni della Nuova Zelanda in una cabina telefonica ad Ajaccio, vedere un affresco dimenticato di Chagall in un<\/p>\n","protected":false},"featured_media":10195,"template":"","meta":[],"product_brand":[],"product_cat":[422,276],"product_tag":[],"class_list":{"0":"post-10189","1":"product","2":"type-product","3":"status-publish","4":"has-post-thumbnail","6":"product_cat-guide-insolite-e-segreta","7":"product_cat-italian-it","9":"first","10":"instock","11":"shipping-taxable","12":"product-type-simple"},"aioseo_notices":[],"_links":{"self":[{"href":"https:\/\/jonglezpublishing.com\/it\/wp-json\/wp\/v2\/product\/10189","targetHints":{"allow":["GET"]}}],"collection":[{"href":"https:\/\/jonglezpublishing.com\/it\/wp-json\/wp\/v2\/product"}],"about":[{"href":"https:\/\/jonglezpublishing.com\/it\/wp-json\/wp\/v2\/types\/product"}],"wp:featuredmedia":[{"embeddable":true,"href":"https:\/\/jonglezpublishing.com\/it\/wp-json\/wp\/v2\/media\/10195"}],"wp:attachment":[{"href":"https:\/\/jonglezpublishing.com\/it\/wp-json\/wp\/v2\/media?parent=10189"}],"wp:term":[{"taxonomy":"product_brand","embeddable":true,"href":"https:\/\/jonglezpublishing.com\/it\/wp-json\/wp\/v2\/product_brand?post=10189"},{"taxonomy":"product_cat","embeddable":true,"href":"https:\/\/jonglezpublishing.com\/it\/wp-json\/wp\/v2\/product_cat?post=10189"},{"taxonomy":"product_tag","embeddable":true,"href":"https:\/\/jonglezpublishing.com\/it\/wp-json\/wp\/v2\/product_tag?post=10189"}],"curies":[{"name":"wp","href":"https:\/\/api.w.org\/{rel}","templated":true}]}}