{"id":10200,"date":"2022-07-13T10:26:36","date_gmt":"2022-07-13T07:26:36","guid":{"rendered":"https:\/\/jonglezpublishing.com\/?post_type=product&#038;p=10200"},"modified":"2022-07-13T12:27:55","modified_gmt":"2022-07-13T09:27:55","slug":"torino-insolita-e-segreta","status":"publish","type":"product","link":"https:\/\/jonglezpublishing.com\/it\/prodotto\/torino-insolita-e-segreta\/","title":{"rendered":"TORINO INSOLITA E SEGRETA"},"content":{"rendered":"<p class=\"p1\">Dei dipinti che appaiono solo agli equinozi, il mobile pi\u00f9 bello del mondo, un orologio che non segna l&#8217;ora, il pi\u00f9 antico vigneto &#8220;metropolitano&#8221; d&#8217;Italia, un condominio trasformato in museo, la pietra che favorisce la fecondit\u00e0, segnali stradali immersi nel verde, un computer in legno e carta del 1831, la sala dove il Re d&#8217;Italia aspettava il treno, un&#8217;installazione artistica realizzata con i marmi provenienti dalla cappella della Santa Sindone, l&#8217;unica chiesa Liberty d&#8217;Italia, un affascinante viaggio alchemico verso la porta del paradiso taoista, una partita di calcetto su un tetto in centro citt\u00e0, un caff\u00e8 vietnamita in un giardino di bamb\u00f9, una fortezza sotterranea &#8220;pasticcio&#8221;, un giro in barca su un rivolo d&#8217;acqua all&#8217;interno di una collina, lo spirito di una strega di met\u00e0 Ottocento&#8230; Lontano dalla folla e dai luoghi comuni, Torino conserva tesori nascosti e luoghi insoliti che rivela solo ai suoi abitanti pi\u00f9 curiosi o ai visitatori che vogliono uscire dai percorsi pi\u00f9 battuti.<\/p>\n<p>&nbsp;<\/p>\n<p class=\"p1\"><span class=\"s1\"><b>Autori<\/b>: Andrea Fabrizio<br \/>\n<\/span><span class=\"s1\"><b>ISBN<\/b>:\u00a0<\/span>978-2361953294<br \/>\n<span class=\"s1\"><b>Prezzo<\/b>: \u20ac 17,05<br \/>\n<\/span><strong>Pagine<\/strong>: 304<br \/>\n<b>Formato<\/b>: 10.5 x 19 cm<br \/>\n<span class=\"s1\"><b>Contatto<\/b>: <a href=\"mailto:valerio@edizionijonglez.com?subject=\"><span class=\"s2\">valerio@edizionijonglez.com<\/span><\/a><\/span><\/p>\n<p>&nbsp;<\/p>\n<div class=\"buttons_cont\">\n<div class=\"button_cont\" align=\"center\"><a class=\"gv_product_btn\" href=\"https:\/\/jonglezpublishing.com\/wp-content\/uploads\/2022\/07\/9782361953294.jpg\" target=\"_blank\" rel=\"noopener noreferrer\">Scarica la copertina<\/a><\/div>\n<div class=\"button_cont\" align=\"center\"><a class=\"gv_product_btn\" href=\"https:\/\/jonglezpublishing.com\/wp-content\/uploads\/2022\/07\/Preview-Torino.pdf\" target=\"_blank\" rel=\"noopener noreferrer\">Leggi il PDF<\/a><\/div>\n<div class=\"button_cont\" align=\"center\"><a class=\"gv_product_btn\" href=\"https:\/\/www.amazon.it\/Torino-insolita-segreta-Fabrizio-Andrea\/dp\/2361953293\/ref=sr_1_1\" target=\"_blank\" rel=\"noopener noreferrer\">Compra online<\/a><\/div>\n<\/div>\n","protected":false},"excerpt":{"rendered":"<p>Dei dipinti che appaiono solo agli equinozi, il mobile pi\u00f9 bello del mondo, un orologio che non segna l&#8217;ora, il<\/p>\n","protected":false},"featured_media":10190,"template":"","meta":[],"product_brand":[],"product_cat":[422,276],"product_tag":[],"class_list":{"0":"post-10200","1":"product","2":"type-product","3":"status-publish","4":"has-post-thumbnail","6":"product_cat-guide-insolite-e-segreta","7":"product_cat-italian-it","9":"first","10":"instock","11":"shipping-taxable","12":"product-type-simple"},"aioseo_notices":[],"_links":{"self":[{"href":"https:\/\/jonglezpublishing.com\/it\/wp-json\/wp\/v2\/product\/10200","targetHints":{"allow":["GET"]}}],"collection":[{"href":"https:\/\/jonglezpublishing.com\/it\/wp-json\/wp\/v2\/product"}],"about":[{"href":"https:\/\/jonglezpublishing.com\/it\/wp-json\/wp\/v2\/types\/product"}],"wp:featuredmedia":[{"embeddable":true,"href":"https:\/\/jonglezpublishing.com\/it\/wp-json\/wp\/v2\/media\/10190"}],"wp:attachment":[{"href":"https:\/\/jonglezpublishing.com\/it\/wp-json\/wp\/v2\/media?parent=10200"}],"wp:term":[{"taxonomy":"product_brand","embeddable":true,"href":"https:\/\/jonglezpublishing.com\/it\/wp-json\/wp\/v2\/product_brand?post=10200"},{"taxonomy":"product_cat","embeddable":true,"href":"https:\/\/jonglezpublishing.com\/it\/wp-json\/wp\/v2\/product_cat?post=10200"},{"taxonomy":"product_tag","embeddable":true,"href":"https:\/\/jonglezpublishing.com\/it\/wp-json\/wp\/v2\/product_tag?post=10200"}],"curies":[{"name":"wp","href":"https:\/\/api.w.org\/{rel}","templated":true}]}}