{"id":10397,"date":"2022-09-22T13:32:53","date_gmt":"2022-09-22T10:32:53","guid":{"rendered":"https:\/\/jonglezpublishing.com\/product\/atlante-delle-curiosita-geografiche\/"},"modified":"2023-07-24T11:12:23","modified_gmt":"2023-07-24T08:12:23","slug":"atlante-delle-curiosita-geografiche","status":"publish","type":"product","link":"https:\/\/jonglezpublishing.com\/it\/prodotto\/atlante-delle-curiosita-geografiche\/","title":{"rendered":"ATLANTE DELLE CURIOSIT\u00c0 GEOGRAFICHE"},"content":{"rendered":"<div>Un paese che non esiste, un\u2019isola che \u00e8 spagnola per met\u00e0 dell\u2019anno e francese per l\u2019altra met\u00e0, una camera d\u2019albergo il cui letto \u00e8 in Francia e il bagno in Svizzera, uno dei pochi territori non reclamati del pianeta, l\u2019unico posto al mondo dove \u00e8 possibile attraversare il confine trenta volte in trenta punti diversi in meno di venti minuti, un territorio che appartiene alla Norvegia ma le cui risorse naturali possono essere sfruttate da qualunque nazione, una ferrovia in Germania che appartiene al Belgio, una stupefacente exclave italiana nel cuore della Svizzera, l\u2019unica organizzazione privata al mondo che ha i privilegi di una nazione, uno stato teocratico semiindipendente dove l\u2019ingresso \u00e8 proibito alle donne e agli animali di sesso femminile, come attraversare la Russia dalla Finlandia o dall\u2019Estonia senza visto, una stanza d\u2019albergo a Londra che divenne territorio jugoslavo per un giorno perch\u00e9 il principe Alessandro II potesse nascere nel proprio paese, una citt\u00e0 che si riduce a un grattacielo di 14 piani, la strada pi\u00f9 lunga del mondo, una penisola negli USA accessibile solo dal Canada e una valle in Austria accessibile solo dalla Germania&#8230;Il mondo \u00e8 pieno di anomalie geografiche poco conosciute che a volte generano tensioni diplomatiche, ma scoprire questi territori insoliti \u00e8 anche fonte di infinita meraviglia.<\/div>\n<div><\/div>\n<div><\/div>\n<p>&nbsp;<\/p>\n<p><span class=\"s1\"><b>AUTORE<\/b>: Vitali Vitaliev<br \/>\n<\/span><span class=\"s1\"><b>ISBN<\/b>: 978-2-36195-533-5<\/span><br \/>\n<span class=\"s1\"><b>PREZZO<\/b>: 25 \u20ac<br \/>\n<\/span><strong>PAGINE<\/strong>: <span class=\"s1\">160<\/span><br \/>\n<b>FORMATO<\/b>: 19<span class=\"s1\">\u00a0 x 26 cm<\/span><br \/>\n<span class=\"s1\"><b>CONTATTO<\/b>:\u00a0<a href=\"mailto:valerio@edizionijonglez.com?subject=\"><span class=\"s2\">valerio@edizionijonglez.com<\/span><\/a><\/span><\/p>\n<div class=\"buttons_cont\">\n<div class=\"button_cont\" align=\"center\">\n<div class=\"button_cont\" align=\"center\">\n<div class=\"button_cont\" align=\"center\"><a class=\"gv_product_btn\" href=\"https:\/\/jonglezpublishing.com\/wp-content\/uploads\/2022\/09\/Couv_IT-e1668715391301.jpg\" target=\"_blank\" rel=\"noopener\">Scarica la copertina<\/a><\/div>\n<div class=\"button_cont\" align=\"center\"><a class=\"gv_product_btn\" href=\"https:\/\/jonglezpublishing.com\/wp-content\/uploads\/2022\/11\/ATLAS_IT.pdf\" target=\"_blank\" rel=\"noopener\">Leggi il PDF<\/a><\/div>\n<div class=\"button_cont\" align=\"center\"><a class=\"gv_product_btn\" href=\"https:\/\/www.amazon.it\/Atlante-curiosit%C3%A0-geografiche-Vitali-Vitaliev\/dp\/2361955334\/ref=sr_1_1?__mk_it_IT=%C3%85M%C3%85%C5%BD%C3%95%C3%91&amp;crid=2PL0H61M5Z6OY&amp;keywords=ATLANTE+DELLE+CURIOSIT%C3%80+GEOGRAFICHE&amp;qid=1684936514&amp;sprefix=atlante+delle+curiosit%C3%A0+geografiche%2Caps%2C990&amp;sr=8-1\" target=\"_blank\" rel=\"noopener\">Compra online<\/a><\/div>\n<\/div>\n<\/div>\n<\/div>\n","protected":false},"excerpt":{"rendered":"<p>Un paese che non esiste, un\u2019isola che \u00e8 spagnola per met\u00e0 dell\u2019anno e francese per l\u2019altra met\u00e0, una camera d\u2019albergo<\/p>\n","protected":false},"featured_media":10403,"template":"","meta":[],"product_brand":[],"product_cat":[574,183,523,524,276],"product_tag":[],"class_list":{"0":"post-10397","1":"product","2":"type-product","3":"status-publish","4":"has-post-thumbnail","6":"product_cat-atlanti-delle-curiosita","7":"product_cat-english-it","8":"product_cat-french-it","9":"product_cat-german-it","10":"product_cat-italian-it","12":"first","13":"instock","14":"shipping-taxable","15":"product-type-simple"},"aioseo_notices":[],"_links":{"self":[{"href":"https:\/\/jonglezpublishing.com\/it\/wp-json\/wp\/v2\/product\/10397","targetHints":{"allow":["GET"]}}],"collection":[{"href":"https:\/\/jonglezpublishing.com\/it\/wp-json\/wp\/v2\/product"}],"about":[{"href":"https:\/\/jonglezpublishing.com\/it\/wp-json\/wp\/v2\/types\/product"}],"wp:featuredmedia":[{"embeddable":true,"href":"https:\/\/jonglezpublishing.com\/it\/wp-json\/wp\/v2\/media\/10403"}],"wp:attachment":[{"href":"https:\/\/jonglezpublishing.com\/it\/wp-json\/wp\/v2\/media?parent=10397"}],"wp:term":[{"taxonomy":"product_brand","embeddable":true,"href":"https:\/\/jonglezpublishing.com\/it\/wp-json\/wp\/v2\/product_brand?post=10397"},{"taxonomy":"product_cat","embeddable":true,"href":"https:\/\/jonglezpublishing.com\/it\/wp-json\/wp\/v2\/product_cat?post=10397"},{"taxonomy":"product_tag","embeddable":true,"href":"https:\/\/jonglezpublishing.com\/it\/wp-json\/wp\/v2\/product_tag?post=10397"}],"curies":[{"name":"wp","href":"https:\/\/api.w.org\/{rel}","templated":true}]}}