{"id":10771,"date":"2022-12-21T15:53:55","date_gmt":"2023-02-25T15:31:53","guid":{"rendered":"https:\/\/jonglezpublishing.com\/?post_type=product&#038;p=10771"},"modified":"2023-02-26T03:55:46","modified_gmt":"2023-02-26T01:55:46","slug":"londra-insolita-e-segreta-2","status":"publish","type":"product","link":"https:\/\/jonglezpublishing.com\/it\/prodotto\/londra-insolita-e-segreta-2\/","title":{"rendered":"LONDRA INSOLITA E SEGRETA"},"content":{"rendered":"<p>Dove si pu\u00f2 sbirciare nella tenda di Richard Burton? Che cosa \u00e8 successo a Bedlam? Dove si pu\u00f2 lodare Dio, comprare polpette e fare la sauna? Cosa c\u2019\u00e8 nella Casa dei Sogni? Dove si trovano i mostri a Trafalgar Square? Qual \u00e8 il trucco per un dimagrimento istantaneo?<\/p>\n<p>Londra insolita e segreta \u00e8 l\u2019originale e tuttora la migliore guida alternativa della citt\u00e0: non accettate imitazioni. Gli autori Rachel Howard e Bill Nash hanno girato per le strade di Londra, alla ricerca di luoghi nascosti, eccentrici e trascurati.<\/p>\n<p>Lontano dalle folle e dai soliti luoghi comuni, Londra riserva ancora un gran numero di tesori celati per chi voglia allontanarsi dai sentieri battuti.<\/p>\n<p><b>AUTORE<\/b>: RACHEL HOWARD E BILL NASH<br \/>\n<b>PAGINE<\/b>: 432<br \/>\n<b>FORMATO<\/b>: 10.5 x 19 cm<br \/>\n<b>ISBN<\/b>:<span class=\"Apple-converted-space\"> 978-2-36195-261-7<\/span><br \/>\n<b>PREZZO<\/b>: \u20ac 19,95<br \/>\n<b>CONTATTO<\/b>:\u00a0<a href=\"mailto:valerio@edizionijonglez.com\">valerio@edizionijonglez.com<\/a><\/p>\n<div class=\"buttons_cont\">\n<div class=\"button_cont\" align=\"center\"><a class=\"gv_product_btn\" href=\"https:\/\/jonglezpublishing.com\/wp-content\/uploads\/2023\/02\/Front-Cover_London_IT.jpg\" target=\"_blank\" rel=\"noopener\">Scarica la copertina<\/a><\/div>\n<div class=\"button_cont\" align=\"center\"><a class=\"gv_product_btn\" href=\"https:\/\/jonglezpublishing.com\/wp-content\/uploads\/2023\/02\/Preview-London_IT.pdf\" target=\"_blank\" rel=\"noopener\">Leggi il PDF<\/a><\/div>\n<div class=\"button_cont\" align=\"center\"><\/div>\n<\/div>\n<div class=\"buttons_cont\"><\/div>\n","protected":false},"excerpt":{"rendered":"<p>Dove si pu\u00f2 sbirciare nella tenda di Richard Burton? Che cosa \u00e8 successo a Bedlam? Dove si pu\u00f2 lodare Dio,<\/p>\n","protected":false},"featured_media":10772,"template":"","meta":[],"product_brand":[],"product_cat":[183,422],"product_tag":[],"class_list":{"0":"post-10771","1":"product","2":"type-product","3":"status-publish","4":"has-post-thumbnail","6":"product_cat-english-it","7":"product_cat-guide-insolite-e-segreta","9":"first","10":"instock","11":"shipping-taxable","12":"product-type-simple"},"aioseo_notices":[],"_links":{"self":[{"href":"https:\/\/jonglezpublishing.com\/it\/wp-json\/wp\/v2\/product\/10771","targetHints":{"allow":["GET"]}}],"collection":[{"href":"https:\/\/jonglezpublishing.com\/it\/wp-json\/wp\/v2\/product"}],"about":[{"href":"https:\/\/jonglezpublishing.com\/it\/wp-json\/wp\/v2\/types\/product"}],"wp:featuredmedia":[{"embeddable":true,"href":"https:\/\/jonglezpublishing.com\/it\/wp-json\/wp\/v2\/media\/10772"}],"wp:attachment":[{"href":"https:\/\/jonglezpublishing.com\/it\/wp-json\/wp\/v2\/media?parent=10771"}],"wp:term":[{"taxonomy":"product_brand","embeddable":true,"href":"https:\/\/jonglezpublishing.com\/it\/wp-json\/wp\/v2\/product_brand?post=10771"},{"taxonomy":"product_cat","embeddable":true,"href":"https:\/\/jonglezpublishing.com\/it\/wp-json\/wp\/v2\/product_cat?post=10771"},{"taxonomy":"product_tag","embeddable":true,"href":"https:\/\/jonglezpublishing.com\/it\/wp-json\/wp\/v2\/product_tag?post=10771"}],"curies":[{"name":"wp","href":"https:\/\/api.w.org\/{rel}","templated":true}]}}