{"id":11828,"date":"2023-10-12T10:09:20","date_gmt":"2023-10-12T14:21:56","guid":{"rendered":"https:\/\/jonglezpublishing.com\/?post_type=product&#038;p=11828"},"modified":"2023-10-18T11:21:22","modified_gmt":"2023-10-18T08:21:22","slug":"cinema-abbandonati-degli-stati-uniti","status":"publish","type":"product","link":"https:\/\/jonglezpublishing.com\/it\/prodotto\/cinema-abbandonati-degli-stati-uniti\/","title":{"rendered":"CINEMA ABBANDONATI DEGLI STATI UNITI"},"content":{"rendered":"<p>Oggi le sale cinematografiche si sono trasformate per lo pi\u00f9 in luoghi molto banali, ma non \u00e8 sempre stato cos\u00ec. Quando i grandi \u201cpalazzi del cinema\u201d americani vennero costruiti, agli inizi del XX secolo, erano tra gli edifici pi\u00f9 lussuosi dell\u2019epoca. Alcuni decenni pi\u00f9 tardi, il rapido sviluppo della television avrebbe per\u00f2 reso la loro gestione sempre meno redditizia. Alcuni di essi vennero allora demoliti, altri riconvertiti e altri ancora vennero abbandonati. \u00c8 proprio a quest\u2019ultima categoria che \u00e8 dedicato Cinema abbandonati degli Stati Uniti. Presentando ci\u00f2 che resta di questi edifici dismessi, questo libro rappresenta una testimonianza commovente dei sontuosi \u201cpalazzi del cinema\u201d di un tempo.<\/p>\n<p>&nbsp;<\/p>\n<p><b>AUTORE:<\/b>Matt Lambros<br \/>\n<b>PAGINE<\/b>: 240<br \/>\n<b>FORMATO<\/b>: 290x235mm<br \/>\n<b>ISBN<\/b>: 978-2-36195-708-7<br \/>\n<b>PREZZO<\/b>: 39,95 \u20ac &#8211; 39.95 $<span class=\"Apple-converted-space\"><br \/>\n<\/span><b>CONTATTO<\/b>:\u00a0<a href=\"mailto:valerio@edizionijonglez.com?subject=\">valerio@edizionijonglez.com<\/a><\/p>\n<div class=\"buttons_cont\">\n<div class=\"button_cont\" align=\"center\"><a class=\"gv_product_btn\" href=\"https:\/\/jonglezpublishing.com\/wp-content\/uploads\/2023\/10\/Couv_cine\u2560uUSA_2023_IT-scaled.jpg\" target=\"_blank\" rel=\"noopener\">Scarica la copertina<\/a><\/div>\n<div class=\"button_cont\" align=\"center\"><a class=\"gv_product_btn\" href=\"https:\/\/jonglezpublishing.com\/wp-content\/uploads\/2023\/10\/PREVIEW-Cinemas_abandonnes_US_IT.pdf\" target=\"_blank\" rel=\"noopener\">Leggi il PDF<\/a><\/div>\n<div class=\"button_cont\" align=\"center\"><a class=\"gv_product_btn\" href=\"https:\/\/www.amazon.fr\/Cinema-Abbandonati-Degli-Stati-Uniti\/dp\/2361957086\/ref=sr_1_1?__mk_fr_FR=%C3%85M%C3%85%C5%BD%C3%95%C3%91&amp;crid=2ILFOZ5BJMF4A&amp;keywords=CINEMA+ABBANDONATI+DEGLI+STATI+UNITI&amp;qid=1697120091&amp;sprefix=cinema+abbandonati+degli+stati+uniti%2Caps%2C387&amp;sr=8-1\" target=\"_blank\" rel=\"noopener\">Compra online<\/a><\/div>\n<\/div>\n","protected":false},"excerpt":{"rendered":"<p>Oggi le sale cinematografiche si sono trasformate per lo pi\u00f9 in luoghi molto banali, ma non \u00e8 sempre stato cos\u00ec.<\/p>\n","protected":false},"featured_media":11834,"template":"","meta":[],"product_brand":[],"product_cat":[],"product_tag":[],"class_list":{"0":"post-11828","1":"product","2":"type-product","3":"status-publish","4":"has-post-thumbnail","7":"first","8":"instock","9":"shipping-taxable","10":"product-type-simple"},"aioseo_notices":[],"_links":{"self":[{"href":"https:\/\/jonglezpublishing.com\/it\/wp-json\/wp\/v2\/product\/11828","targetHints":{"allow":["GET"]}}],"collection":[{"href":"https:\/\/jonglezpublishing.com\/it\/wp-json\/wp\/v2\/product"}],"about":[{"href":"https:\/\/jonglezpublishing.com\/it\/wp-json\/wp\/v2\/types\/product"}],"wp:featuredmedia":[{"embeddable":true,"href":"https:\/\/jonglezpublishing.com\/it\/wp-json\/wp\/v2\/media\/11834"}],"wp:attachment":[{"href":"https:\/\/jonglezpublishing.com\/it\/wp-json\/wp\/v2\/media?parent=11828"}],"wp:term":[{"taxonomy":"product_brand","embeddable":true,"href":"https:\/\/jonglezpublishing.com\/it\/wp-json\/wp\/v2\/product_brand?post=11828"},{"taxonomy":"product_cat","embeddable":true,"href":"https:\/\/jonglezpublishing.com\/it\/wp-json\/wp\/v2\/product_cat?post=11828"},{"taxonomy":"product_tag","embeddable":true,"href":"https:\/\/jonglezpublishing.com\/it\/wp-json\/wp\/v2\/product_tag?post=11828"}],"curies":[{"name":"wp","href":"https:\/\/api.w.org\/{rel}","templated":true}]}}